{"id":940,"date":"2018-03-12T13:03:07","date_gmt":"2018-03-12T16:03:07","guid":{"rendered":"http:\/\/www.encontragoiania.com.br\/sobre\/?page_id=940"},"modified":"2018-03-19T15:56:51","modified_gmt":"2018-03-19T18:56:51","slug":"gier-goiania","status":"publish","type":"page","link":"https:\/\/www.encontragoiania.com.br\/sobre\/gier-goiania\/","title":{"rendered":"Gier Goi\u00e2nia"},"content":{"rendered":"<div class=\"196752fdcd61442359b13893514e4d90\" data-index=\"1\" style=\"float: none; margin:0px;\">\n<!-- Anuncio display - global -->\r\n<ins class=\"adsbygoogle\"\r\n     style=\"display:block\"\r\n     data-ad-client=\"ca-pub-8585364105181520\"\r\n     data-ad-slot=\"8789329856\"\r\n     data-ad-format=\"auto\"\r\n     data-full-width-responsive=\"true\"><\/ins>\r\n<script>\r\n     (adsbygoogle = window.adsbygoogle || []).push({});\r\n<\/script>\n<\/div>\n<p>Gier completa a gest\u00e3o integrada da educa\u00e7\u00e3o promovendo o ensino eficiente e humanizado. Conhe\u00e7a a <strong>Gier Goi\u00e2nia.<\/strong><\/p>\n<p><img loading=\"lazy\" decoding=\"async\" class=\"alignnone wp-image-972 size-full\" title=\"Gier Goi\u00e2nia\" src=\"http:\/\/www.encontragoiania.com.br\/sobre\/wp-content\/uploads\/2018\/03\/gier-goiania.gif\" alt=\"Gier Goi\u00e2nia\" width=\"680\" height=\"189\" \/><\/p>\n<p>A Gier acompanha o educador em todos os processos e orienta a registrar no sistema toda mat\u00e9ria dada em sala de aula, bem como as atividades extras. O compartilhamento dessas informa\u00e7\u00f5es, atrav\u00e9s do nosso Portal de relacionamento on-line, estabelece um compromisso por parte dos respons\u00e1veis em acompanhar o cumprimento das tarefas. Ele funciona como uma rede social de cada unidade escolar, onde pais, professores e alunos podem se comunicar facilmente atrav\u00e9s de mensagens, estreitando essas rela\u00e7\u00f5es para al\u00e9m do ambiente escolar.<\/p>\n<h2>Gier\u00a0Goi\u00e2nia Matr\u00edcula<\/h2>\n<p>Para mais informa\u00e7\u00f5es sobre as datas de matr\u00edcula fique atento ao site ou entre em contato pelo telefone. Para <em>matr\u00edcula<\/em> s\u00e3o necess\u00e1rios os seguintes documentos:<\/p>\n<ul class=\"list-unstyled list-informacoes\">\n<li>Certid\u00e3o de Nascimento.<\/li>\n<li><i class=\"glyphicon glyphicon-ok fonteVerdeLimao\"><\/i>\u00a0Comprovante de Endere\u00e7o;<\/li>\n<li><i class=\"glyphicon glyphicon-ok fonteVerdeLimao\"><\/i>\u00a0Cart\u00e3o de Vacina\u00e7\u00e3o;<\/li>\n<li><i class=\"glyphicon glyphicon-ok fonteVerdeLimao\"><\/i>\u00a0Identidade do Aluno ou Respons\u00e1vel;<\/li>\n<li><i class=\"glyphicon glyphicon-ok fonteVerdeLimao\"><\/i>\u00a0CPF do Aluno ou Respons\u00e1vel;<\/li>\n<li><i class=\"glyphicon glyphicon-ok fonteVerdeLimao\"><\/i>\u00a0Declara\u00e7\u00e3o de Transfer\u00eancia, quando necess\u00e1rio<\/li>\n<\/ul>\n<h3>Hor\u00e1rio de Funcionamento\u00a0Gier em Goi\u00e2nia<\/h3>\n<ul>\n<li>Segunda a Sexta das 08h \u00e0s 17h<\/li>\n<\/ul>\n<h3>Endere\u00e7o e Telefone\u00a0Gier em Goi\u00e2nia<\/h3>\n<ul>\n<li>Telefone: (62) 3524-7310<\/li>\n<\/ul>\n<h3>Outras informa\u00e7\u00f5es e site<\/h3>\n<ul>\n<li>Mais informa\u00e7\u00f5es:\u00a0<a href=\"http:\/\/www.gier.com.br\/index.html\" target=\"_blank\" rel=\"noopener noreferrer\">www.gier.com.br<\/a><\/li>\n<li>E-mail:\u00a0giespp@giespp.com.br<\/li>\n<\/ul>\n\n<div style=\"font-size: 0px; height: 0px; line-height: 0px; margin: 0; padding: 0; clear: both;\"><\/div>","protected":false},"excerpt":{"rendered":"<p>Gier completa a gest\u00e3o integrada da educa\u00e7\u00e3o promovendo o ensino eficiente e humanizado. Conhe\u00e7a a Gier Goi\u00e2nia. A Gier acompanha o educador em todos os processos e orienta a registrar no sistema toda mat\u00e9ria dada em sala de aula, bem como as atividades extras. O compartilhamento dessas informa\u00e7\u00f5es, atrav\u00e9s do nosso Portal de relacionamento on-line, estabelece um compromisso por parte dos respons\u00e1veis em acompanhar o cumprimento das tarefas. Ele funciona como uma rede social de cada unidade escolar, onde pais, professores e alunos podem se comunicar facilmente atrav\u00e9s de mensagens, estreitando essas rela\u00e7\u00f5es para al\u00e9m do ambiente escolar. Gier\u00a0Goi\u00e2nia Matr\u00edcula <\/p>\n","protected":false},"author":1,"featured_media":0,"parent":0,"menu_order":0,"comment_status":"closed","ping_status":"closed","template":"","meta":{"footnotes":""},"class_list":["post-940","page","type-page","status-publish","hentry"],"aioseo_notices":[],"_links":{"self":[{"href":"https:\/\/www.encontragoiania.com.br\/sobre\/wp-json\/wp\/v2\/pages\/940","targetHints":{"allow":["GET"]}}],"collection":[{"href":"https:\/\/www.encontragoiania.com.br\/sobre\/wp-json\/wp\/v2\/pages"}],"about":[{"href":"https:\/\/www.encontragoiania.com.br\/sobre\/wp-json\/wp\/v2\/types\/page"}],"author":[{"embeddable":true,"href":"https:\/\/www.encontragoiania.com.br\/sobre\/wp-json\/wp\/v2\/users\/1"}],"replies":[{"embeddable":true,"href":"https:\/\/www.encontragoiania.com.br\/sobre\/wp-json\/wp\/v2\/comments?post=940"}],"version-history":[{"count":0,"href":"https:\/\/www.encontragoiania.com.br\/sobre\/wp-json\/wp\/v2\/pages\/940\/revisions"}],"wp:attachment":[{"href":"https:\/\/www.encontragoiania.com.br\/sobre\/wp-json\/wp\/v2\/media?parent=940"}],"curies":[{"name":"wp","href":"https:\/\/api.w.org\/{rel}","templated":true}]}}