{"id":920,"date":"2018-03-09T14:00:03","date_gmt":"2018-03-09T17:00:03","guid":{"rendered":"http:\/\/www.encontragoiania.com.br\/sobre\/?page_id=920"},"modified":"2018-03-09T14:01:06","modified_gmt":"2018-03-09T17:01:06","slug":"saneago-goiania","status":"publish","type":"page","link":"https:\/\/www.encontragoiania.com.br\/sobre\/saneago-goiania\/","title":{"rendered":"Saneago Goi\u00e2nia"},"content":{"rendered":"<div class=\"196752fdcd61442359b13893514e4d90\" data-index=\"1\" style=\"float: none; margin:0px;\">\n<!-- Anuncio display - global -->\r\n<ins class=\"adsbygoogle\"\r\n     style=\"display:block\"\r\n     data-ad-client=\"ca-pub-8585364105181520\"\r\n     data-ad-slot=\"8789329856\"\r\n     data-ad-format=\"auto\"\r\n     data-full-width-responsive=\"true\"><\/ins>\r\n<script>\r\n     (adsbygoogle = window.adsbygoogle || []).push({});\r\n<\/script>\n<\/div>\n<p>A trajet\u00f3ria da <strong>Saneago Goi\u00e2nia<\/strong> confunde-se com a pr\u00f3pria hist\u00f3ria do saneamento em Goi\u00e1s. Pautada pelo objetivo de levar \u00e1gua tratada, coleta e tratamento de esgoto para todos, a empresa foi fundada no ano de 1967, com origem na\u00a0Lei Estadual n\u00ba 6680\/67. Desde ent\u00e3o, expandiu constantemente a presen\u00e7a no estado<\/p>\n<p><img loading=\"lazy\" decoding=\"async\" class=\"alignnone wp-image-921 size-full\" title=\"Saneago Goi\u00e2nia\" src=\"http:\/\/www.encontragoiania.com.br\/sobre\/wp-content\/uploads\/2018\/03\/saneago-goiania.gif\" alt=\"Saneago Goi\u00e2nia\" width=\"680\" height=\"189\" \/><\/p>\n<p>A partir de\u00a01969, as atribui\u00e7\u00f5es de estudos e projetos, constru\u00e7\u00e3o de sistemas de abastecimento de \u00e1gua e de esgotamento sanit\u00e1rio, bem como a opera\u00e7\u00e3o e a manuten\u00e7\u00e3o dos sistemas implantados em Goi\u00e1s, passaram a ser da Saneago. Hoje, a empresa opera em 225 munic\u00edpios e registra \u00edndices de atendimento de 96% para \u00e1gua e 51,9% para esgoto.<\/p>\n<h3>Hor\u00e1rio de Funcionamento Saneago em Goi\u00e2nia<\/h3>\n<ul>\n<li>Segunda a Sexta das 08h \u00e0s 17h<\/li>\n<\/ul>\n<h3>Endere\u00e7o e Telefone\u00a0Saneago em Goi\u00e2nia<\/h3>\n<ul>\n<li>Av. Fued Jos\u00e9 Sebba, 1245 &#8211;\u00a0Jardim Goi\u00e1s &#8211; Goi\u00e2nia &#8211; GO<\/li>\n<li>Telefone:\u00a00800 645 01 15<\/li>\n<\/ul>\n<h3>Outras informa\u00e7\u00f5es e site<\/h3>\n<ul>\n<li>Mais informa\u00e7\u00f5es:\u00a0<a href=\"http:\/\/www.saneago.com.br\/2016\/#home\" target=\"_blank\" rel=\"noopener noreferrer\">www.saneago.com.br<\/a><\/li>\n<\/ul>\n<h4>Mapa de localiza\u00e7\u00e3o<\/h4>\n<a class=\"wp-colorbox-iframe\" href=\"https:\/\/www.google.com\/maps\/embed?pb=!1m18!1m12!1m3!1d3821.6156678040843!2d-49.23426908513328!3d-16.696105088496267!2m3!1f0!2f0!3f0!3m2!1i1024!2i768!4f13.1!3m3!1m2!1s0x935ef1ba9f3c5ea50xb43222ca4e78868d!2sAv.+Fued+Jos+Sebba+1245+-+Jardim+Gois+Goinia+-+GO!5e0!3m2!1spt-BR!2sbr!4v1520614553970\"><img decoding=\"async\" src=\"http:\/\/www.encontragoiania.com.br\/imgs\/maps-post.png\"><\/a>\n\n<div style=\"font-size: 0px; height: 0px; line-height: 0px; margin: 0; padding: 0; clear: both;\"><\/div>","protected":false},"excerpt":{"rendered":"<p>A trajet\u00f3ria da Saneago Goi\u00e2nia confunde-se com a pr\u00f3pria hist\u00f3ria do saneamento em Goi\u00e1s. Pautada pelo objetivo de levar \u00e1gua tratada, coleta e tratamento de esgoto para todos, a empresa foi fundada no ano de 1967, com origem na\u00a0Lei Estadual n\u00ba 6680\/67. Desde ent\u00e3o, expandiu constantemente a presen\u00e7a no estado A partir de\u00a01969, as atribui\u00e7\u00f5es de estudos e projetos, constru\u00e7\u00e3o de sistemas de abastecimento de \u00e1gua e de esgotamento sanit\u00e1rio, bem como a opera\u00e7\u00e3o e a manuten\u00e7\u00e3o dos sistemas implantados em Goi\u00e1s, passaram a ser da Saneago. Hoje, a empresa opera em 225 munic\u00edpios e registra \u00edndices de atendimento de <\/p>\n","protected":false},"author":1,"featured_media":0,"parent":0,"menu_order":0,"comment_status":"closed","ping_status":"closed","template":"","meta":{"footnotes":""},"class_list":["post-920","page","type-page","status-publish","hentry"],"aioseo_notices":[],"_links":{"self":[{"href":"https:\/\/www.encontragoiania.com.br\/sobre\/wp-json\/wp\/v2\/pages\/920","targetHints":{"allow":["GET"]}}],"collection":[{"href":"https:\/\/www.encontragoiania.com.br\/sobre\/wp-json\/wp\/v2\/pages"}],"about":[{"href":"https:\/\/www.encontragoiania.com.br\/sobre\/wp-json\/wp\/v2\/types\/page"}],"author":[{"embeddable":true,"href":"https:\/\/www.encontragoiania.com.br\/sobre\/wp-json\/wp\/v2\/users\/1"}],"replies":[{"embeddable":true,"href":"https:\/\/www.encontragoiania.com.br\/sobre\/wp-json\/wp\/v2\/comments?post=920"}],"version-history":[{"count":0,"href":"https:\/\/www.encontragoiania.com.br\/sobre\/wp-json\/wp\/v2\/pages\/920\/revisions"}],"wp:attachment":[{"href":"https:\/\/www.encontragoiania.com.br\/sobre\/wp-json\/wp\/v2\/media?parent=920"}],"curies":[{"name":"wp","href":"https:\/\/api.w.org\/{rel}","templated":true}]}}