{"id":736,"date":"2018-02-13T11:35:23","date_gmt":"2018-02-13T13:35:23","guid":{"rendered":"http:\/\/www.encontragoiania.com.br\/sobre\/?page_id=736"},"modified":"2018-02-13T11:35:31","modified_gmt":"2018-02-13T13:35:31","slug":"itego-goiania","status":"publish","type":"page","link":"https:\/\/www.encontragoiania.com.br\/sobre\/itego-goiania\/","title":{"rendered":"Itego Goi\u00e2nia"},"content":{"rendered":"<div class=\"196752fdcd61442359b13893514e4d90\" data-index=\"1\" style=\"float: none; margin:0px;\">\n<!-- Anuncio display - global -->\r\n<ins class=\"adsbygoogle\"\r\n     style=\"display:block\"\r\n     data-ad-client=\"ca-pub-8585364105181520\"\r\n     data-ad-slot=\"8789329856\"\r\n     data-ad-format=\"auto\"\r\n     data-full-width-responsive=\"true\"><\/ins>\r\n<script>\r\n     (adsbygoogle = window.adsbygoogle || []).push({});\r\n<\/script>\n<\/div>\n<p>O Instituto Tecnol\u00f3gico Sebasti\u00e3o de Siqueira,\u00a0<strong>Itego Goi\u00e2nia,<\/strong>\u00a0\u00e9 institui\u00e7\u00e3o p\u00fablica da rede estadual de ensino jurisdicionada \u00e0 Secretaria de Desenvolvimento (SED).<\/p>\n<p><span style=\"color: #ff0000;\"><img loading=\"lazy\" decoding=\"async\" class=\"alignnone wp-image-737 size-full\" title=\"Itego Goi\u00e2nia\" src=\"http:\/\/www.encontragoiania.com.br\/sobre\/wp-content\/uploads\/2018\/02\/itego-goiania.gif\" alt=\"Itego Goi\u00e2nia\" width=\"680\" height=\"189\" \/><\/span><\/p>\n<h2>Itego\u00a0Goi\u00e2nia Cursos<\/h2>\n<p>A Itego Goi\u00e2nia conta com os seguintes <em>cursos:<\/em><\/p>\n<ul>\n<li>Porteiro<\/li>\n<li>Escrita Fiscal<\/li>\n<li>Cuidador de Idosos<\/li>\n<li>Libras I e II<\/li>\n<li>Arte de Falar em P\u00fablico<\/li>\n<li>Introdu\u00e7\u00e3o \u00e0 Contabilidade<\/li>\n<li>Inform\u00e1tica<\/li>\n<\/ul>\n<h3>Hor\u00e1rio de Funcionamento\u00a0Itego em Goi\u00e2nia<\/h3>\n<ul>\n<li>Segunda a Sexta das 08h \u00e0s 18h<\/li>\n<\/ul>\n<h3>Endere\u00e7o e Telefone\u00a0Itego em Goi\u00e2nia<\/h3>\n<ul>\n<li>Av. Alexandre de Moraes, 450 &#8211; Parque Amazonia &#8211; Goi\u00e2nia &#8211; GO<\/li>\n<li>Telefone: (62)\u00a03201-3939<\/li>\n<\/ul>\n<h3>Outras informa\u00e7\u00f5es e site<\/h3>\n<ul>\n<li>Mais informa\u00e7\u00f5es:\u00a0<a href=\"https:\/\/www.facebook.com\/pages\/ITEGO-Instituto-Tecnol%C3%B3gico-do-Estado-de-Goi%C3%A1s-Sebasti%C3%A3o-de-Siqueira\/917589064996605\" target=\"_blank\" rel=\"noopener noreferrer\">www.facebook.com\/pages\/ITEGO-Instituto-Tecnol%C3%B3gico-do-Estado-de-Goi%C3%A1s-Sebasti%C3%A3o-de-Siqueira\/917589064996605<\/a><\/li>\n<\/ul>\n<h4>Mapa de localiza\u00e7\u00e3o<\/h4>\n<a class=\"wp-colorbox-iframe\" href=\"https:\/\/www.google.com\/maps\/embed?pb=!1m14!1m8!1m3!1d15282.83637721113!2d-49.279164!3d-16.7413607!3m2!1i1024!2i768!4f13.1!3m3!1m2!1s0x00x461f7efee2664140!2sITEGO+SEBASTIO+DE+SIQUEIRA!5e0!3m2!1spt-BR!2sbr!4v1518528890296\"><img decoding=\"async\" src=\"http:\/\/www.encontragoiania.com.br\/imgs\/maps-post.png\"><\/a>\n\n<div style=\"font-size: 0px; height: 0px; line-height: 0px; margin: 0; padding: 0; clear: both;\"><\/div>","protected":false},"excerpt":{"rendered":"<p>O Instituto Tecnol\u00f3gico Sebasti\u00e3o de Siqueira,\u00a0Itego Goi\u00e2nia,\u00a0\u00e9 institui\u00e7\u00e3o p\u00fablica da rede estadual de ensino jurisdicionada \u00e0 Secretaria de Desenvolvimento (SED). Itego\u00a0Goi\u00e2nia Cursos A Itego Goi\u00e2nia conta com os seguintes cursos: Porteiro Escrita Fiscal Cuidador de Idosos Libras I e II Arte de Falar em P\u00fablico Introdu\u00e7\u00e3o \u00e0 Contabilidade Inform\u00e1tica Hor\u00e1rio de Funcionamento\u00a0Itego em Goi\u00e2nia Segunda a Sexta das 08h \u00e0s 18h Endere\u00e7o e Telefone\u00a0Itego em Goi\u00e2nia Av. Alexandre de Moraes, 450 &#8211; Parque Amazonia &#8211; Goi\u00e2nia &#8211; GO Telefone: (62)\u00a03201-3939 Outras informa\u00e7\u00f5es e site Mais informa\u00e7\u00f5es:\u00a0www.facebook.com\/pages\/ITEGO-Instituto-Tecnol%C3%B3gico-do-Estado-de-Goi%C3%A1s-Sebasti%C3%A3o-de-Siqueira\/917589064996605 Mapa de localiza\u00e7\u00e3o<\/p>\n","protected":false},"author":1,"featured_media":0,"parent":0,"menu_order":0,"comment_status":"closed","ping_status":"closed","template":"","meta":{"footnotes":""},"class_list":["post-736","page","type-page","status-publish","hentry"],"aioseo_notices":[],"_links":{"self":[{"href":"https:\/\/www.encontragoiania.com.br\/sobre\/wp-json\/wp\/v2\/pages\/736","targetHints":{"allow":["GET"]}}],"collection":[{"href":"https:\/\/www.encontragoiania.com.br\/sobre\/wp-json\/wp\/v2\/pages"}],"about":[{"href":"https:\/\/www.encontragoiania.com.br\/sobre\/wp-json\/wp\/v2\/types\/page"}],"author":[{"embeddable":true,"href":"https:\/\/www.encontragoiania.com.br\/sobre\/wp-json\/wp\/v2\/users\/1"}],"replies":[{"embeddable":true,"href":"https:\/\/www.encontragoiania.com.br\/sobre\/wp-json\/wp\/v2\/comments?post=736"}],"version-history":[{"count":0,"href":"https:\/\/www.encontragoiania.com.br\/sobre\/wp-json\/wp\/v2\/pages\/736\/revisions"}],"wp:attachment":[{"href":"https:\/\/www.encontragoiania.com.br\/sobre\/wp-json\/wp\/v2\/media?parent=736"}],"curies":[{"name":"wp","href":"https:\/\/api.w.org\/{rel}","templated":true}]}}