{"id":714,"date":"2018-02-08T21:18:29","date_gmt":"2018-02-08T23:18:29","guid":{"rendered":"http:\/\/www.encontragoiania.com.br\/sobre\/?page_id=714"},"modified":"2018-02-08T21:25:45","modified_gmt":"2018-02-08T23:25:45","slug":"catedral-metropolitana-de-goiania","status":"publish","type":"page","link":"https:\/\/www.encontragoiania.com.br\/sobre\/catedral-metropolitana-de-goiania\/","title":{"rendered":"Catedral Metropolitana de Goi\u00e2nia"},"content":{"rendered":"<div class=\"196752fdcd61442359b13893514e4d90\" data-index=\"1\" style=\"float: none; margin:0px;\">\n<!-- Anuncio display - global -->\r\n<ins class=\"adsbygoogle\"\r\n     style=\"display:block\"\r\n     data-ad-client=\"ca-pub-8585364105181520\"\r\n     data-ad-slot=\"8789329856\"\r\n     data-ad-format=\"auto\"\r\n     data-full-width-responsive=\"true\"><\/ins>\r\n<script>\r\n     (adsbygoogle = window.adsbygoogle || []).push({});\r\n<\/script>\n<\/div>\n<p>O Decreto da cria\u00e7\u00e3o da Par\u00f3quia de Nossa Senhora Auxiliadora de Goi\u00e2nia, foi expedido pela C\u00faria Arquidiocesana de Santa\u2019Ana de Goi\u00e1s, em 22 de dezembro de 1937, sendo nomeados respectivamente vig\u00e1rio e coadjutor os Revmos. C\u00f4nego Abel Ribeiro (primeiro vig\u00e1rio) e padre Francisco de Sales Peclat, cujas provis\u00f5es se datam de 22 de dezembro de 1937.<\/p>\n<p>A <strong>Catedral Metropolitana de Goi\u00e2nia<\/strong>, a primeira de Goi\u00e2nia, que tamb\u00e9m \u00e9 o primeiro templo religioso da nova capital do estado,<\/p>\n<p><img loading=\"lazy\" decoding=\"async\" class=\"alignnone wp-image-716 size-full\" title=\"Catedral Metropolitana de Goi\u00e2nia\" src=\"http:\/\/www.encontragoiania.com.br\/sobre\/wp-content\/uploads\/2018\/02\/catedral-metropolitana-de-goiania.gif\" alt=\"Catedral Metropolitana de Goi\u00e2nia\" width=\"680\" height=\"189\" \/><\/p>\n<p>recebeu cerim\u00f4nia da b\u00ean\u00e7\u00e3o no dia 24 de dezembro de 1937e teve noven\u00e1rio e missa presidida pelo padre Peclat.\u00a0 A Comiss\u00e3o Organizadora dos festejos foi presidida pela Exma. Sra. Gersina Borges Teixeira. Seus primeiros dirigentes foram o c\u00f4nego Abel Ribeiro e o padre Peclat.<em><br \/>\n<\/em><\/p>\n<h2>Catedral Metropolitana de\u00a0Goi\u00e2nia Hor\u00e1rio de Confiss\u00f5es<\/h2>\n<p>Para maiores informa\u00e7\u00f5es sobre os <em>hor\u00e1rios de confiss\u00f5es<\/em> entre em contato com a secretaria paroquial pelo telefone.<\/p>\n<h3>Hor\u00e1rio de Funcionamento\u00a0Catedral Metropolitana\u00a0em Goi\u00e2nia<\/h3>\n<ul>\n<li>Ter\u00e7a a S\u00e1bado\u00a0das 08h \u00e0s 17h<\/li>\n<\/ul>\n<h3>Endere\u00e7o e Telefone\u00a0Catedral Metropolitana em Goi\u00e2nia<\/h3>\n<ul>\n<li>Pra\u00e7a Dom Emanuel, S\/N &#8211; St. Central &#8211; Goi\u00e2nia &#8211; GO<\/li>\n<li>Telefone: (62)\u00a03223-4581<\/li>\n<\/ul>\n<h3>Outras informa\u00e7\u00f5es e site<\/h3>\n<ul>\n<li>Mais informa\u00e7\u00f5es:\u00a0<a href=\"http:\/\/www.catedralgo.org.br\" target=\"_blank\" rel=\"noopener noreferrer\">www.catedralgo.org.br<\/a><\/li>\n<li>E-mail:\u00a0contato@catedralgo.org.br<\/li>\n<\/ul>\n<h4>Mapa de localiza\u00e7\u00e3o<\/h4>\n<a class=\"wp-colorbox-iframe\" href=\"https:\/\/www.google.com\/maps\/embed?pb=!1m14!1m8!1m3!1d15287.808059842422!2d-49.2535784!3d-16.6792845!3m2!1i1024!2i768!4f13.1!3m3!1m2!1s0x00x8d7474e68e798dea!2sCatedral+Metropolitana+de+Goinia!5e0!3m2!1spt-BR!2sbr!4v1518131851897\"><img decoding=\"async\" src=\"http:\/\/www.encontragoiania.com.br\/imgs\/maps-post.png\"><\/a>\n\n<div style=\"font-size: 0px; height: 0px; line-height: 0px; margin: 0; padding: 0; clear: both;\"><\/div>","protected":false},"excerpt":{"rendered":"<p>O Decreto da cria\u00e7\u00e3o da Par\u00f3quia de Nossa Senhora Auxiliadora de Goi\u00e2nia, foi expedido pela C\u00faria Arquidiocesana de Santa\u2019Ana de Goi\u00e1s, em 22 de dezembro de 1937, sendo nomeados respectivamente vig\u00e1rio e coadjutor os Revmos. C\u00f4nego Abel Ribeiro (primeiro vig\u00e1rio) e padre Francisco de Sales Peclat, cujas provis\u00f5es se datam de 22 de dezembro de 1937. A Catedral Metropolitana de Goi\u00e2nia, a primeira de Goi\u00e2nia, que tamb\u00e9m \u00e9 o primeiro templo religioso da nova capital do estado, recebeu cerim\u00f4nia da b\u00ean\u00e7\u00e3o no dia 24 de dezembro de 1937e teve noven\u00e1rio e missa presidida pelo padre Peclat.\u00a0 A Comiss\u00e3o Organizadora dos <\/p>\n","protected":false},"author":1,"featured_media":0,"parent":0,"menu_order":0,"comment_status":"closed","ping_status":"closed","template":"","meta":{"footnotes":""},"class_list":["post-714","page","type-page","status-publish","hentry"],"aioseo_notices":[],"_links":{"self":[{"href":"https:\/\/www.encontragoiania.com.br\/sobre\/wp-json\/wp\/v2\/pages\/714","targetHints":{"allow":["GET"]}}],"collection":[{"href":"https:\/\/www.encontragoiania.com.br\/sobre\/wp-json\/wp\/v2\/pages"}],"about":[{"href":"https:\/\/www.encontragoiania.com.br\/sobre\/wp-json\/wp\/v2\/types\/page"}],"author":[{"embeddable":true,"href":"https:\/\/www.encontragoiania.com.br\/sobre\/wp-json\/wp\/v2\/users\/1"}],"replies":[{"embeddable":true,"href":"https:\/\/www.encontragoiania.com.br\/sobre\/wp-json\/wp\/v2\/comments?post=714"}],"version-history":[{"count":0,"href":"https:\/\/www.encontragoiania.com.br\/sobre\/wp-json\/wp\/v2\/pages\/714\/revisions"}],"wp:attachment":[{"href":"https:\/\/www.encontragoiania.com.br\/sobre\/wp-json\/wp\/v2\/media?parent=714"}],"curies":[{"name":"wp","href":"https:\/\/api.w.org\/{rel}","templated":true}]}}