{"id":700,"date":"2018-02-08T10:52:49","date_gmt":"2018-02-08T12:52:49","guid":{"rendered":"http:\/\/www.encontragoiania.com.br\/sobre\/?page_id=700"},"modified":"2018-12-31T06:10:53","modified_gmt":"2018-12-31T08:10:53","slug":"goiania-shopping","status":"publish","type":"page","link":"https:\/\/www.encontragoiania.com.br\/sobre\/goiania-shopping\/","title":{"rendered":"Goi\u00e2nia Shopping"},"content":{"rendered":"<div class=\"196752fdcd61442359b13893514e4d90\" data-index=\"1\" style=\"float: none; margin:0px;\">\n<!-- Anuncio display - global -->\r\n<ins class=\"adsbygoogle\"\r\n     style=\"display:block\"\r\n     data-ad-client=\"ca-pub-8585364105181520\"\r\n     data-ad-slot=\"8789329856\"\r\n     data-ad-format=\"auto\"\r\n     data-full-width-responsive=\"true\"><\/ins>\r\n<script>\r\n     (adsbygoogle = window.adsbygoogle || []).push({});\r\n<\/script>\n<\/div>\n<p>No dia 24 de outubro de 1995, na mesma data do anivers\u00e1rio da cidade de Goi\u00e2nia, nascia um dos mais modernos e acolhedores centro de compras e de entretenimento e lazer de Goi\u00e1s. Batizado com o nome da capital goiana, o <strong>Goi\u00e2nia Shopping<\/strong> tem evolu\u00eddo ao longo desses anos para atender \u00e0s necessidades de seus frequentadores.<br \/>\nUm dos diferenciais do shopping, desde o in\u00edcio de sua hist\u00f3ria, \u00e9 a extensa \u00e1rea de mata nativa. O Goi\u00e2nia Shopping \u00e9 um dos poucos centros de compras e entretenimento no Brasil que \u00e9 cercado por um bosque que abriga raras \u00e1rvores nativas, plantas e uma grande variedade de p\u00e1ssaros.<\/p>\n<p><span style=\"color: #ff0000;\"><img loading=\"lazy\" decoding=\"async\" class=\"alignnone wp-image-701 size-full\" title=\"Goi\u00e2nia Shopping Goi\u00e2nia\" src=\"http:\/\/www.encontragoiania.com.br\/sobre\/wp-content\/uploads\/2018\/02\/goiania-shopping-goiania.gif\" alt=\"Goi\u00e2nia Shopping Goi\u00e2nia\" width=\"680\" height=\"189\" \/><\/span><\/p>\n<h2>Goi\u00e2nia Shopping Lojas<\/h2>\n<p>O shopping conta com um diversificado e qualificado mix de <em>lojas<\/em> com as \u00e2ncoras Hipermercado Bretas, C&amp;A, Renner, Riachuelo e Cinemas Severiano Ribeiro (Kinoplex) al\u00e9m de 6 megalojas, dezenas de sat\u00e9lites e Galeria de Servi\u00e7os, que somam um total de 161 lojas.<\/p>\n<h3>Cinema Severiano Ribeiro\u00a0Goi\u00e2nia Shopping<\/h3>\n<p>O Goi\u00e2nia Shopping conta com o cinema<em> Severiano Ribeiro<\/em> &#8211; Kinoplex. O cinema disp\u00f5es de 6 salas modernas e equipadas para sua divers\u00e3o. Visite o site e confira a programa\u00e7\u00e3o.<\/p>\n<h3>Hor\u00e1rio de Funcionamento\u00a0Goi\u00e2nia Shopping em Goi\u00e2nia<\/h3>\n<ul>\n<li>Segunda a S\u00e1bado das 10h \u00e0s 22h<\/li>\n<li>Domingo das 12h \u00e0s 20h<\/li>\n<\/ul>\n<h3>Endere\u00e7o e Telefone\u00a0Goi\u00e2nia Shopping em Goi\u00e2nia<\/h3>\n<ul>\n<li>Av. T-10, 1300 &#8211; St. Bueno\u00a0&#8211; Goi\u00e2nia &#8211; GO<\/li>\n<li>Telefone: (62) 3237-0501<\/li>\n<\/ul>\n<h3>Outras informa\u00e7\u00f5es e site<\/h3>\n<ul>\n<li>Mais informa\u00e7\u00f5es:\u00a0<a href=\"http:\/\/www.goianiashop.com.br\" target=\"_blank\" rel=\"noopener noreferrer\">www.goianiashop.com.br<\/a><\/li>\n<\/ul>\n<h4>Mapa de localiza\u00e7\u00e3o<\/h4>\n<a class=\"wp-colorbox-iframe\" href=\"https:\/\/www.google.com\/maps\/embed?pb=!1m14!1m8!1m3!1d15285.50788724569!2d-49.2727606!3d-16.7080322!3m2!1i1024!2i768!4f13.1!3m3!1m2!1s0x00x626a99b9d193501d!2sGoinia+Shopping!5e0!3m2!1spt-BR!2sbr!4v1518094099244\"><img decoding=\"async\" src=\"http:\/\/www.encontragoiania.com.br\/imgs\/maps-post.png\"><\/a>\n\n<div style=\"font-size: 0px; height: 0px; line-height: 0px; margin: 0; padding: 0; clear: both;\"><\/div>","protected":false},"excerpt":{"rendered":"<p>No dia 24 de outubro de 1995, na mesma data do anivers\u00e1rio da cidade de Goi\u00e2nia, nascia um dos mais modernos e acolhedores centro de compras e de entretenimento e lazer de Goi\u00e1s. Batizado com o nome da capital goiana, o Goi\u00e2nia Shopping tem evolu\u00eddo ao longo desses anos para atender \u00e0s necessidades de seus frequentadores. Um dos diferenciais do shopping, desde o in\u00edcio de sua hist\u00f3ria, \u00e9 a extensa \u00e1rea de mata nativa. O Goi\u00e2nia Shopping \u00e9 um dos poucos centros de compras e entretenimento no Brasil que \u00e9 cercado por um bosque que abriga raras \u00e1rvores nativas, plantas <\/p>\n","protected":false},"author":1,"featured_media":0,"parent":0,"menu_order":0,"comment_status":"closed","ping_status":"closed","template":"","meta":{"footnotes":""},"class_list":["post-700","page","type-page","status-publish","hentry"],"aioseo_notices":[],"_links":{"self":[{"href":"https:\/\/www.encontragoiania.com.br\/sobre\/wp-json\/wp\/v2\/pages\/700","targetHints":{"allow":["GET"]}}],"collection":[{"href":"https:\/\/www.encontragoiania.com.br\/sobre\/wp-json\/wp\/v2\/pages"}],"about":[{"href":"https:\/\/www.encontragoiania.com.br\/sobre\/wp-json\/wp\/v2\/types\/page"}],"author":[{"embeddable":true,"href":"https:\/\/www.encontragoiania.com.br\/sobre\/wp-json\/wp\/v2\/users\/1"}],"replies":[{"embeddable":true,"href":"https:\/\/www.encontragoiania.com.br\/sobre\/wp-json\/wp\/v2\/comments?post=700"}],"version-history":[{"count":0,"href":"https:\/\/www.encontragoiania.com.br\/sobre\/wp-json\/wp\/v2\/pages\/700\/revisions"}],"wp:attachment":[{"href":"https:\/\/www.encontragoiania.com.br\/sobre\/wp-json\/wp\/v2\/media?parent=700"}],"curies":[{"name":"wp","href":"https:\/\/api.w.org\/{rel}","templated":true}]}}