{"id":676,"date":"2018-02-05T11:57:49","date_gmt":"2018-02-05T13:57:49","guid":{"rendered":"http:\/\/www.encontragoiania.com.br\/sobre\/?page_id=676"},"modified":"2019-02-21T11:40:43","modified_gmt":"2019-02-21T14:40:43","slug":"anvisa-goiania","status":"publish","type":"page","link":"https:\/\/www.encontragoiania.com.br\/sobre\/anvisa-goiania\/","title":{"rendered":"Anvisa Goi\u00e2nia"},"content":{"rendered":"<div class=\"196752fdcd61442359b13893514e4d90\" data-index=\"1\" style=\"float: none; margin:0px;\">\n<!-- Anuncio display - global -->\r\n<ins class=\"adsbygoogle\"\r\n     style=\"display:block\"\r\n     data-ad-client=\"ca-pub-8585364105181520\"\r\n     data-ad-slot=\"8789329856\"\r\n     data-ad-format=\"auto\"\r\n     data-full-width-responsive=\"true\"><\/ins>\r\n<script>\r\n     (adsbygoogle = window.adsbygoogle || []).push({});\r\n<\/script>\n<\/div>\n<p>Ag\u00eancia Nacional de Vigil\u00e2ncia Sanit\u00e1ria \u00e9 uma ag\u00eancia reguladora, sob a forma de autarquia de regime especial, vinculada ao Minist\u00e9rio da Sa\u00fade.<\/p>\n<p>A ag\u00eancia<strong>\u00a0Anvisa Goi\u00e2nia<\/strong>\u00a0exerce o controle sanit\u00e1rio de todos os produtos e servi\u00e7os (nacionais ou importados) submetidos \u00e0 vigil\u00e2ncia sanit\u00e1ria, tais como medicamentos, alimentos, cosm\u00e9ticos, saneantes, derivados do tabaco, produtos m\u00e9dicos, sangue, hemoderivados e servi\u00e7os de sa\u00fade.<\/p>\n<p><img loading=\"lazy\" decoding=\"async\" class=\"alignnone wp-image-2939 size-full\" title=\"Anvisa Goi\u00e2nia\" src=\"http:\/\/www.encontrabelohorizonte.com.br\/sobre\/wp-content\/uploads\/anvisa-belo-horizonte.jpg\" sizes=\"auto, (max-width: 680px) 100vw, 680px\" srcset=\"http:\/\/www.encontrabelohorizonte.com.br\/sobre\/wp-content\/uploads\/anvisa-belo-horizonte.jpg 680w, http:\/\/www.encontrabelohorizonte.com.br\/sobre\/wp-content\/uploads\/anvisa-belo-horizonte-300x83.jpg 300w\" alt=\"Anvisa Goi\u00e2nia\" width=\"680\" height=\"189\" \/><\/p>\n<h2>Anvisa\u00a0Goi\u00e2nia Certificado Internacional<\/h2>\n<p>Para emitir o\u00a0<em>Certificado Internacional<\/em>\u00a0de Vacina de Febre Amarela (CIVP), dever\u00e1:<br \/>\n\u2013 Fazer o pr\u00e9-cadastro no\u00a0<a href=\"http:\/\/www.anvisa.gov.br\/viajante\" target=\"_blank\" rel=\"noopener noreferrer\">www.anvisa.gov.br\/viajante<\/a>, clicar na palavra cadastro; preencher os dados e salvar (fa\u00e7a o seu roteiro de viagem no site e verifique se as escalas\/conex\u00f5es, assim como o seu destino exigem a apresenta\u00e7\u00e3o do CIVP);<br \/>\n\u2013 Trazer o comprovante de vacina de febre amarela, com o lote da mesma bem vis\u00edvel e um documento oficial de identifica\u00e7\u00e3o com foto;<br \/>\n\u2013 Comparecer (a presen\u00e7a do viajante s\u00f3 \u00e9 dispensada quando ele for menor de idade e estiver sendo representado pelos pais ou respons\u00e1veis legais) a um posto da ANVISA<\/p>\n<h3>Anvisa\u00a0Goi\u00e2nia Vacina Febre Amarela<\/h3>\n<p><em>Vacinar-se contra a\u00a0febre amarela<\/em>\u00a0\u00e9 uma prote\u00e7\u00e3o indispens\u00e1vel para visitar algumas \u00e1reas do Brasil, como a Amaz\u00f4nia e o Pantanal. E tamb\u00e9m \u00e9 uma exig\u00eancia de v\u00e1rios pa\u00edses do mundo (Austr\u00e1lia, Tail\u00e2ndia, \u00c1frica do Sul, Barbados; veja a lista mais abaixo) para receber viajantes brasileiros.<\/p>\n<p>Muita gente perde a viagem porque n\u00e3o se d\u00e1 conta de que precisa ter o certificado internacional da vacina\u00a0 e que a vacina\u00e7\u00e3o precisa ser feita 10 dias antes de embarcar. Por isso \u00e9 que a gente recomenda que todo viajante que possa se vacinar tome a vacina, mesmo que n\u00e3o tenha uma viagem em vista a um pa\u00eds que exija o\u00a0certificado.<\/p>\n<h3>Hor\u00e1rio de Funcionamento Anvisa\u00a0Goi\u00e2nia<\/h3>\n<ul>\n<li>Segunda a sexta das 8h \u00e0s 14h.<\/li>\n<\/ul>\n<h3>Endere\u00e7o e Telefone Anvisa\u00a0Goi\u00e2nia<\/h3>\n<ul>\n<li>\u00a0Aeroporto Santa Genoveva, Alameda 4 s\/n \u2013 Setor Santa Genoveva- Goi\u00e2nia<\/li>\n<li>Telefone: (62) 3265-1588<\/li>\n<\/ul>\n<h4>Outras informa\u00e7\u00f5es e site<\/h4>\n<p>Mais informa\u00e7\u00f5es:\u00a0<a href=\"http:\/\/portal.anvisa.gov.br\/viajante\" target=\"_blank\" rel=\"noopener noreferrer\">portal.anvisa.gov.br\/viajante<\/a><\/p>\n<h4>Centros Emissores de CIVP em GOI\u00c1S<\/h4>\n<ul>\n<li>P\u00fablicos<\/li>\n<\/ul>\n<table border=\"1\" width=\"100%\" cellspacing=\"2\">\n<tbody>\n<tr>\n<th scope=\"col\" width=\"2%\">#<\/th>\n<th scope=\"col\" width=\"32%\"><strong>Nome<\/strong><\/th>\n<th scope=\"col\" width=\"7%\"><strong>Cidade<\/strong><\/th>\n<th scope=\"col\" width=\"10%\"><strong>Telefone<\/strong><\/th>\n<th scope=\"col\" width=\"49%\"><strong>Endere\u00e7o<\/strong><\/th>\n<\/tr>\n<tr>\n<td>1<\/td>\n<td>Centro de Orienta\u00e7\u00e3o ao Viajante Aeroporto<\/td>\n<td>Goi\u00e2nia<\/td>\n<td>(62) 3265-1588<\/td>\n<td>Alameda 4 s\/n &#8211; Santa Genoveva- Goi\u00e2nia.<\/td>\n<\/tr>\n<tr>\n<td>2<\/td>\n<td>Centro Municipal de Vacina\u00e7\u00e3o e orienta\u00e7\u00e3o ao Viajante de Goi\u00e2nia<\/td>\n<td>Goi\u00e2nia<\/td>\n<td>(62) 3524-1615<\/td>\n<td>Av. Edmundo Pinheiro de Abreu, Setor Pedro Ludovico, Goi\u00e2nia.<\/td>\n<\/tr>\n<tr>\n<td>3<\/td>\n<td>N\u00facleo de Vigil\u00e2ncia Epidemiol\u00f3gica<\/td>\n<td>Rio Verde<\/td>\n<td>(64) 3620-2123<\/td>\n<td>Rua Pascoal Moreira Esquina com Rubi, Parque Bandeirante, Rio Verde &#8211; GO<\/td>\n<\/tr>\n<tr>\n<td>4<\/td>\n<td>Centro de Sa\u00fade de Ipameri ESF 4<\/td>\n<td>Ipameri<\/td>\n<td>(64) 3491-6000<\/td>\n<td>Pra\u00e7a Planaltina N\u00ba 10, Centro, Ipameri &#8211; GO.<\/td>\n<\/tr>\n<tr>\n<td>5<\/td>\n<td>Centro de Sa\u00fade de Silv\u00e2nia \u2013 ESF 5<\/td>\n<td>Silv\u00e2nia<\/td>\n<td>(62) 3332-3410<\/td>\n<td>Rua Benedito Primo esquina com Rua Dolzane Felix<br \/>\nBairro Park Anchieta, Silv\u00e2nia &#8211; GO<\/td>\n<\/tr>\n<\/tbody>\n<\/table>\n<ul>\n<li><strong>\u00a0Privados<br \/>\n<\/strong><\/li>\n<\/ul>\n<table border=\"1\" width=\"100%\" cellspacing=\"2\">\n<tbody>\n<tr>\n<th scope=\"col\" width=\"2%\">#<\/th>\n<th scope=\"col\" width=\"21%\"><strong>Nome<\/strong><\/th>\n<th scope=\"col\" width=\"8%\"><strong>Cidade<\/strong><\/th>\n<th scope=\"col\" width=\"10%\"><strong>Telefone<\/strong><\/th>\n<th scope=\"col\" width=\"59%\"><strong>Endere\u00e7o<\/strong><\/th>\n<\/tr>\n<tr>\n<td>1<\/td>\n<td>Cl\u00ednica Vacinar<\/td>\n<td>Rio Verde<\/td>\n<td>(64) 3611-1010<\/td>\n<td>Rua Rosulino Ferreira Guimar\u00e3es, n\u00ba 730, sala 1, Centro- Rio Verde.<\/td>\n<\/tr>\n<tr>\n<td>2<\/td>\n<td>Ymune Alergo<\/td>\n<td>Goi\u00e2nia<\/td>\n<td>(62) 3096-6271<\/td>\n<td>Rua 86, N\u00ba 368, Qd. F-33, Lt. 38, Setor Sul, Goi\u00e2nia-GO.<\/td>\n<\/tr>\n<tr>\n<td>3<\/td>\n<td>N\u00facleo de Vigil\u00e2ncia Epidemiol\u00f3gica<\/td>\n<td>Rio Verde<\/td>\n<td>(64) 3620-2123<\/td>\n<td>Av. S\u00e3o Francisco, N\u00ba 251, An\u00e1polis-GO.<\/td>\n<\/tr>\n<\/tbody>\n<\/table>\n<h4>Mapa de localiza\u00e7\u00e3o<\/h4>\n<a class=\"wp-colorbox-iframe\" href=\"https:\/\/www.google.com\/maps\/embed?pb=!1m18!1m12!1m3!1d3821.6050864945005!2d-49.25401466768931!3d-16.696633988496014!2m3!1f0!2f0!3f0!3m2!1i1024!2i768!4f13.1!3m3!1m2!1s0x935ef10ea1118aff0x4d2c5c1c0cd356a4!2sR.+120+304+-+St.+Sul+Goinia+-+GO+74085-450!5e0!3m2!1spt-BR!2sbr!4v1517838950120\"><img decoding=\"async\" src=\"http:\/\/www.encontragoiania.com.br\/imgs\/maps-post.png\"><\/a>\n\n<div style=\"font-size: 0px; height: 0px; line-height: 0px; margin: 0; padding: 0; clear: both;\"><\/div>","protected":false},"excerpt":{"rendered":"<p>Ag\u00eancia Nacional de Vigil\u00e2ncia Sanit\u00e1ria \u00e9 uma ag\u00eancia reguladora, sob a forma de autarquia de regime especial, vinculada ao Minist\u00e9rio da Sa\u00fade. A ag\u00eancia\u00a0Anvisa Goi\u00e2nia\u00a0exerce o controle sanit\u00e1rio de todos os produtos e servi\u00e7os (nacionais ou importados) submetidos \u00e0 vigil\u00e2ncia sanit\u00e1ria, tais como medicamentos, alimentos, cosm\u00e9ticos, saneantes, derivados do tabaco, produtos m\u00e9dicos, sangue, hemoderivados e servi\u00e7os de sa\u00fade. Anvisa\u00a0Goi\u00e2nia Certificado Internacional Para emitir o\u00a0Certificado Internacional\u00a0de Vacina de Febre Amarela (CIVP), dever\u00e1: \u2013 Fazer o pr\u00e9-cadastro no\u00a0www.anvisa.gov.br\/viajante, clicar na palavra cadastro; preencher os dados e salvar (fa\u00e7a o seu roteiro de viagem no site e verifique se as escalas\/conex\u00f5es, assim como <\/p>\n","protected":false},"author":1,"featured_media":0,"parent":0,"menu_order":0,"comment_status":"closed","ping_status":"closed","template":"","meta":{"footnotes":""},"class_list":["post-676","page","type-page","status-publish","hentry"],"aioseo_notices":[],"_links":{"self":[{"href":"https:\/\/www.encontragoiania.com.br\/sobre\/wp-json\/wp\/v2\/pages\/676","targetHints":{"allow":["GET"]}}],"collection":[{"href":"https:\/\/www.encontragoiania.com.br\/sobre\/wp-json\/wp\/v2\/pages"}],"about":[{"href":"https:\/\/www.encontragoiania.com.br\/sobre\/wp-json\/wp\/v2\/types\/page"}],"author":[{"embeddable":true,"href":"https:\/\/www.encontragoiania.com.br\/sobre\/wp-json\/wp\/v2\/users\/1"}],"replies":[{"embeddable":true,"href":"https:\/\/www.encontragoiania.com.br\/sobre\/wp-json\/wp\/v2\/comments?post=676"}],"version-history":[{"count":0,"href":"https:\/\/www.encontragoiania.com.br\/sobre\/wp-json\/wp\/v2\/pages\/676\/revisions"}],"wp:attachment":[{"href":"https:\/\/www.encontragoiania.com.br\/sobre\/wp-json\/wp\/v2\/media?parent=676"}],"curies":[{"name":"wp","href":"https:\/\/api.w.org\/{rel}","templated":true}]}}