{"id":532,"date":"2018-01-05T12:16:50","date_gmt":"2018-01-05T14:16:50","guid":{"rendered":"http:\/\/www.encontragoiania.com.br\/sobre\/?page_id=532"},"modified":"2018-01-05T12:16:59","modified_gmt":"2018-01-05T14:16:59","slug":"caps-goiania","status":"publish","type":"page","link":"https:\/\/www.encontragoiania.com.br\/sobre\/caps-goiania\/","title":{"rendered":"CAPS Goi\u00e2nia"},"content":{"rendered":"<div class=\"196752fdcd61442359b13893514e4d90\" data-index=\"1\" style=\"float: none; margin:0px;\">\n<!-- Anuncio display - global -->\r\n<ins class=\"adsbygoogle\"\r\n     style=\"display:block\"\r\n     data-ad-client=\"ca-pub-8585364105181520\"\r\n     data-ad-slot=\"8789329856\"\r\n     data-ad-format=\"auto\"\r\n     data-full-width-responsive=\"true\"><\/ins>\r\n<script>\r\n     (adsbygoogle = window.adsbygoogle || []).push({});\r\n<\/script>\n<\/div>\n<p><em>CAPS<\/em>\u00a0s\u00e3o os\u00a0<em>Centros de Apoio PsicoSocial<\/em>\u00a0que tratam da sa\u00fade mental de adultos,\u00a0jovens e crian\u00e7as, existem tamb\u00e9m os\u00a0<em>CAPS AD<\/em>\u00a0que s\u00e3o os centros que tratam sobre \u00c1lcool e Drogas.<\/p>\n<p>Veja mais sobre o\u00a0<strong>CAPS Goi\u00e2nia<\/strong>\u00a0abaixo.<\/p>\n<p><img loading=\"lazy\" decoding=\"async\" class=\"alignnone wp-image-533 size-full\" title=\"CAPS Goi\u00e2nia\" src=\"http:\/\/www.encontragoiania.com.br\/sobre\/wp-content\/uploads\/2018\/01\/caps-goiania.gif\" alt=\"CAPS Goi\u00e2nia\" width=\"680\" height=\"189\" \/><\/p>\n<p>O\u00a0<em>Caps<\/em>\u00a0pretende ser um lugar de acolhimento para pessoas com sofrimento ps\u00edquico. Tem como objetivo reinser\u00e7\u00e3o psicossocial e melhora da qualidade de vida.<\/p>\n<h3>Hor\u00e1rio de Funcionamento CAPS\u00a0Goi\u00e2nia<\/h3>\n<ul>\n<li>Segunda a Sexta das 8h \u00e0s 20h<\/li>\n<\/ul>\n<h3>Endere\u00e7o e Telefone CAPS\u00a0Goi\u00e2nia<\/h3>\n<ul>\n<li><strong>CAPS Novo Mundo:<\/strong> Av. Manchester, 2000 &#8211; Telefone: (62) 3524-1802<\/li>\n<li><strong>CAPS Casa:<\/strong>\u00a0Rua 104, 587 &#8211; Telefone: (62) 3524-1703<\/li>\n<li><strong>Cl\u00ednica Cap:<\/strong>\u00a0Rua 9, 1594 &#8211; Telefone: (62) 3954-7557<\/li>\n<li><strong>CAPS Noroeste:\u00a0<\/strong>R. S\u00e3o Domingos, 1-59 &#8211; Telefone: (62) 3524-3400<\/li>\n<li><strong>CAPS Beija Flor:<\/strong>\u00a0Alameda Pres. Baldomir, 1 &#8211; Telefone: (62) 3524-1646<\/li>\n<li><strong>CAPS Vida:\u00a0<\/strong>Rua 1128, Qd: 233, Lt: 08, s\/n &#8211; Telefone: (62) 3524-1650<\/li>\n<li><strong>CAPS Negr\u00e3o:<\/strong>\u00a09\u00aa Avenida, 175\u00a0 &#8211; Telefone: (62) 3524-7375<\/li>\n<li><strong>CAPS Girassol:<\/strong>\u00a0R. Corumb\u00e1, Quadra 5f, Lote 23 &#8211; Telefone: (62) 3524-2419<\/li>\n<\/ul>\n<h4>Outras Informa\u00e7\u00f5es e Site:<\/h4>\n<ul>\n<li>Mais informa\u00e7\u00f5es:\u00a0<a href=\"http:\/\/www.saude.goiania.go.gov.br\/html\/secretaria\/saudemental\/caps.shtml\" target=\"_blank\" rel=\"noopener noreferrer\">www.saude.goiania.go.gov.br\/html\/secretaria\/saudemental\/caps.shtml<\/a><\/li>\n<\/ul>\n<h4>Mapa de localiza\u00e7\u00e3o CAPS Novo Mundo:<\/h4>\n<a class=\"wp-colorbox-iframe\" href=\"https:\/\/www.google.com\/maps\/embed?pb=!1m18!1m12!1m3!1d3822.394239988!2d-49.205979685133734!3d-16.65714388852003!2m3!1f0!2f0!3f0!3m2!1i1024!2i768!4f13.1!3m3!1m2!1s0x935ef2072c37bda50x10915bff7fdd7fc3!2sAv.+Manchester+2000+-+Jardim+das+Aroeiras+Goinia+-+GO!5e0!3m2!1spt-BR!2sbr!4v1515161526586\"><img decoding=\"async\" src=\"http:\/\/www.encontragoiania.com.br\/imgs\/maps-post.png\"><\/a>\n\n<div style=\"font-size: 0px; height: 0px; line-height: 0px; margin: 0; padding: 0; clear: both;\"><\/div>","protected":false},"excerpt":{"rendered":"<p>CAPS\u00a0s\u00e3o os\u00a0Centros de Apoio PsicoSocial\u00a0que tratam da sa\u00fade mental de adultos,\u00a0jovens e crian\u00e7as, existem tamb\u00e9m os\u00a0CAPS AD\u00a0que s\u00e3o os centros que tratam sobre \u00c1lcool e Drogas. Veja mais sobre o\u00a0CAPS Goi\u00e2nia\u00a0abaixo. O\u00a0Caps\u00a0pretende ser um lugar de acolhimento para pessoas com sofrimento ps\u00edquico. Tem como objetivo reinser\u00e7\u00e3o psicossocial e melhora da qualidade de vida. Hor\u00e1rio de Funcionamento CAPS\u00a0Goi\u00e2nia Segunda a Sexta das 8h \u00e0s 20h Endere\u00e7o e Telefone CAPS\u00a0Goi\u00e2nia CAPS Novo Mundo: Av. Manchester, 2000 &#8211; Telefone: (62) 3524-1802 CAPS Casa:\u00a0Rua 104, 587 &#8211; Telefone: (62) 3524-1703 Cl\u00ednica Cap:\u00a0Rua 9, 1594 &#8211; Telefone: (62) 3954-7557 CAPS Noroeste:\u00a0R. S\u00e3o Domingos, 1-59 &#8211; <\/p>\n","protected":false},"author":1,"featured_media":0,"parent":0,"menu_order":0,"comment_status":"closed","ping_status":"closed","template":"","meta":{"footnotes":""},"class_list":["post-532","page","type-page","status-publish","hentry"],"aioseo_notices":[],"_links":{"self":[{"href":"https:\/\/www.encontragoiania.com.br\/sobre\/wp-json\/wp\/v2\/pages\/532","targetHints":{"allow":["GET"]}}],"collection":[{"href":"https:\/\/www.encontragoiania.com.br\/sobre\/wp-json\/wp\/v2\/pages"}],"about":[{"href":"https:\/\/www.encontragoiania.com.br\/sobre\/wp-json\/wp\/v2\/types\/page"}],"author":[{"embeddable":true,"href":"https:\/\/www.encontragoiania.com.br\/sobre\/wp-json\/wp\/v2\/users\/1"}],"replies":[{"embeddable":true,"href":"https:\/\/www.encontragoiania.com.br\/sobre\/wp-json\/wp\/v2\/comments?post=532"}],"version-history":[{"count":0,"href":"https:\/\/www.encontragoiania.com.br\/sobre\/wp-json\/wp\/v2\/pages\/532\/revisions"}],"wp:attachment":[{"href":"https:\/\/www.encontragoiania.com.br\/sobre\/wp-json\/wp\/v2\/media?parent=532"}],"curies":[{"name":"wp","href":"https:\/\/api.w.org\/{rel}","templated":true}]}}