{"id":442,"date":"2017-12-08T21:39:38","date_gmt":"2017-12-08T23:39:38","guid":{"rendered":"http:\/\/www.encontragoiania.com.br\/sobre\/?page_id=442"},"modified":"2017-12-11T10:58:28","modified_gmt":"2017-12-11T12:58:28","slug":"igreja-santo-expedito-goiania","status":"publish","type":"page","link":"https:\/\/www.encontragoiania.com.br\/sobre\/igreja-santo-expedito-goiania\/","title":{"rendered":"Igreja Santo Expedito Goi\u00e2nia"},"content":{"rendered":"<div class=\"196752fdcd61442359b13893514e4d90\" data-index=\"1\" style=\"float: none; margin:0px;\">\n<!-- Anuncio display - global -->\r\n<ins class=\"adsbygoogle\"\r\n     style=\"display:block\"\r\n     data-ad-client=\"ca-pub-8585364105181520\"\r\n     data-ad-slot=\"8789329856\"\r\n     data-ad-format=\"auto\"\r\n     data-full-width-responsive=\"true\"><\/ins>\r\n<script>\r\n     (adsbygoogle = window.adsbygoogle || []).push({});\r\n<\/script>\n<\/div>\n<p>A Par\u00f3quia dos Sagrados Estigmas de Nosso Senhor Jesus Cristo e <strong>Igreja Santo Expedito Goi\u00e2nia<\/strong> surgiu como uma capela subordinada \u00e0 Par\u00f3quia de S\u00e3o Sebasti\u00e3o, em 1967 com o t\u00edtulo de &#8220;Capela da Sagrada Fam\u00edlia&#8221;. Ap\u00f3s o seu desmembramento, em 1984, foi dedicada aos Sagrados Estigmas e, devido ao apelo popular, em 19 de abril de 2005, institui-se Santo Expedito como o seu co-padroeiro.<\/p>\n<p>Desde o in\u00edcio de sua atua\u00e7\u00e3<span class=\"text_exposed_show\">o, os padres estigmatinos vislumbraram uma comunidade engajada com o Evangelho e frutuosa nos servi\u00e7os \u00e0 comunidade. Desde ent\u00e3o, v\u00e1rios grupos surgiram para que, organizadamente, pensassem e executassem um plano de a\u00e7\u00e3o a fim de levar Jesus Salvador \u00e0 comunidade.<\/span><\/p>\n<p><img loading=\"lazy\" decoding=\"async\" class=\"alignnone wp-image-452 size-full\" title=\"Igreja Santo Expedito Goi\u00e2nia\" src=\"http:\/\/www.encontragoiania.com.br\/sobre\/wp-content\/uploads\/2017\/12\/igreja-santo-expedito-goiania.jpg\" alt=\"Igreja Santo Expedito Goi\u00e2nia\" width=\"680\" height=\"189\" srcset=\"https:\/\/www.encontragoiania.com.br\/sobre\/wp-content\/uploads\/2017\/12\/igreja-santo-expedito-goiania.jpg 680w, https:\/\/www.encontragoiania.com.br\/sobre\/wp-content\/uploads\/2017\/12\/igreja-santo-expedito-goiania-300x83.jpg 300w\" sizes=\"auto, (max-width: 680px) 100vw, 680px\" \/><\/p>\n<p>Atualmente, os grupos, movimentos e pastorais levam adiante a evangeliza\u00e7\u00e3o, coordenados diretamente pelo p\u00e1roco Pe. Valdomiro Alves Barbosa, CSS e seu vig\u00e1rio Pe. Cust\u00f3dio Jos\u00e9 do Amaral, CSS. Entre as \u00e1reas de atua\u00e7\u00e3o, destacam-se a catequese de crian\u00e7as, jovens e adultos, os cursos de forma\u00e7\u00e3o para pais, padrinhos e noivos, os Vicentinos, o sop\u00e3o, a Casa de Apoio ao Doente de C\u00e2ncer Elba Curado, a Pastoral da Moradia e o trabalho com os jovens e idosos.<\/p>\n<p>Concluindo, nossa hist\u00f3ria \u00e9 constru\u00edda dia ap\u00f3s dia pela presen\u00e7a do Esp\u00edrito Santo e atrav\u00e9s de pessoas engajadas com a Palavra de Deus. A igreja \u00e9 din\u00e2mica e novas necessidades apresentam-se diante de n\u00f3s, pedindo a nossa resposta. Sendo assim, pedimos que a vontade do Pai seja feita com a ades\u00e3o de mais irm\u00e3os e irm\u00e3s \u00e0 nossa caminhada.<\/p>\n<h2>Igreja de Santo Expedito\u00a0Goi\u00e2nia Missas<\/h2>\n<p>Os hor\u00e1rios de <em>Missas<\/em> da Igreja s\u00e3o<\/p>\n<ul>\n<li>Ter\u00e7a: 07:00\u00a0e 19:30<\/li>\n<li>Quarta: 07:00<\/li>\n<li>Quinta: 07:00, 15:00\u00a0e 19:30<\/li>\n<li>Sexta: 15:00 e 19:30<\/li>\n<li>S\u00e1bado: 17:00<\/li>\n<li>Domingo: 07:00, 09:00, 18:00 e 20:00<\/li>\n<\/ul>\n<h3>Hor\u00e1rio de Funcionamento\u00a0Igreja Santo Expedito\u00a0em Goi\u00e2nia<\/h3>\n<ul>\n<li>3\u00aa a 6\u00aa-feira: 8h \u00e0s 12h e 14h \u00e0s 18h \/ S\u00e1bado: 8h \u00e0s 12h e 14h \u00e0s 18h<\/li>\n<\/ul>\n<h3>Endere\u00e7o e Telefone\u00a0Igreja Santo Expedito em Goi\u00e2nia<\/h3>\n<ul>\n<li>Rua C-148, n\u00ba 875 \u2013 Jd. Am\u00e9rica \u2013 Goi\u00e2nia-GO<\/li>\n<li>Telefone: (62) 3251-4488<\/li>\n<\/ul>\n<h3>Outras informa\u00e7\u00f5es e site<\/h3>\n<ul>\n<li>Mais informa\u00e7\u00f5es:\u00a0<a href=\"https:\/\/www.facebook.com\/pg\/estigmasexpedito\" target=\"_blank\" rel=\"noopener noreferrer\">www.facebook.com\/pg\/estigmasexpedito<\/a><\/li>\n<\/ul>\n<h4>Mapa de localiza\u00e7\u00e3o<\/h4>\n<a class=\"wp-colorbox-iframe\" href=\"https:\/\/www.google.com\/maps\/embed?pb=!1m14!1m8!1m3!1d15285.238297805441!2d-49.2841117!3d-16.7113984!3m2!1i1024!2i768!4f13.1!3m3!1m2!1s0x00xa39419ced6e64e93!2sParquia+Sagrado+Estigmas+do+Nosso+Senhor+Jesus+Cristo+e+de+Santo+Expedito!5e0!3m2!1spt-BR!2sbr!4v1512776288367\"><img decoding=\"async\" src=\"http:\/\/www.encontragoiania.com.br\/imgs\/maps-post.png\"><\/a>\n\n<div style=\"font-size: 0px; height: 0px; line-height: 0px; margin: 0; padding: 0; clear: both;\"><\/div>","protected":false},"excerpt":{"rendered":"<p>A Par\u00f3quia dos Sagrados Estigmas de Nosso Senhor Jesus Cristo e Igreja Santo Expedito Goi\u00e2nia surgiu como uma capela subordinada \u00e0 Par\u00f3quia de S\u00e3o Sebasti\u00e3o, em 1967 com o t\u00edtulo de &#8220;Capela da Sagrada Fam\u00edlia&#8221;. Ap\u00f3s o seu desmembramento, em 1984, foi dedicada aos Sagrados Estigmas e, devido ao apelo popular, em 19 de abril de 2005, institui-se Santo Expedito como o seu co-padroeiro. Desde o in\u00edcio de sua atua\u00e7\u00e3o, os padres estigmatinos vislumbraram uma comunidade engajada com o Evangelho e frutuosa nos servi\u00e7os \u00e0 comunidade. Desde ent\u00e3o, v\u00e1rios grupos surgiram para que, organizadamente, pensassem e executassem um plano de <\/p>\n","protected":false},"author":1,"featured_media":0,"parent":0,"menu_order":0,"comment_status":"closed","ping_status":"closed","template":"","meta":{"footnotes":""},"class_list":["post-442","page","type-page","status-publish","hentry"],"aioseo_notices":[],"_links":{"self":[{"href":"https:\/\/www.encontragoiania.com.br\/sobre\/wp-json\/wp\/v2\/pages\/442","targetHints":{"allow":["GET"]}}],"collection":[{"href":"https:\/\/www.encontragoiania.com.br\/sobre\/wp-json\/wp\/v2\/pages"}],"about":[{"href":"https:\/\/www.encontragoiania.com.br\/sobre\/wp-json\/wp\/v2\/types\/page"}],"author":[{"embeddable":true,"href":"https:\/\/www.encontragoiania.com.br\/sobre\/wp-json\/wp\/v2\/users\/1"}],"replies":[{"embeddable":true,"href":"https:\/\/www.encontragoiania.com.br\/sobre\/wp-json\/wp\/v2\/comments?post=442"}],"version-history":[{"count":0,"href":"https:\/\/www.encontragoiania.com.br\/sobre\/wp-json\/wp\/v2\/pages\/442\/revisions"}],"wp:attachment":[{"href":"https:\/\/www.encontragoiania.com.br\/sobre\/wp-json\/wp\/v2\/media?parent=442"}],"curies":[{"name":"wp","href":"https:\/\/api.w.org\/{rel}","templated":true}]}}