{"id":362,"date":"2017-12-04T15:22:52","date_gmt":"2017-12-04T17:22:52","guid":{"rendered":"http:\/\/www.encontragoiania.com.br\/noticias\/?page_id=362"},"modified":"2025-09-26T11:05:51","modified_gmt":"2025-09-26T14:05:51","slug":"sobre-goiania","status":"publish","type":"page","link":"https:\/\/www.encontragoiania.com.br\/sobre\/","title":{"rendered":"Sobre Goi\u00e2nia"},"content":{"rendered":"<div class=\"196752fdcd61442359b13893514e4d90\" data-index=\"1\" style=\"float: none; margin:0px;\">\n<!-- Anuncio display - global -->\r\n<ins class=\"adsbygoogle\"\r\n     style=\"display:block\"\r\n     data-ad-client=\"ca-pub-8585364105181520\"\r\n     data-ad-slot=\"8789329856\"\r\n     data-ad-format=\"auto\"\r\n     data-full-width-responsive=\"true\"><\/ins>\r\n<script>\r\n     (adsbygoogle = window.adsbygoogle || []).push({});\r\n<\/script>\n<\/div>\n<h2>Limites &#8211; Cidades Vizinhas<\/h2>\n<p><a title=\"Abadia de Goi\u00e1s\" href=\"https:\/\/www.encontrago.com.br\/cidade\/abadia-de-goias\" target=\"_blank\" rel=\"noopener noreferrer\">Abadia de Goi\u00e1s<\/a>,\u00a0<a title=\"Aragoi\u00e2nia\" href=\"https:\/\/www.encontrago.com.br\/cidade\/aragoiania\" target=\"_blank\" rel=\"noopener noreferrer\">Aragoi\u00e2nia<\/a>,\u00a0<a title=\"Aparecida de Goi\u00e2nia\" href=\"https:\/\/www.encontraaparecidadegoiania.com.br\/\" target=\"_blank\" rel=\"noopener noreferrer\">Aparecida de Goi\u00e2nia<\/a>,\u00a0<a title=\"Goian\u00e1polis\" href=\"https:\/\/www.encontrago.com.br\/cidade\/goianapolis\" target=\"_blank\" rel=\"noopener noreferrer\">Goian\u00e1polis<\/a>,\u00a0<a title=\"Goianira\" href=\"https:\/\/www.encontrago.com.br\/cidade\/goianira\" target=\"_blank\" rel=\"noopener noreferrer\">Goianira<\/a>,\u00a0<a title=\"Hidrol\u00e2ndia\" href=\"https:\/\/www.encontrago.com.br\/cidade\/hidrolandia\" target=\"_blank\" rel=\"noopener noreferrer\">Hidrol\u00e2ndia<\/a>,\u00a0<a title=\"Ner\u00f3polis\" href=\"https:\/\/www.encontrago.com.br\/cidade\/neropolis\" target=\"_blank\" rel=\"noopener noreferrer\">Ner\u00f3polis<\/a>,\u00a0<a title=\"Santo Ant\u00f4nio de Goi\u00e1s\" href=\"https:\/\/www.encontrago.com.br\/cidade\/santo-antonio-de-goias\" target=\"_blank\" rel=\"noopener noreferrer\">Santo Ant\u00f4nio de Goi\u00e1s<\/a>,\u00a0<a title=\"Senador Canedo\" href=\"https:\/\/www.encontrago.com.br\/cidade\/senador-canedo\" target=\"_blank\" rel=\"noopener noreferrer\">Senador Canedo<\/a>\u00a0e\u00a0<a title=\"Trindade\" href=\"https:\/\/www.encontratrindade.com.br\/\" target=\"_blank\" rel=\"noopener noreferrer\">Trindade<\/a>.<\/p>\n<p>&nbsp;<\/p>\n<h3>Dados Principais sobre Goi\u00e2nia<img loading=\"lazy\" decoding=\"async\" class=\"size-full wp-image-363 alignright\" src=\"https:\/\/www.encontragoiania.com.br\/sobre\/wp-content\/uploads\/2017\/12\/brasao-de-goiania.jpg\" alt=\"\" width=\"104\" height=\"119\" \/><\/h3>\n<p>Anivers\u00e1rio: 24 de Outubro<br \/>\nFunda\u00e7\u00e3o : 1933<br \/>\nGent\u00edlico: Goianiense<br \/>\nArea: 739,492 Km\u00b2<br \/>\nPopula\u00e7\u00e3o 1 318 148 hab. (2011)<img loading=\"lazy\" decoding=\"async\" class=\"size-full wp-image-365 alignright\" src=\"https:\/\/www.encontragoiania.com.br\/sobre\/wp-content\/uploads\/2017\/12\/bandeira-de-goiania.jpg\" alt=\"\" width=\"145\" height=\"93\" \/><br \/>\nIDH 0,832 &#8211; elevado<br \/>\n<a href=\"https:\/\/www.cartoriosdobrasil.org\/cidade\/goiania\">Cart\u00f3rios 19 unidades<\/a><br \/>\n<a href=\"https:\/\/www.prefeituradegoiania.org\">Prefeitura Goi\u00e2nia<\/a><\/p>\n<p>&nbsp;<\/p>\n<h2>Hist\u00f3ria de Goi\u00e2nia<\/h2>\n<p><img loading=\"lazy\" decoding=\"async\" width=\"565\" height=\"198\" class=\"alignnone size-full wp-image-364\" style=\"width: 100%; height: auto;\" src=\"https:\/\/www.encontragoiania.com.br\/sobre\/wp-content\/uploads\/2017\/12\/cidade-de-goiania.jpg\" alt=\"\" srcset=\"https:\/\/www.encontragoiania.com.br\/sobre\/wp-content\/uploads\/2017\/12\/cidade-de-goiania.jpg 565w, https:\/\/www.encontragoiania.com.br\/sobre\/wp-content\/uploads\/2017\/12\/cidade-de-goiania-300x105.jpg 300w\" sizes=\"auto, (max-width: 565px) 100vw, 565px\" \/><\/p>\n<p>Goi\u00e2nia \u00e9 um munic\u00edpio brasileiro, capital do estado de Goi\u00e1s. Pertence \u00e0 Mesorregi\u00e3o do Centro Goiano e \u00e0 Microrregi\u00e3o de Goi\u00e2nia, distando 209 km de Bras\u00edlia, a capital nacional. Com uma \u00e1rea de aproximadamente 739km\u00b2, possui uma geografia cont\u00ednua, com poucos morros e baixadas, tendo terras planas na maior parte de seu territ\u00f3rio, com destaque para o rio Meia Ponte.<\/p>\n<p>Localizada no centro do seu estado, foi planejada e constru\u00edda para ser a capital pol\u00edtica e administrativa de Goi\u00e1s sob influ\u00eancia da Marcha para o Oeste, pol\u00edtica desenvolvida pelo governo Vargas para acelerar o desenvolvimento e incentivar a ocupa\u00e7\u00e3o do Centro-Oeste brasileiro. Sofreu um acelerado crescimento populacional desde a d\u00e9cada de 1960, atingindo um milh\u00e3o de habitantes cerca de sessenta anos depois de sua funda\u00e7\u00e3o. Desde seu in\u00edcio, a sua arquitetura teve influ\u00eancia do Art D\u00e9co, que definiu a fisionomia dos primeiros pr\u00e9dios da cidade.<\/p>\n<p>\u00c9 a segunda cidade mais populosa do Centro-Oeste, sendo superada apenas por Bras\u00edlia. Situa-se no Planalto Central e \u00e9 um importante polo econ\u00f4mico da regi\u00e3o, sendo considerada um centro estrat\u00e9gico para \u00e1reas como ind\u00fastria, medicina, moda e agricultura. Contudo, tem enfrentado desafios, entre eles a desigualdade social, crescentes problemas de tr\u00e2nsito, \u00edndices de criminalidade elevados e o clima seco, resultado da polui\u00e7\u00e3o e por se localizar no cerrado brasileiro. Entretanto, Goi\u00e2nia destaca-se entre as capitais brasileiras por possuir o maior \u00edndice de \u00e1rea verde por habitante do Brasil, ultrapassada apenas por Edmonton em todo o mundo.<\/p>\n<p>De acordo com uma estimativa realizada pelo Instituto Brasileiro de Geografia e Estat\u00edstica (IBGE) em 2011, sua popula\u00e7\u00e3o \u00e9 de 1 318 148 habitantes e \u00e9 a sexta maior cidade do Brasil em tamanho, com 256,8 quil\u00f4metros quadrados de \u00e1rea urbana, sendo o d\u00e9cimo segundo munic\u00edpio mais populoso do Brasil. A Regi\u00e3o Metropolitana de Goi\u00e2nia possui 2 206 134 habitantes, o que a torna a d\u00e9cima regi\u00e3o metropolitana mais populosa do pa\u00eds.<\/p>\n<p><strong>Economia<\/strong><\/p>\n<p>Goi\u00e2nia \u00e9 a vig\u00e9sima segunda cidade mais rica do Brasil, a d\u00e9cima segunda entre as capitais brasileiras e a primeira em seu estado. Segundo dados da Secretaria do Planejamento e Desenvolvimento (Seplan), em 2008 seu PIB somou R$ 19 450 000 000, o que equivale a aproximadamente 25,8% de toda produ\u00e7\u00e3o de bens e servi\u00e7os do estado. Segundo dados do IBGE, em 2008, o PIB per capita do munic\u00edpio foi de R$ 15 376,5. Sua regi\u00e3o metropolitana possui um PIB de aproximadamente R$ 31,29 bilh\u00f5es, o que corresponde a 38,61% de todo o PIB goiano em 2007. Segundo dados do IBGE, a rede urbana de influ\u00eancia exercida pela cidade no resto do pa\u00eds abrange 3,5% da popula\u00e7\u00e3o e 2,8% do PIB brasileiro. A influ\u00eancia \u00e9 percebida em 363 cidades de Goi\u00e1s, Tocantins, Par\u00e1, Maranh\u00e3o, Piau\u00ed e Mato Grosso. O munic\u00edpio tamb\u00e9m est\u00e1 entre os oito munic\u00edpios com a melhor infraestrutura do pa\u00eds. Estando em uma localiza\u00e7\u00e3o privilegiada no Brasil, \u00e9 servida por uma malha vi\u00e1ria e ferrovi\u00e1ria que a liga aos principais centros e portos do pa\u00eds. Recebe voos internacionais e nacionais pelo Aeroporto Santa Genoveva (IATA: GYN, ICAO: SBGO).<\/p>\n<p>Goi\u00e2nia \u00e9 um dos maiores centros financeiros do Brasil, e sua economia \u00e9 caracterizada pela predomin\u00e2ncia do setor terci\u00e1rio, o qual concentra 80% da economia do munic\u00edpio, com destaque para a sa\u00fade, atividades imobili\u00e1rias e administra\u00e7\u00e3o p\u00fablica. Goi\u00e2nia est\u00e1 entre as capitais brasileiras que mais geram emprego no Brasil.<\/p>\n<p>Em <a href=\"\/\">Goi\u00e2nia<\/a>, a maior parte da produ\u00e7\u00e3o no setor secund\u00e1rio se concentra na ind\u00fastria de alimentos, principalmente na produ\u00e7\u00e3o de temperos e arroz. Mesmo localizada num estado fortemente agropecu\u00e1rio, a capital goiana destaca-se por ser um dos polos confeccionistas de roupa do Brasil. Contendo quase tr\u00eas mil ind\u00fastrias da categoria, a cidade possui mais de 60% das empresas de moda instaladas em Goi\u00e1s. Outros setores industriais s\u00e3o as fundi\u00e7\u00f5es, o beneficiamento de algod\u00e3o, gr\u00e1fica, \u00f3leos vegetais, cer\u00e2mica, bebidas, madeira e mobili\u00e1rio.<\/p>\n<p><strong>Setor prim\u00e1rio<\/strong><\/p>\n<p>At\u00e9 \u00e0 d\u00e9cada de 1970, a economia de Goi\u00e2nia se manteve focada no setor prim\u00e1rio, principalmente pela influ\u00eancia agropecu\u00e1ria de seu estado.<\/p>\n<p>Segundo o Censo Agropecu\u00e1rio 2006, promovido pelo IBGE, Goi\u00e2nia tinha 470 estabelecimentos agropecu\u00e1rios, sendo que 91,06% pertenciam a um \u00fanico propriet\u00e1rio e 185 deles eram compostos por matas de preserva\u00e7\u00e3o ambiental. Em 304 havia cria\u00e7\u00e3o de bovinos, 301 criavam aves e 185 criavam su\u00ednos.<\/p>\n<p>Segundo o Censo 2010, Goi\u00e2nia possui uma grande atua\u00e7\u00e3o na bovinocultura e avicultura. Havia 27 700 cabe\u00e7as de bovinos; 35 000 de galinhas; 23 000 de codornas; 4 950 de su\u00ednos. A cidade produziu, ainda 4 125 000 litros de leite; 3 156 000 ovos de galinha; 5 400 000 de codorna e 830 quilos de mel.<\/p>\n<p><strong>Setor secund\u00e1rio<\/strong><\/p>\n<p>O setor secund\u00e1rio \u00e9 um dos mais influentes de Goi\u00e2nia. A cidade destaca-se em ind\u00fastrias farmac\u00eauticas, confec\u00e7\u00e3o e alimenta\u00e7\u00e3o. Entre Goi\u00e2nia e An\u00e1polis h\u00e1 18 empresas farmac\u00eauticas que somam mais de 5 000 empregados. Sendo o quarto maior polo confeccionista do Brasil, Goi\u00e2nia emprega mais de 35 000 pessoas no ramo em mais de 2 000 confec\u00e7\u00f5es. J\u00e1 na alimenta\u00e7\u00e3o, a capital goiana destaca-se na \u00e1rea de de latic\u00ednios e frigor\u00edficos.<\/p>\n<p>Em 2000 haviam 4 454 ind\u00fastrias na cidade, sendo que 70,48% eram de transforma\u00e7\u00e3o e 29,16% de constru\u00e7\u00e3o civil.<\/p>\n<p>Setor terci\u00e1rio<\/p>\n<p>Sendo diversificado e din\u00e2mico, abrange desde servi\u00e7os b\u00e1sicos at\u00e9 os que demandam alta tecnologia. O setor terci\u00e1rio abrange a maior parte da popula\u00e7\u00e3o ativa.<\/p>\n<p>Em 2000, tal setor continha 19 470 empresas, se destacando o com\u00e9rcio atacadista e varejista (9 836), atividades imobili\u00e1rias (3 579), alimenta\u00e7\u00e3o e alojamento (1 043), servi\u00e7os sociais e sa\u00fade (1 842) e outros (1 382). A quantidade de empregos do setor (266 159) representava mais de 80% de todas as vagas dispon\u00edveis em Goi\u00e2nia.<\/p>\n<p><strong>Sa\u00fade<\/strong><\/p>\n<p>Segundo informa\u00e7\u00f5es do Instituto Brasileiro de Geografia e Estat\u00edstica, Goi\u00e2nia dispunha de um total de 777 estabelecimentos de sa\u00fade em 2009, sendo 105 p\u00fablicos e 672 privados, os quais dispunham no seu conjunto de 4 947 leitos para interna\u00e7\u00e3o, sendo que quase 3 900 s\u00e3o privados. A cidade tamb\u00e9m conta com atendimento m\u00e9dico ambulatorial em especialidades b\u00e1sicas, atendimento odontol\u00f3gico com dentista e presta servi\u00e7o ao Sistema \u00danico de Sa\u00fade (SUS). Em abril de 2010 existiam 446 818 mulheres em idade f\u00e9rtil (entre 10 e 49 anos). Goi\u00e2nia contava em dezembro de 2009 com 469 anestesistas,1 395 auxiliares de enfermagem, 561 cirurgi\u00f5es gerais, 2 014 cirurgi\u00f5es dentistas, 1 540 cl\u00ednicos gerais, 1 221 enfermeiros, 440 farmac\u00eauticos, 314 fisioterapeutas, 252 fonoaudi\u00f3logos, 1 006 gineco-obstetras, 187 m\u00e9dicos de fam\u00edlia, 145 nutricionistas, 872 pediatras, 611 psic\u00f3logos, 173 psiquiatras, 433 radiologistas e 3 501 t\u00e9cnicos de enfermagem, totalizando 10 108 profissionais de sa\u00fade. Em 2008 foram registrados 19 448 nascidos vivos, sendo que 7,2% nasceram prematuros, 66,9% foram de partos ces\u00e1reos e 15,1% foram de m\u00e3es entre 10 e 19 anos (0,6% entre 10 e 14 anos). A taxa bruta de natalidade era de 15,4 por 100 mil habitantes. No mesmo ano, a taxa de mortalidade infantil era de 14 por mil nascidos vivos e a taxa de \u00f3bitos era de 5,6 por mil habitantes.<\/p>\n<p>Entre 1991 e 2000, Goi\u00e2nia apresentou uma evolu\u00e7\u00e3o na \u00e1rea da sa\u00fade p\u00fablica, sendo considerada refer\u00eancia para o interior de seu estado e em todo o pa\u00eds, mas desde 2012 vem sofrendo uma satura\u00e7\u00e3o na \u00e1rea. Hospitais lotados, falta de m\u00e9dicos s\u00e3o alguns dos problemas enfrentados pela popula\u00e7\u00e3o da capital goiana.<\/p>\n<p><strong>Educa\u00e7\u00e3o<\/strong><\/p>\n<p>O fator educa\u00e7\u00e3o do IDH no munic\u00edpio atingiu a marca de 0,933 \u2013 patamar consideravelmente elevado, em conformidade aos padr\u00f5es do Programa das Na\u00e7\u00f5es Unidas para o Desenvolvimento (PNUD) \u2013 ao passo que a taxa de analfabetismo indicada pelo \u00faltimo censo demogr\u00e1fico do IBGE foi de 3,22%. Nota-se que o analfabetismo vem se reduzindo nos \u00faltimos 30 anos, tanto no munic\u00edpio como no pa\u00eds (no Brasil, a taxa de analfabetismo \u00e9 de 13,6%).<\/p>\n<p>A <a href=\"\/\">cidade de Goi\u00e2nia<\/a> tem um sistema de ensino prim\u00e1rio e secund\u00e1rio, p\u00fablico e privado, e uma variedade de profissionais de escolas t\u00e9cnicas. Em 2009 havia na cidade 473 estabelecimentos de ensino fundamental, 337 unidades pr\u00e9-escolares, 152 escolas de n\u00edvel m\u00e9dio e mais algumas institui\u00e7\u00f5es de n\u00edvel superior, a rede de ensino da cidade \u00e9 a mais extensa do estado. No total foram 256 982 matr\u00edculas e 12 976 docentes registrados em 2009. No ensino superior, destacam-se importantes universidades p\u00fablicas e privadas, muitas delas consideradas centros de refer\u00eancia em determinadas \u00e1reas. As institui\u00e7\u00f5es p\u00fablicas de ensino superior sediadas em Goi\u00e2nia s\u00e3o: a Universidade Federal de Goi\u00e1s (UFG), o Instituto Federal de Goi\u00e1s (IFG) e a Universidade Estadual de Goi\u00e1s (UEG). Entre as institui\u00e7\u00f5es privadas, destacam-se institui\u00e7\u00f5es como a Pontif\u00edcia Universidade Cat\u00f3lica de Goi\u00e1s (PUC Goi\u00e1s) e Faculdade Alves Faria.<\/p>\n<p>Tomando por base o relat\u00f3rio do \u00cdndice de Desenvolvimento da Educa\u00e7\u00e3o B\u00e1sica (IDEB) de 2007, o munic\u00edpio obteve quase 3,9 pontos, e a tend\u00eancia \u00e9 de se chegar a 6 em 2021. Na classifica\u00e7\u00e3o geral do Exame Nacional do Ensino M\u00e9dio (ENEM) de 2008, duas escolas da cidade figuraram entre as 30 melhores do ranking, sendo os col\u00e9gios WR e Ja\u00f3 os respectivos d\u00e9cimo oitavo e trig\u00e9simo colocados. A viol\u00eancia est\u00e1 amea\u00e7ando a qualidade da educa\u00e7\u00e3o em Goi\u00e2nia, impondo certas barreiras ao aproveitamento escolar, constituindo-se em uma das causas preponderantes da evas\u00e3o ou do aprendizado carencial, que est\u00e1 atingindo alunos e professores. Segundo um levantamento feito entre 2008 e 2009, a viol\u00eancia nas escolas estaduais da cidade chega a mais de 90%.<\/p>\n<p><strong>Atra\u00e7\u00f5es tur\u00edsticas e eventos<\/strong><\/p>\n<p>O grande acervo arquitet\u00f4nico encontrado na cidade, os parques, a boa gastronomia faz com que Goi\u00e2nia tenha seu destaque no turismo, principalmente os de neg\u00f3cios, ao qual a cidade \u00e9 refer\u00eancia no pa\u00eds, principalmente por conta do baixo custo de vida, da boa localiza\u00e7\u00e3o no Brasil e a boa infraestrutura urbana. A rede hoteleira ainda deixa a desejar, contudo tem sofrido um crescimento.<\/p>\n<p>Ao contr\u00e1rio de v\u00e1rias cidades na maior parte do Brasil, Goi\u00e2nia n\u00e3o possui uma tradi\u00e7\u00e3o carnavalesca e quando chega o carnaval a cidade fica vazia. A maior parte da popula\u00e7\u00e3o ent\u00e3o, vai ao interior de Goi\u00e1s, como Caldas Novas, Jaragu\u00e1, entre outros munic\u00edpios. Dois motivos podem explicar a nula comemora\u00e7\u00e3o do carnaval em Goi\u00e2nia: a diminui\u00e7\u00e3o do p\u00fablico apreciador de m\u00fasica popular e a maior procura por festas no interior, diretamente relacionada a um maior poder aquisitivo da classe m\u00e9dia.<\/p>\n<p>Uma das principais atra\u00e7\u00f5es da capital goiana s\u00e3o as feiras. Espalhadas em v\u00e1rios bairros, movimentam a cidade. A principal delas \u00e9 a Hippie, a maior feira a ceu aberto da Am\u00e9rica Latina. Realizada nos domingos h\u00e1 mais de 40 anos, possui mais de seis mil expositores com v\u00e1rios tipos de produtos que atraem pessoas do Brasil inteiro, principalmente das regi\u00f5es Norte e Nordeste. J\u00e1 a Feira da Lua, criada em 1993, \u00e9 voltada \u00e0 popula\u00e7\u00e3o com um maior poder aquisitivo, principalmente por se localizar no bairro Oeste, um dos mais nobres de Goi\u00e2nia. A m\u00e9dia \u00e9 de dez mil pessoas a cada s\u00e1bado, dia em que a feira \u00e9 realizada.<\/p>\n<p>Para homenagear a comunidade de moradores desta maravilhosa cidade, o <a href=\"https:\/\/www.encontragoias.com.br\" target=\"_blank\" rel=\"noopener noreferrer\">Encontra Goias<\/a> criou o <a href=\"\/\">Encontra Goi\u00e2nia<\/a>.<\/p>\n\n<div style=\"font-size: 0px; height: 0px; line-height: 0px; margin: 0; padding: 0; clear: both;\"><\/div>","protected":false},"excerpt":{"rendered":"<p>Limites &#8211; Cidades Vizinhas Abadia de Goi\u00e1s,\u00a0Aragoi\u00e2nia,\u00a0Aparecida de Goi\u00e2nia,\u00a0Goian\u00e1polis,\u00a0Goianira,\u00a0Hidrol\u00e2ndia,\u00a0Ner\u00f3polis,\u00a0Santo Ant\u00f4nio de Goi\u00e1s,\u00a0Senador Canedo\u00a0e\u00a0Trindade. &nbsp; Dados Principais sobre Goi\u00e2nia Anivers\u00e1rio: 24 de Outubro Funda\u00e7\u00e3o : 1933 Gent\u00edlico: Goianiense Area: 739,492 Km\u00b2 Popula\u00e7\u00e3o 1 318 148 hab. (2011) IDH 0,832 &#8211; elevado Cart\u00f3rios 19 unidades Prefeitura Goi\u00e2nia &nbsp; Hist\u00f3ria de Goi\u00e2nia Goi\u00e2nia \u00e9 um munic\u00edpio brasileiro, capital do estado de Goi\u00e1s. Pertence \u00e0 Mesorregi\u00e3o do Centro Goiano e \u00e0 Microrregi\u00e3o de Goi\u00e2nia, distando 209 km de Bras\u00edlia, a capital nacional. Com uma \u00e1rea de aproximadamente 739km\u00b2, possui uma geografia cont\u00ednua, com poucos morros e baixadas, tendo terras planas na maior parte de <\/p>\n","protected":false},"author":1,"featured_media":0,"parent":0,"menu_order":0,"comment_status":"closed","ping_status":"closed","template":"","meta":{"footnotes":""},"class_list":["post-362","page","type-page","status-publish","hentry"],"aioseo_notices":[],"_links":{"self":[{"href":"https:\/\/www.encontragoiania.com.br\/sobre\/wp-json\/wp\/v2\/pages\/362","targetHints":{"allow":["GET"]}}],"collection":[{"href":"https:\/\/www.encontragoiania.com.br\/sobre\/wp-json\/wp\/v2\/pages"}],"about":[{"href":"https:\/\/www.encontragoiania.com.br\/sobre\/wp-json\/wp\/v2\/types\/page"}],"author":[{"embeddable":true,"href":"https:\/\/www.encontragoiania.com.br\/sobre\/wp-json\/wp\/v2\/users\/1"}],"replies":[{"embeddable":true,"href":"https:\/\/www.encontragoiania.com.br\/sobre\/wp-json\/wp\/v2\/comments?post=362"}],"version-history":[{"count":0,"href":"https:\/\/www.encontragoiania.com.br\/sobre\/wp-json\/wp\/v2\/pages\/362\/revisions"}],"wp:attachment":[{"href":"https:\/\/www.encontragoiania.com.br\/sobre\/wp-json\/wp\/v2\/media?parent=362"}],"curies":[{"name":"wp","href":"https:\/\/api.w.org\/{rel}","templated":true}]}}