{"id":2998,"date":"2019-04-15T13:18:50","date_gmt":"2019-04-15T16:18:50","guid":{"rendered":"https:\/\/www.encontragoiania.com.br\/sobre\/?page_id=2998"},"modified":"2019-09-12T12:10:05","modified_gmt":"2019-09-12T15:10:05","slug":"junta-militar-goiania","status":"publish","type":"page","link":"https:\/\/www.encontragoiania.com.br\/sobre\/junta-militar-goiania\/","title":{"rendered":"Junta Militar Goi\u00e2nia"},"content":{"rendered":"<div class=\"196752fdcd61442359b13893514e4d90\" data-index=\"1\" style=\"float: none; margin:0px;\">\n<!-- Anuncio display - global -->\r\n<ins class=\"adsbygoogle\"\r\n     style=\"display:block\"\r\n     data-ad-client=\"ca-pub-8585364105181520\"\r\n     data-ad-slot=\"8789329856\"\r\n     data-ad-format=\"auto\"\r\n     data-full-width-responsive=\"true\"><\/ins>\r\n<script>\r\n     (adsbygoogle = window.adsbygoogle || []).push({});\r\n<\/script>\n<\/div>\n<p>O\u00a0<em>Servi\u00e7o Militar Obrigat\u00f3rio<\/em>\u00a0surgiu no\u00a0<em>Brasil<\/em>\u00a0quando o sistema administrativo adotado era o das\u00a0<em>Capitanias Heredit\u00e1rias<\/em>. Desde ent\u00e3o, todos os brasileiros s\u00e3o obrigados a \u201cpegar em armas para sustentar a independ\u00eancia, a integridade do Imp\u00e9rio e defend\u00ea-lo de seus inimigos\u201d, segundo o artigo 147 da Constitui\u00e7\u00e3o de 1824.<\/p>\n<p>Veja mais sobre a\u00a0<strong>Junta Militar Goi\u00e2nia<\/strong>\u00a0abaixo.<\/p>\n<p><img loading=\"lazy\" decoding=\"async\" class=\"alignnone size-full wp-image-2999\" src=\"https:\/\/www.encontragoiania.com.br\/sobre\/wp-content\/uploads\/2019\/04\/junta-militar-osasco.jpg\" alt=\"\" width=\"680\" height=\"189\" srcset=\"https:\/\/www.encontragoiania.com.br\/sobre\/wp-content\/uploads\/2019\/04\/junta-militar-osasco.jpg 680w, https:\/\/www.encontragoiania.com.br\/sobre\/wp-content\/uploads\/2019\/04\/junta-militar-osasco-300x83.jpg 300w\" sizes=\"auto, (max-width: 680px) 100vw, 680px\" \/><\/p>\n<p>Depois da edi\u00e7\u00e3o de leis e decretos em 1918, 1920, 1939 e 1946, a<em>\u00a0Lei do Servi\u00e7o Militar<\/em>\u00a0foi promulgada em agosto de 1964, entrando em vigor no dia 20 de janeiro de 1966, com a publica\u00e7\u00e3o de seu Regulamento.<\/p>\n<p>Assim, todos os jovens do sexo masculino, devem alistar-se no ano em que completam 18 anos de idade na\u00a0<em>Junta de Servi\u00e7o Militar<\/em>\u00a0mais pr\u00f3xima de sua resid\u00eancia. O per\u00edodo de alistamento inicia no primeiro dia \u00fatil do m\u00eas de janeiro e vai at\u00e9 o \u00faltimo dia \u00fatil do m\u00eas de abril. A documenta\u00e7\u00e3o exigida para apresentar-se \u00e0 Junta \u00e9 a certid\u00e3o de nascimento ou RG original, CPF, comprovante de resid\u00eancia e uma foto 3\u00d74 recente.<br \/>\nA partir de julho at\u00e9 novembro ocorre o per\u00edodo de sele\u00e7\u00e3o daqueles que se alistaram entre janeiro e abril, e os alistados em anos anteriores que estejam em d\u00e9bito com o\u00a0<em>Servi\u00e7o Militar<\/em>. Esta sele\u00e7\u00e3o \u00e9 realizada dentro dos aspectos f\u00edsicos, culturais, psicol\u00f3gicos e morais.<\/p>\n<p>A junta Militar, al\u00e9m de fazer o Alistamento militar, tamb\u00e9m fornece a primeira e segunda vias de certificados militares, informa\u00e7\u00e3o sobre o servi\u00e7o militar, requerimentos de reabilita\u00e7\u00e3o, eximi\u00e7\u00e3o, adiamento, arrimo de fam\u00edlia e transfer\u00eancia de resid\u00eancia.<\/p>\n<h2>Alistamento Militar on Line Junta Militar Goi\u00e2nia<\/h2>\n<p>Voc\u00ea pode realizar o alistamento <em>on line<\/em> pelo site\u00a0<a href=\"https:\/\/www.alistamento.eb.mil.br\/\" target=\"_blank\" rel=\"noopener noreferrer\">www.alistamento.eb.mil.br<\/a>, l\u00e1 voc\u00ea pode acompanhar o andamento do seu alistamento para saber a data de apresenta\u00e7\u00e3o na junta.<\/p>\n<h3>APP\u00a0Junta Militar Goi\u00e2nia<\/h3>\n<p><em>Aplicativo<\/em> oficial do Ex\u00e9rcito Brasileiro, agora conte\u00fados em formato RSS e links para os principais servi\u00e7os. Nessa vers\u00e3o, os seguintes conte\u00fados est\u00e3o dispon\u00edveis: Facebook, Youtube, Twitter, Instagram, EBlog, Revista VO, Notici\u00e1rio do Ex\u00e9rcito, Resenha, EB em Revista, Informex, Boletim Ex\u00e9rcito, Contracheque, Sa\u00fade, DGP e Recrutinha.<\/p>\n<h3>Hor\u00e1rio de Funcionamento Junta Militar\u00a0Goi\u00e2nia<\/h3>\n<ul>\n<li><strong>Setor Campinas<\/strong>:\u00a0Segunda a Sexta das 08h \u00e0s 17h<\/li>\n<li><strong>Setor Central:<\/strong> Segunda a\u00a0Quinta das 08h \u00e0s 13h \/ Sexta das 08h \u00e0s 11h30<\/li>\n<li><strong>Setor Sul:<\/strong>\u00a0Segunda a Sexta das 08h \u00e0s 17h<\/li>\n<\/ul>\n<h3>Endere\u00e7o e Telefone Junta Militar\u00a0Goi\u00e2nia<\/h3>\n<ul>\n<li><strong>Setor Campinas<\/strong>: Rua Jos\u00e9 Hermano, 66 &#8211; Telefone: (62) 3524-2414<\/li>\n<li><strong>Setor Central:<\/strong> Av. Parna\u00edba, 1214 &#8211; Telefone: (62) 3212-1256<\/li>\n<li><strong>Setor Sul:<\/strong> Av. 87, 396 &#8211; Telefone: (62) 3524-4630<\/li>\n<\/ul>\n<h4>Outras Informa\u00e7\u00f5es e Site:<\/h4>\n<ul>\n<li>Mais informa\u00e7\u00f5es:\u00a0<a href=\"http:\/\/www.7csm.eb.mil.br\/\" target=\"_blank\" rel=\"noopener noreferrer\">www.7csm.eb.mil.br<\/a><\/li>\n<\/ul>\n<h4>Mapa de localiza\u00e7\u00e3o Fazendinha Setor Campinas<\/h4>\n<a class=\"wp-colorbox-iframe\" href=\"https:\/\/www.google.com\/maps\/embed?pb=!1m18!1m12!1m3!1d3822.062214309117!2d-49.297717985133545!3d-16.673769888509913!2m3!1f0!2f0!3f0!3m2!1i1024!2i768!4f13.1!3m3!1m2!1s0x935ef41a9f4d3a0d0xcf6b77919e7622aa!2sR.+Jos+Hermano+66+-+St.+Campinas+Goinia+-+GO+74515-030!5e0!3m2!1spt-BR!2sbr!4v1555344893222!5m2!1spt-BR!2sbr\"><img decoding=\"async\" src=\"http:\/\/www.encontragoiania.com.br\/imgs\/maps-post.png\"><\/a>\n\n<div style=\"font-size: 0px; height: 0px; line-height: 0px; margin: 0; padding: 0; clear: both;\"><\/div>","protected":false},"excerpt":{"rendered":"<p>O\u00a0Servi\u00e7o Militar Obrigat\u00f3rio\u00a0surgiu no\u00a0Brasil\u00a0quando o sistema administrativo adotado era o das\u00a0Capitanias Heredit\u00e1rias. Desde ent\u00e3o, todos os brasileiros s\u00e3o obrigados a \u201cpegar em armas para sustentar a independ\u00eancia, a integridade do Imp\u00e9rio e defend\u00ea-lo de seus inimigos\u201d, segundo o artigo 147 da Constitui\u00e7\u00e3o de 1824. Veja mais sobre a\u00a0Junta Militar Goi\u00e2nia\u00a0abaixo. Depois da edi\u00e7\u00e3o de leis e decretos em 1918, 1920, 1939 e 1946, a\u00a0Lei do Servi\u00e7o Militar\u00a0foi promulgada em agosto de 1964, entrando em vigor no dia 20 de janeiro de 1966, com a publica\u00e7\u00e3o de seu Regulamento. Assim, todos os jovens do sexo masculino, devem alistar-se no ano em <\/p>\n","protected":false},"author":1,"featured_media":0,"parent":0,"menu_order":0,"comment_status":"closed","ping_status":"closed","template":"","meta":{"footnotes":""},"class_list":["post-2998","page","type-page","status-publish","hentry"],"aioseo_notices":[],"_links":{"self":[{"href":"https:\/\/www.encontragoiania.com.br\/sobre\/wp-json\/wp\/v2\/pages\/2998","targetHints":{"allow":["GET"]}}],"collection":[{"href":"https:\/\/www.encontragoiania.com.br\/sobre\/wp-json\/wp\/v2\/pages"}],"about":[{"href":"https:\/\/www.encontragoiania.com.br\/sobre\/wp-json\/wp\/v2\/types\/page"}],"author":[{"embeddable":true,"href":"https:\/\/www.encontragoiania.com.br\/sobre\/wp-json\/wp\/v2\/users\/1"}],"replies":[{"embeddable":true,"href":"https:\/\/www.encontragoiania.com.br\/sobre\/wp-json\/wp\/v2\/comments?post=2998"}],"version-history":[{"count":0,"href":"https:\/\/www.encontragoiania.com.br\/sobre\/wp-json\/wp\/v2\/pages\/2998\/revisions"}],"wp:attachment":[{"href":"https:\/\/www.encontragoiania.com.br\/sobre\/wp-json\/wp\/v2\/media?parent=2998"}],"curies":[{"name":"wp","href":"https:\/\/api.w.org\/{rel}","templated":true}]}}