{"id":2965,"date":"2019-04-08T13:54:07","date_gmt":"2019-04-08T16:54:07","guid":{"rendered":"https:\/\/www.encontragoiania.com.br\/sobre\/?page_id=2965"},"modified":"2019-04-08T13:55:43","modified_gmt":"2019-04-08T16:55:43","slug":"praca-civica-goiania","status":"publish","type":"page","link":"https:\/\/www.encontragoiania.com.br\/sobre\/praca-civica-goiania\/","title":{"rendered":"Pra\u00e7a C\u00edvica Goi\u00e2nia"},"content":{"rendered":"<div class=\"196752fdcd61442359b13893514e4d90\" data-index=\"1\" style=\"float: none; margin:0px;\">\n<!-- Anuncio display - global -->\r\n<ins class=\"adsbygoogle\"\r\n     style=\"display:block\"\r\n     data-ad-client=\"ca-pub-8585364105181520\"\r\n     data-ad-slot=\"8789329856\"\r\n     data-ad-format=\"auto\"\r\n     data-full-width-responsive=\"true\"><\/ins>\r\n<script>\r\n     (adsbygoogle = window.adsbygoogle || []).push({});\r\n<\/script>\n<\/div>\n<p>A Pra\u00e7a Doutor Pedro Ludovico Teixeira, chamada comumente de <strong>Pra\u00e7a C\u00edvica Goi\u00e2nia<\/strong>, \u00e9 considerada o marco inicial da constru\u00e7\u00e3o de Goi\u00e2nia, capital do estado brasileiro de Goi\u00e1s. Foi a primeira pra\u00e7a constru\u00edda, em 1933. Nela, se encontra o Pal\u00e1cio das Esmeraldas, a resid\u00eancia oficial do governador de Goi\u00e1s desde sua cria\u00e7\u00e3o em 1933, sendo o ex-governador Pedro Ludovico Teixeira o primeiro morador do Pal\u00e1cio.<\/p>\n<p>Na Pra\u00e7a C\u00edvica est\u00e1 tamb\u00e9m localizado o Pal\u00e1cio Pedro Ludovico, o antigo Centro Administrativo, respons\u00e1vel pela administra\u00e7\u00e3o financeira do estado. A pra\u00e7a abriga tamb\u00e9m o Museu Zoroastro Artiaga e em seu centro se localiza o Monumento \u00e0s Tr\u00eas Ra\u00e7as.<\/p>\n<p><img loading=\"lazy\" decoding=\"async\" class=\"alignnone wp-image-2966 size-full\" title=\"Pra\u00e7a C\u00edvica Goi\u00e2nia\" src=\"https:\/\/www.encontragoiania.com.br\/sobre\/wp-content\/uploads\/2019\/04\/pra\u00e7a-civica-goiania.gif\" alt=\"Pra\u00e7a C\u00edvica Goi\u00e2nia\" width=\"680\" height=\"189\" \/><\/p>\n<p>A pra\u00e7a abriga todos os anos as festividades de anivers\u00e1rio de Goi\u00e2nia, comemorado em 24 de Outubro, com a presen\u00e7a de cantores e cantoras nacionais de todos os estilos musicais. A pra\u00e7a tamb\u00e9m \u00e9 palco para apresenta\u00e7\u00f5es culturais e religiosas como a cantata de Natal e as festividades de Ano Novo, manifesta\u00e7\u00f5es populares, al\u00e9m das comemora\u00e7\u00f5es de Corpus Christi, sempre realizada no in\u00edcio do m\u00eas de junho.<\/p>\n<p>Em outubro de 2015, obras de restaura\u00e7\u00e3o da pra\u00e7a foram conclu\u00eddas, ap\u00f3s quase dois anos de obras.<\/p>\n<h2>Pra\u00e7a C\u00edvica\u00a0Goi\u00e2nia Hist\u00f3ria<\/h2>\n<p>O hist\u00f3rico de constru\u00e7\u00e3o da Pra\u00e7a Doutor Pedro Ludovico Teixeira, a Pra\u00e7a C\u00edvica, remonta \u00e0 ideia original do espa\u00e7o como sendo um p\u00f3lo de irradia\u00e7\u00e3o para compor uma nova capital de modelo radioc\u00eantrico, projetada por At\u00edlio Corr\u00eaa Lima. No plano urban\u00edstico de Goi\u00e2nia, o arquiteto desenhou o Centro C\u00edvico na parte mais alta da futura cidade, permitindo assim visibilidade maior e mais estrat\u00e9gica do Pal\u00e1cio das Esmeraldas (resid\u00eancia oficial do governador de Goi\u00e1s) e acesso aos setores habitacionais e comerciais.<\/p>\n<p>Em seu aspecto funcional, o espa\u00e7o foi projetado com recintos de conviv\u00eancia, contemplado por duas fontes luminosas e uma \u00e1rea limitada por tr\u00eas principais edifica\u00e7\u00f5es. A parte restante do local foi destinada \u00e0 circula\u00e7\u00e3o vi\u00e1ria com a fun\u00e7\u00e3o de conectar os futuros setores da cidade e, ao mesmo tempo, facilitar o acesso aos edif\u00edcios administrativos. A conclus\u00e3o de todo o complexo de obras da Pra\u00e7a C\u00edvica foi em 1933, mesmo ano em que ocorreu o lan\u00e7amento da pedra fundamental da cidade, realizada por Pedro Ludovico Teixeira. Por esta raz\u00e3o, a pra\u00e7a \u00e9 considerada o marco inicial da constru\u00e7\u00e3o de Goi\u00e2nia.<\/p>\n<h3>Pra\u00e7a C\u00edvica\u00a0Goi\u00e2nia Estrutura<\/h3>\n<p><strong>Monumento \u00e0s Tr\u00eas Ra\u00e7as<\/strong><br \/>\nO Monumento \u00e0s Tr\u00eas Ra\u00e7as localizado no centro da Pra\u00e7a C\u00edvica foi feito em homenagem as tr\u00eas ra\u00e7as que comp\u00f5e a origem da cidade e do estado: o branco (os bandeirantes), o negro (os escravos) e o \u00edndio. Criado pela renomada artista pl\u00e1stica Neusa Moraes, possui 7 metros de altura, produzido em bronze e granito, foi inaugurado em julho de 1967.<\/p>\n<p><strong>Pal\u00e1cio Pedro Ludovico Teixeira (Centro Administrativo)<\/strong><br \/>\nO Pal\u00e1cio Pedro Ludovico Teixeira, antigamente conhecido como Centro Administrativo \u00e9 um pr\u00e9dio com 12 andares, localizado na Pra\u00e7a C\u00edvica. Nele se concentram toda a contabilidade e administra\u00e7\u00e3o financeira do estado de Goi\u00e1s. O pr\u00e9dio passou por uma intensa reforma, quando em 2000 um inc\u00eandio queimou os seus 3 \u00faltimos andares, por motivos de curto-circuito devido a precariedade da instala\u00e7\u00e3o el\u00e9trica presente no pr\u00e9dio.<\/p>\n<p><strong>Pal\u00e1cio das Esmeraldas<\/strong><br \/>\nO Pal\u00e1cio das Esmeraldas localiza-se na Pra\u00e7a C\u00edvica de Goi\u00e2nia, capital do estado brasileiro de Goi\u00e1s. \u00c9 sede oficial do governador de Goi\u00e1s desde 1933. Ele \u00e9 chamado por este nome por sua fachada ser em cor verde-esmeralda, dando a impress\u00e3o de que todo o pal\u00e1cio \u00e9 feito por pedras de Esmeraldas. No andar de cima do pal\u00e1cio, localiza-se uma sacada de onde o governadores faziam os seus discursos para a popula\u00e7\u00e3o e usado atualmente na &#8220;comemora\u00e7\u00e3o de reelei\u00e7\u00e3o&#8221; dos governadores vigentes no estado.<\/p>\n<p><strong>Monumento Caraj\u00e1<\/strong><br \/>\nO restaura\u00e7\u00e3o incluiu a constru\u00e7\u00e3o de um monumento assinado pelo artista pl\u00e1stico Siron Franco. Com espelhos e estrutura de a\u00e7o inoxid\u00e1vel, tem tr\u00eas metros de altura e 11 metros de comprimento. Caleidosc\u00f3pica, a arte urbana vincula passado e futuro por meio de totens, com 2,80 metros de altura, em forma de ancestrais caraj\u00e1s, e figuras masculina e feminina, com 1,80 metro de altura, que representam o futuro. A contemporaneidade se materializa no reflexo das pessoas que circulam pela pra\u00e7a e nas coisas que comp\u00f5em o ambiente.<\/p>\n<h3>Pra\u00e7a C\u00edvica\u00a0Goi\u00e2nia\u00a0Fotos<\/h3>\n<p><img loading=\"lazy\" decoding=\"async\" class=\"alignnone wp-image-2968 size-full\" title=\"Pra\u00e7a C\u00edvica Goi\u00e2nia Fotos\" src=\"https:\/\/www.encontragoiania.com.br\/sobre\/wp-content\/uploads\/2019\/04\/pra\u00e7a-civica-fotos.gif\" alt=\"Pra\u00e7a C\u00edvica Goi\u00e2nia Fotos\" width=\"453\" height=\"450\" \/><\/p>\n<h3>Hor\u00e1rio de Funcionamento\u00a0Pra\u00e7a C\u00edvica em Goi\u00e2nia<\/h3>\n<ul>\n<li>24 horas<\/li>\n<\/ul>\n<h3>Onde Fica\u00a0e Endere\u00e7o Pra\u00e7a C\u00edvica em Goi\u00e2nia<\/h3>\n<ul>\n<li>Pra\u00e7a Dr. Pedro Ludovico Teixeira &#8211; St. Central &#8211; Goi\u00e2nia &#8211; GO<\/li>\n<\/ul>\n<h4>Mapa de localiza\u00e7\u00e3o<\/h4>\n<a class=\"wp-colorbox-iframe\" href=\"https:\/\/www.google.com\/maps\/embed?pb=!1m18!1m12!1m3!1d3821.9253363499743!2d-49.25852618513346!3d-16.68061928850583!2m3!1f0!2f0!3f0!3m2!1i1024!2i768!4f13.1!3m3!1m2!1s0x935ef164f8a851270x1a4b1265e6a4e602!2sPraa+Dr.+Pedro+Ludovico+Teixeira!5e0!3m2!1spt-BR!2sbr!4v1554741806151!5m2!1spt-BR!2sbr\"><img decoding=\"async\" src=\"http:\/\/www.encontragoiania.com.br\/imgs\/maps-post.png\"><\/a>\n\n<div style=\"font-size: 0px; height: 0px; line-height: 0px; margin: 0; padding: 0; clear: both;\"><\/div>","protected":false},"excerpt":{"rendered":"<p>A Pra\u00e7a Doutor Pedro Ludovico Teixeira, chamada comumente de Pra\u00e7a C\u00edvica Goi\u00e2nia, \u00e9 considerada o marco inicial da constru\u00e7\u00e3o de Goi\u00e2nia, capital do estado brasileiro de Goi\u00e1s. Foi a primeira pra\u00e7a constru\u00edda, em 1933. Nela, se encontra o Pal\u00e1cio das Esmeraldas, a resid\u00eancia oficial do governador de Goi\u00e1s desde sua cria\u00e7\u00e3o em 1933, sendo o ex-governador Pedro Ludovico Teixeira o primeiro morador do Pal\u00e1cio. Na Pra\u00e7a C\u00edvica est\u00e1 tamb\u00e9m localizado o Pal\u00e1cio Pedro Ludovico, o antigo Centro Administrativo, respons\u00e1vel pela administra\u00e7\u00e3o financeira do estado. A pra\u00e7a abriga tamb\u00e9m o Museu Zoroastro Artiaga e em seu centro se localiza o Monumento <\/p>\n","protected":false},"author":1,"featured_media":0,"parent":0,"menu_order":0,"comment_status":"closed","ping_status":"closed","template":"","meta":{"footnotes":""},"class_list":["post-2965","page","type-page","status-publish","hentry"],"aioseo_notices":[],"_links":{"self":[{"href":"https:\/\/www.encontragoiania.com.br\/sobre\/wp-json\/wp\/v2\/pages\/2965","targetHints":{"allow":["GET"]}}],"collection":[{"href":"https:\/\/www.encontragoiania.com.br\/sobre\/wp-json\/wp\/v2\/pages"}],"about":[{"href":"https:\/\/www.encontragoiania.com.br\/sobre\/wp-json\/wp\/v2\/types\/page"}],"author":[{"embeddable":true,"href":"https:\/\/www.encontragoiania.com.br\/sobre\/wp-json\/wp\/v2\/users\/1"}],"replies":[{"embeddable":true,"href":"https:\/\/www.encontragoiania.com.br\/sobre\/wp-json\/wp\/v2\/comments?post=2965"}],"version-history":[{"count":0,"href":"https:\/\/www.encontragoiania.com.br\/sobre\/wp-json\/wp\/v2\/pages\/2965\/revisions"}],"wp:attachment":[{"href":"https:\/\/www.encontragoiania.com.br\/sobre\/wp-json\/wp\/v2\/media?parent=2965"}],"curies":[{"name":"wp","href":"https:\/\/api.w.org\/{rel}","templated":true}]}}