{"id":2946,"date":"2019-04-08T06:01:08","date_gmt":"2019-04-08T09:01:08","guid":{"rendered":"https:\/\/www.encontragoiania.com.br\/sobre\/?page_id=2946"},"modified":"2019-04-08T06:01:08","modified_gmt":"2019-04-08T09:01:08","slug":"iml-goiania","status":"publish","type":"page","link":"https:\/\/www.encontragoiania.com.br\/sobre\/iml-goiania\/","title":{"rendered":"IML Goi\u00e2nia"},"content":{"rendered":"<div class=\"196752fdcd61442359b13893514e4d90\" data-index=\"1\" style=\"float: none; margin:0px;\">\n<!-- Anuncio display - global -->\r\n<ins class=\"adsbygoogle\"\r\n     style=\"display:block\"\r\n     data-ad-client=\"ca-pub-8585364105181520\"\r\n     data-ad-slot=\"8789329856\"\r\n     data-ad-format=\"auto\"\r\n     data-full-width-responsive=\"true\"><\/ins>\r\n<script>\r\n     (adsbygoogle = window.adsbygoogle || []).push({});\r\n<\/script>\n<\/div>\n<p>O Instituto M\u00e9dico-Legal \u00e9 um \u00f3rg\u00e3o p\u00fablico subordinado \u00e0\u00a0Secretaria de Estado da Seguran\u00e7a P\u00fablica\u00a0\u2013\u00a0SESP.\u00a0O\u00a0<strong>IML Goi\u00e2nia<\/strong>\u00a0presta servi\u00e7os de Pol\u00edcia Cient\u00edfica na \u00e1rea de Medicina Legal.<\/p>\n<p>Realiza per\u00edcias m\u00e9dico-legais em cad\u00e1veres, partes de corpos, ossadas completas ou n\u00e3o, e em pessoas vivas, al\u00e9m de exames complementares (laboratoriais) nas \u00e1reas de anatomia patol\u00f3gica, toxicologia, qu\u00edmica legal e sexologia forense, requisitadas por autoridades policiais e judici\u00e1rias, necess\u00e1rias ao esclarecimento dos processos policiais, judici\u00e1rios e administrativos.<\/p>\n<p><img loading=\"lazy\" decoding=\"async\" class=\"alignnone wp-image-2947 size-full\" title=\"IML Goi\u00e2nia\" src=\"https:\/\/www.encontragoiania.com.br\/sobre\/wp-content\/uploads\/2019\/04\/iml-goiania.gif\" alt=\"IML Goi\u00e2nia\" width=\"680\" height=\"189\" \/><\/p>\n<p>O Instituto M\u00e9dico-Legal de Goi\u00e2nia possui compet\u00eancia para a realiza\u00e7\u00e3o de pesquisas cient\u00edficas relacionadas \u00e0 Medicina Legal.\u00a0Exerce a\u00e7\u00e3o em todo o Estado possuindo uma sede na Capital e dezessete no Interior, cabendo a Supervis\u00e3o Geral a um Diretor m\u00e9dico legista.\u00a0Por ser um Servi\u00e7o T\u00e9cnico-cient\u00edfico \u00e0 disposi\u00e7\u00e3o da Pol\u00edcia e do Judici\u00e1rio, especialmente, o IML emite laudos sigilosos que representam pe\u00e7as fundamentais nas investiga\u00e7\u00f5es, inqu\u00e9ritos policiais e demais encaminhamentos jur\u00eddicos.<\/p>\n<h2>IML\u00a0Goi\u00e2nia\u00a0Concurso<\/h2>\n<p>O IML de Goi\u00e2nia admite funcion\u00e1rios por meio de <em>concurso<\/em> p\u00fablico. Acesse o site e fique atendo \u00e0 divulga\u00e7\u00e3o do edital.<\/p>\n<h3>Hor\u00e1rio de Funcionamento IML em Goi\u00e2nia<\/h3>\n<ul>\n<li>24 horas<\/li>\n<\/ul>\n<h3>Endere\u00e7o e Telefone IML em Goi\u00e2nia<\/h3>\n<ul>\n<li>Av. At\u00edlio Correia Lima, 1223 &#8211; Setor Cidade Jardim &#8211; Goi\u00e2nia &#8211; GO<\/li>\n<li>Telefone: (62) 3201-1255<\/li>\n<\/ul>\n<h4>Outras informa\u00e7\u00f5es e site<\/h4>\n<ul>\n<li>Mais informa\u00e7\u00f5es:\u00a0<a href=\"http:\/\/www.policiacientifica.go.gov.br\/\" target=\"_blank\" rel=\"noopener noreferrer\">www.policiacientifica.go.gov.br<\/a><\/li>\n<\/ul>\n<h4>Mapa de localiza\u00e7\u00e3o<\/h4>\n<a class=\"wp-colorbox-iframe\" href=\"https:\/\/www.google.com\/maps\/embed?pb=!1m18!1m12!1m3!1d3821.891703025386!2d-49.304666585133425!3d-16.682301888504664!2m3!1f0!2f0!3f0!3m2!1i1024!2i768!4f13.1!3m3!1m2!1s0x935ef41f05e299710x56992d2b5cad0dd7!2sAv.+Eng.+Atlio+Corra+Lima+1223+-+Cidade+Jardim+Goinia+-+GO+74425-030!5e0!3m2!1spt-BR!2sbr!4v1554713851752!5m2!1spt-BR!2sbr\"><img decoding=\"async\" src=\"http:\/\/www.encontragoiania.com.br\/imgs\/maps-post.png\"><\/a>\n\n<div style=\"font-size: 0px; height: 0px; line-height: 0px; margin: 0; padding: 0; clear: both;\"><\/div>","protected":false},"excerpt":{"rendered":"<p>O Instituto M\u00e9dico-Legal \u00e9 um \u00f3rg\u00e3o p\u00fablico subordinado \u00e0\u00a0Secretaria de Estado da Seguran\u00e7a P\u00fablica\u00a0\u2013\u00a0SESP.\u00a0O\u00a0IML Goi\u00e2nia\u00a0presta servi\u00e7os de Pol\u00edcia Cient\u00edfica na \u00e1rea de Medicina Legal. Realiza per\u00edcias m\u00e9dico-legais em cad\u00e1veres, partes de corpos, ossadas completas ou n\u00e3o, e em pessoas vivas, al\u00e9m de exames complementares (laboratoriais) nas \u00e1reas de anatomia patol\u00f3gica, toxicologia, qu\u00edmica legal e sexologia forense, requisitadas por autoridades policiais e judici\u00e1rias, necess\u00e1rias ao esclarecimento dos processos policiais, judici\u00e1rios e administrativos. O Instituto M\u00e9dico-Legal de Goi\u00e2nia possui compet\u00eancia para a realiza\u00e7\u00e3o de pesquisas cient\u00edficas relacionadas \u00e0 Medicina Legal.\u00a0Exerce a\u00e7\u00e3o em todo o Estado possuindo uma sede na Capital e dezessete <\/p>\n","protected":false},"author":1,"featured_media":0,"parent":0,"menu_order":0,"comment_status":"closed","ping_status":"closed","template":"","meta":{"footnotes":""},"class_list":["post-2946","page","type-page","status-publish","hentry"],"aioseo_notices":[],"_links":{"self":[{"href":"https:\/\/www.encontragoiania.com.br\/sobre\/wp-json\/wp\/v2\/pages\/2946","targetHints":{"allow":["GET"]}}],"collection":[{"href":"https:\/\/www.encontragoiania.com.br\/sobre\/wp-json\/wp\/v2\/pages"}],"about":[{"href":"https:\/\/www.encontragoiania.com.br\/sobre\/wp-json\/wp\/v2\/types\/page"}],"author":[{"embeddable":true,"href":"https:\/\/www.encontragoiania.com.br\/sobre\/wp-json\/wp\/v2\/users\/1"}],"replies":[{"embeddable":true,"href":"https:\/\/www.encontragoiania.com.br\/sobre\/wp-json\/wp\/v2\/comments?post=2946"}],"version-history":[{"count":0,"href":"https:\/\/www.encontragoiania.com.br\/sobre\/wp-json\/wp\/v2\/pages\/2946\/revisions"}],"wp:attachment":[{"href":"https:\/\/www.encontragoiania.com.br\/sobre\/wp-json\/wp\/v2\/media?parent=2946"}],"curies":[{"name":"wp","href":"https:\/\/api.w.org\/{rel}","templated":true}]}}