{"id":2902,"date":"2019-03-30T05:22:41","date_gmt":"2019-03-30T08:22:41","guid":{"rendered":"https:\/\/www.encontragoiania.com.br\/sobre\/?page_id=2902"},"modified":"2019-03-30T05:22:41","modified_gmt":"2019-03-30T08:22:41","slug":"spc-goiania","status":"publish","type":"page","link":"https:\/\/www.encontragoiania.com.br\/sobre\/spc-goiania\/","title":{"rendered":"SPC Goi\u00e2nia"},"content":{"rendered":"<div class=\"196752fdcd61442359b13893514e4d90\" data-index=\"1\" style=\"float: none; margin:0px;\">\n<!-- Anuncio display - global -->\r\n<ins class=\"adsbygoogle\"\r\n     style=\"display:block\"\r\n     data-ad-client=\"ca-pub-8585364105181520\"\r\n     data-ad-slot=\"8789329856\"\r\n     data-ad-format=\"auto\"\r\n     data-full-width-responsive=\"true\"><\/ins>\r\n<script>\r\n     (adsbygoogle = window.adsbygoogle || []).push({});\r\n<\/script>\n<\/div>\n<p>O\u00a0<b>SPC Goi\u00e2nia<\/b><b>\u00a0<\/b>(Servi\u00e7o de Prote\u00e7\u00e3o ao Cr\u00e9dito), ou\u00a0<i>bureau<\/i>\u00a0de cr\u00e9dito, \u00e9 um\u00a0servi\u00e7o\u00a0de informa\u00e7\u00f5es de cr\u00e9dito, que utiliza informa\u00e7\u00f5es de adimpl\u00eancia e inadimpl\u00eancia de\u00a0pessoas f\u00edsicas\u00a0ou\u00a0jur\u00eddicas\u00a0para fins de decis\u00e3o sobre cr\u00e9dito.<\/p>\n<p>Historicamente, no Brasil a concess\u00e3o de cr\u00e9dito \u00e9 baseada exclusivamente nos registros de inadimpl\u00eancia, utilizado para checar o hist\u00f3rico de mau pagamento de consumidores ou empresas.<\/p>\n<p><img loading=\"lazy\" decoding=\"async\" class=\"alignnone wp-image-2903 size-full\" title=\"SPC Goi\u00e2nia\" src=\"https:\/\/www.encontragoiania.com.br\/sobre\/wp-content\/uploads\/2019\/03\/spc-goiania.gif\" alt=\"SPC Goi\u00e2nia\" width=\"680\" height=\"189\" \/><\/p>\n<h2>SPC\u00a0Goi\u00e2nia <span id=\"Como_retirar_o_nome_da_lista_de_inadimplente\" class=\"mw-headline\">Como retirar o nome da lista de inadimplente<\/span><\/h2>\n<p>Ao tomar ci\u00eancia de que seu nome consta na lista de inadimplentes de \u00f3rg\u00e3os de prote\u00e7\u00e3o ao cr\u00e9dito; o primeiro passo \u00e9 identificar qual o tipo de pend\u00eancia que esta registrado.<\/p>\n<ul>\n<li>No caso de empresas de varejo,\u00a0<i>utilities<\/i>, bancos e financeiras, deve-se entrar em contato com o credor para negociar a d\u00edvida. Caso seja feito um acordo para pagamento da d\u00edvida, a empresa que solicitou a inclus\u00e3o do d\u00e9bito junto aos \u00f3rg\u00e3os de prote\u00e7\u00e3o ao cr\u00e9dito, dever\u00e1 solicitar a exclus\u00e3o da informa\u00e7\u00e3o de d\u00e9bito.<\/li>\n<li>No caso de cheques devolvidos (a partir da segunda devolu\u00e7\u00e3o \u00e9 anotado no\u00a0Cadastro de Emitentes de Cheques sem Fundos\u00a0(CCF) do\u00a0Banco Central do Brasil), deve-se recuperar o cheque junto ao fornecedor. Com o cheque em m\u00e3os, deve-se apresentar o cheque a comprova\u00e7\u00e3o da quita\u00e7\u00e3o na ag\u00eancia banc\u00e1ria vinculada ao cheque, e solicitar a exclus\u00e3o do cadastro do CCF.<\/li>\n<li>No caso de t\u00edtulos de protesto originados de nota promiss\u00f3ria, duplicata, letra de c\u00e2mbio ou cheque sem fundo, deve-se procurar o cart\u00f3rio no qual foi lavrado o d\u00e9bito. Deve-se solicitar uma certid\u00e3o a fim de obter informa\u00e7\u00f5es de identifica\u00e7\u00e3o (nome, telefone e endere\u00e7o) da pessoa que protestou. Ent\u00e3o, entre em contato e quite o d\u00e9bito. Resgate o t\u00edtulo (documento que gerou o protesto) e, tamb\u00e9m deve ser solicitada uma carta de anu\u00eancia ou recibo de pagamento. Apresente esses documentos no cart\u00f3rio onde o t\u00edtulo foi apresentado para que a baixa seja efetuada.<sup id=\"cite_ref-4\" class=\"reference\"><\/sup><\/li>\n<\/ul>\n<h4>Servi\u00e7o de Prote\u00e7\u00e3o ao Cr\u00e9dito Goi\u00e2nia Consulta Gr\u00e1tis<\/h4>\n<p>A\u00a0<em>consulta<\/em>\u00a0do seu CPF \u00e9 feita\u00a0<em>gratuitamente<\/em>\u00a0em qualquer ag\u00eancia do SPC, compare\u00e7a no endere\u00e7o abaixo e fa\u00e7a sua consulta.<\/p>\n<h3>CDL Goi\u00e2nia Cursos<\/h3>\n<p>A CDL oferece cursos na \u00e1rea de Escola de Neg\u00f3cios, acesse o site e veja a programa\u00e7\u00e3o dos cursos do m\u00eas.<\/p>\n<h3>CDL Goi\u00e2nia Boleto<\/h3>\n<p>No site da CDL tem um novo espa\u00e7o. Uma \u00e1rea de acesso restrito com detalhamento de fatura, emiss\u00e3o de nota fiscal, nota fiscal eletr\u00f4nica e <em>boleto<\/em>.\u00a0Nesta nova \u00e1rea voc\u00ea associado ter\u00e1 acesso aos mais novos servi\u00e7os ofertados pela CDL Goi\u00e2nia, al\u00e9m dos servi\u00e7os j\u00e1 consagrados.<\/p>\n<h3>Hor\u00e1rio de Funcionamento SPC em Goi\u00e2nia<\/h3>\n<ul>\n<li>Segunda a Sexta das 08h \u00e0s 18h \/ S\u00e1bado das 08h \u00e0s 12h<\/li>\n<\/ul>\n<h3>Endere\u00e7o e Telefone SPC em Goi\u00e2nia<\/h3>\n<ul>\n<li>R. 8, 626 &#8211; St. Oeste &#8211; Goi\u00e2nia &#8211; GO<\/li>\n<li>Telefone: (62) 4002-4224<\/li>\n<\/ul>\n<h4>Outras informa\u00e7\u00f5es e site<\/h4>\n<ul>\n<li>Mais informa\u00e7\u00f5es:\u00a0<a href=\"http:\/\/www.cdlgoiania.com.br\/\" target=\"_blank\" rel=\"noopener noreferrer\">www.cdlgoiania.com.br<\/a><\/li>\n<\/ul>\n<h4>Mapa de localiza\u00e7\u00e3o<\/h4>\n<a class=\"wp-colorbox-iframe\" href=\"https:\/\/www.google.com\/maps\/embed?pb=!1m14!1m8!1m3!1d15287.363203153594!2d-49.2678606!3d-16.6848481!3m2!1i1024!2i768!4f13.1!3m3!1m2!1s0x00xc027959d29842e5e!2sCDL+-+Goinia!5e0!3m2!1spt-BR!2sbr!4v1553933919142!5m2!1spt-BR!2sbr\"><img decoding=\"async\" src=\"http:\/\/www.encontragoiania.com.br\/imgs\/maps-post.png\"><\/a>\n\n<div style=\"font-size: 0px; height: 0px; line-height: 0px; margin: 0; padding: 0; clear: both;\"><\/div>","protected":false},"excerpt":{"rendered":"<p>O\u00a0SPC Goi\u00e2nia\u00a0(Servi\u00e7o de Prote\u00e7\u00e3o ao Cr\u00e9dito), ou\u00a0bureau\u00a0de cr\u00e9dito, \u00e9 um\u00a0servi\u00e7o\u00a0de informa\u00e7\u00f5es de cr\u00e9dito, que utiliza informa\u00e7\u00f5es de adimpl\u00eancia e inadimpl\u00eancia de\u00a0pessoas f\u00edsicas\u00a0ou\u00a0jur\u00eddicas\u00a0para fins de decis\u00e3o sobre cr\u00e9dito. Historicamente, no Brasil a concess\u00e3o de cr\u00e9dito \u00e9 baseada exclusivamente nos registros de inadimpl\u00eancia, utilizado para checar o hist\u00f3rico de mau pagamento de consumidores ou empresas. SPC\u00a0Goi\u00e2nia Como retirar o nome da lista de inadimplente Ao tomar ci\u00eancia de que seu nome consta na lista de inadimplentes de \u00f3rg\u00e3os de prote\u00e7\u00e3o ao cr\u00e9dito; o primeiro passo \u00e9 identificar qual o tipo de pend\u00eancia que esta registrado. No caso de empresas de varejo,\u00a0utilities, bancos <\/p>\n","protected":false},"author":1,"featured_media":0,"parent":0,"menu_order":0,"comment_status":"closed","ping_status":"closed","template":"","meta":{"footnotes":""},"class_list":["post-2902","page","type-page","status-publish","hentry"],"aioseo_notices":[],"_links":{"self":[{"href":"https:\/\/www.encontragoiania.com.br\/sobre\/wp-json\/wp\/v2\/pages\/2902","targetHints":{"allow":["GET"]}}],"collection":[{"href":"https:\/\/www.encontragoiania.com.br\/sobre\/wp-json\/wp\/v2\/pages"}],"about":[{"href":"https:\/\/www.encontragoiania.com.br\/sobre\/wp-json\/wp\/v2\/types\/page"}],"author":[{"embeddable":true,"href":"https:\/\/www.encontragoiania.com.br\/sobre\/wp-json\/wp\/v2\/users\/1"}],"replies":[{"embeddable":true,"href":"https:\/\/www.encontragoiania.com.br\/sobre\/wp-json\/wp\/v2\/comments?post=2902"}],"version-history":[{"count":0,"href":"https:\/\/www.encontragoiania.com.br\/sobre\/wp-json\/wp\/v2\/pages\/2902\/revisions"}],"wp:attachment":[{"href":"https:\/\/www.encontragoiania.com.br\/sobre\/wp-json\/wp\/v2\/media?parent=2902"}],"curies":[{"name":"wp","href":"https:\/\/api.w.org\/{rel}","templated":true}]}}