{"id":2884,"date":"2019-03-20T12:50:11","date_gmt":"2019-03-20T15:50:11","guid":{"rendered":"https:\/\/www.encontragoiania.com.br\/sobre\/?page_id=2884"},"modified":"2019-03-20T12:54:45","modified_gmt":"2019-03-20T15:54:45","slug":"tre-goiania","status":"publish","type":"page","link":"https:\/\/www.encontragoiania.com.br\/sobre\/tre-goiania\/","title":{"rendered":"TRE Goi\u00e2nia"},"content":{"rendered":"<div class=\"196752fdcd61442359b13893514e4d90\" data-index=\"1\" style=\"float: none; margin:0px;\">\n<!-- Anuncio display - global -->\r\n<ins class=\"adsbygoogle\"\r\n     style=\"display:block\"\r\n     data-ad-client=\"ca-pub-8585364105181520\"\r\n     data-ad-slot=\"8789329856\"\r\n     data-ad-format=\"auto\"\r\n     data-full-width-responsive=\"true\"><\/ins>\r\n<script>\r\n     (adsbygoogle = window.adsbygoogle || []).push({});\r\n<\/script>\n<\/div>\n<p>O <strong>TRE Goi\u00e2nia<\/strong> &#8211; Tribunal Regional Eleitoral Goi\u00e2nia, atrav\u00e9s da Secretaria Judici\u00e1ria, Coordenadoria de Gest\u00e3o da Informa\u00e7\u00e3o e Se\u00e7\u00e3o de Biblioteca e Mem\u00f3ria Institucional.<\/p>\n<p>Disponibiliza parte de seu acervo hist\u00f3rico buscando resgatar e divulgar a mem\u00f3ria da Justi\u00e7a Eleitoral\u00a0em seu trabalho de consolida\u00e7\u00e3o da democracia.<\/p>\n<p><img loading=\"lazy\" decoding=\"async\" class=\"alignnone wp-image-2885 size-full\" title=\"TRE Goi\u00e2nia\" src=\"https:\/\/www.encontragoiania.com.br\/sobre\/wp-content\/uploads\/2019\/03\/TRE-GOIANIA.gif\" alt=\"TRE Goi\u00e2nia\" width=\"680\" height=\"189\" \/><\/p>\n<p>Composto por documentos que registram o processo eleitoral ainda no per\u00edodo da Primeira Rep\u00fablica, informa\u00e7\u00f5es e registros referentes a instala\u00e7\u00e3o da Justi\u00e7a Eleitoral, divis\u00e3o territorial paranaense em zonas eleitorais, alistamento, servidores e administra\u00e7\u00e3o, o acervo disp\u00f5e, tamb\u00e9m, de objetos que retratam fragmentos da Hist\u00f3ria do Tribunal Regional Eleitoral do Paran\u00e1, ao longo de sua trajet\u00f3ria.<\/p>\n<h3>TRE Goi\u00e2nia T\u00edtulo de Eleitor<\/h3>\n<p><em>T\u00edtulo de eleitor<\/em>\u00a0\u00e9 o documento que comprova que um determinado cidad\u00e3o est\u00e1 inscrito na Justi\u00e7a Eleitoral do Brasil e se encontra apto a exercer tanto o eleitorado ativo (votar num candidato), quanto o eleitorado passivo (ser votado como candidato) em elei\u00e7\u00f5es municipais, estaduais e federais, excetuando-se, no caso do eleitorado passivo os cidad\u00e3os que se encaixem no artigo 1\u00b0 da lei complementar n\u00b0 64 de 18 de maio de 1990. \u00c9 tamb\u00e9m condi\u00e7\u00e3o fundamental para sua obten\u00e7\u00e3o que o eleitor possua a nacionalidade brasileira.<\/p>\n<p>O t\u00edtulo eleitoral \u00e9 um documento impresso por computador, onde constam o nome do eleitor, a data de nascimento, a Unidade da Federa\u00e7\u00e3o, o munic\u00edpio, a zona e sec\u00e7\u00e3o eleitorais onde o cidad\u00e3o vota, o n\u00famero da inscri\u00e7\u00e3o eleitoral, a data de emiss\u00e3o, a assinatura do juiz eleitoral, a assinatura do eleitor ou a impress\u00e3o digital de seu polegar (caso se trate de um analfabeto).<\/p>\n<p>Para fazer o seu t\u00edtulo basta comparecer ao cart\u00f3rio eleitoral mais pr\u00f3ximo da sua resid\u00eancia.<\/p>\n<h3>TRE Goi\u00e2nia\u00a0Justificar Votos<\/h3>\n<p>Para <em>justificar seu voto<\/em> ap\u00f3s a data da elei\u00e7\u00e3o basta comparecer a um dos endere\u00e7os abaixo munido do seu T\u00edtulo de eleitor ou um documento com foto. L\u00e1 o funcion\u00e1rio far\u00e1 um boleto para quita\u00e7\u00e3o da multa, pagar e voltar para tirar o seu comprovante de justificativa.<\/p>\n<h3>Hor\u00e1rio de Funcionamento\u00a0TRE em Goi\u00e2nia<\/h3>\n<ul>\n<li><strong>Setor Oeste 1:<\/strong>\u00a0Segunda a Sexta das 12h \u00e0s 18h<\/li>\n<li><strong>Setor Oeste 2:<\/strong> Segunda a Sexta das 12h \u00e0s 19h<\/li>\n<li><strong>Setor Aeroporto:<\/strong> Segunda a Sexta das 12h \u00e0s 18h<\/li>\n<li><strong>Setor Sul:<\/strong> Segunda a Sexta das 12h \u00e0s 18h<\/li>\n<\/ul>\n<h3>Endere\u00e7o e Telefone TRE em Goi\u00e2nia<\/h3>\n<ul>\n<li><strong>Setor Oeste 1:<\/strong> Av. T-7, 371 &#8211; Telefone: (62) 3920-4303<\/li>\n<li><strong>Setor Oeste 2:<\/strong> Rua 13, 528 &#8211; Telefone: (62) 3920-4334<\/li>\n<li><strong>Setor Aeroporto:<\/strong> Rua 25A, 521 &#8211; Telefone: N\u00e3o informado<\/li>\n<li><strong>Setor Sul:<\/strong> Pra\u00e7a Dr. Pedro Ludovico Teixeira, 300 &#8211; Telefone: (62) 3920-4114<\/li>\n<\/ul>\n<h4>Outras informa\u00e7\u00f5es e site<\/h4>\n<ul>\n<li>Mais informa\u00e7\u00f5es:\u00a0<a href=\"http:\/\/www.tre-go.jus.br\/\" target=\"_blank\" rel=\"noopener noreferrer\">www.tre-go.jus.br<\/a><\/li>\n<\/ul>\n<h4>Mapa de localiza\u00e7\u00e3o Setor Sul<\/h4>\n<a class=\"wp-colorbox-iframe\" href=\"https:\/\/www.google.com\/maps\/embed?pb=!1m18!1m12!1m3!1d3821.8914071750287!2d-49.257844385133275!3d-16.682316688504727!2m3!1f0!2f0!3f0!3m2!1i1024!2i768!4f13.1!3m3!1m2!1s0x935ef1651415ce8b0x3a6b599bff259fb6!2sPraa+Dr.+Pedro+Ludovico+Teixeira+300+-+St.+Sul+Goinia+-+GO+74083-010!5e0!3m2!1spt-BR!2sbr!4v1553096783614\"><img decoding=\"async\" src=\"http:\/\/www.encontragoiania.com.br\/imgs\/maps-post.png\"><\/a>\n\n<div style=\"font-size: 0px; height: 0px; line-height: 0px; margin: 0; padding: 0; clear: both;\"><\/div>","protected":false},"excerpt":{"rendered":"<p>O TRE Goi\u00e2nia &#8211; Tribunal Regional Eleitoral Goi\u00e2nia, atrav\u00e9s da Secretaria Judici\u00e1ria, Coordenadoria de Gest\u00e3o da Informa\u00e7\u00e3o e Se\u00e7\u00e3o de Biblioteca e Mem\u00f3ria Institucional. Disponibiliza parte de seu acervo hist\u00f3rico buscando resgatar e divulgar a mem\u00f3ria da Justi\u00e7a Eleitoral\u00a0em seu trabalho de consolida\u00e7\u00e3o da democracia. Composto por documentos que registram o processo eleitoral ainda no per\u00edodo da Primeira Rep\u00fablica, informa\u00e7\u00f5es e registros referentes a instala\u00e7\u00e3o da Justi\u00e7a Eleitoral, divis\u00e3o territorial paranaense em zonas eleitorais, alistamento, servidores e administra\u00e7\u00e3o, o acervo disp\u00f5e, tamb\u00e9m, de objetos que retratam fragmentos da Hist\u00f3ria do Tribunal Regional Eleitoral do Paran\u00e1, ao longo de sua trajet\u00f3ria. <\/p>\n","protected":false},"author":1,"featured_media":0,"parent":0,"menu_order":0,"comment_status":"closed","ping_status":"closed","template":"","meta":{"footnotes":""},"class_list":["post-2884","page","type-page","status-publish","hentry"],"aioseo_notices":[],"_links":{"self":[{"href":"https:\/\/www.encontragoiania.com.br\/sobre\/wp-json\/wp\/v2\/pages\/2884","targetHints":{"allow":["GET"]}}],"collection":[{"href":"https:\/\/www.encontragoiania.com.br\/sobre\/wp-json\/wp\/v2\/pages"}],"about":[{"href":"https:\/\/www.encontragoiania.com.br\/sobre\/wp-json\/wp\/v2\/types\/page"}],"author":[{"embeddable":true,"href":"https:\/\/www.encontragoiania.com.br\/sobre\/wp-json\/wp\/v2\/users\/1"}],"replies":[{"embeddable":true,"href":"https:\/\/www.encontragoiania.com.br\/sobre\/wp-json\/wp\/v2\/comments?post=2884"}],"version-history":[{"count":0,"href":"https:\/\/www.encontragoiania.com.br\/sobre\/wp-json\/wp\/v2\/pages\/2884\/revisions"}],"wp:attachment":[{"href":"https:\/\/www.encontragoiania.com.br\/sobre\/wp-json\/wp\/v2\/media?parent=2884"}],"curies":[{"name":"wp","href":"https:\/\/api.w.org\/{rel}","templated":true}]}}