{"id":2819,"date":"2019-02-25T13:06:29","date_gmt":"2019-02-25T16:06:29","guid":{"rendered":"https:\/\/www.encontragoiania.com.br\/sobre\/?page_id=2819"},"modified":"2019-02-25T13:07:29","modified_gmt":"2019-02-25T16:07:29","slug":"trt-goiania","status":"publish","type":"page","link":"https:\/\/www.encontragoiania.com.br\/sobre\/trt-goiania\/","title":{"rendered":"TRT Goi\u00e2nia"},"content":{"rendered":"<div class=\"196752fdcd61442359b13893514e4d90\" data-index=\"1\" style=\"float: none; margin:0px;\">\n<!-- Anuncio display - global -->\r\n<ins class=\"adsbygoogle\"\r\n     style=\"display:block\"\r\n     data-ad-client=\"ca-pub-8585364105181520\"\r\n     data-ad-slot=\"8789329856\"\r\n     data-ad-format=\"auto\"\r\n     data-full-width-responsive=\"true\"><\/ins>\r\n<script>\r\n     (adsbygoogle = window.adsbygoogle || []).push({});\r\n<\/script>\n<\/div>\n<p>O <strong>TRT Goi\u00e2nia<\/strong> corresponde \u00e0 segunda inst\u00e2ncia na tramita\u00e7\u00e3o de um processo trabalhista, apreciando recursos ordin\u00e1rios e agravos de peti\u00e7\u00e3o, mas det\u00eam compet\u00eancias origin\u00e1rias de julgamento em casos de diss\u00eddios coletivos, a\u00e7\u00f5es rescis\u00f3rias, mandados de seguran\u00e7a, entre outros.<\/p>\n<p>Criados em 1941 como Conselhos Regionais do Trabalho e inicialmente vinculados ao Poder Executivo, os Tribunais Regionais do Trabalho s\u00f3 receberam tal denomina\u00e7\u00e3o em 1946, quando passaram a integrar o Poder Judici\u00e1rio.<\/p>\n<p><img loading=\"lazy\" decoding=\"async\" class=\"alignnone wp-image-2820 size-full\" title=\"TRT Goi\u00e2nia\" src=\"https:\/\/www.encontragoiania.com.br\/sobre\/wp-content\/uploads\/2019\/02\/TRT-goiania.gif\" alt=\"TRT Goi\u00e2nia\" width=\"680\" height=\"189\" \/><\/p>\n<p>Os TRT, atualmente em n\u00famero de vinte e quatro, est\u00e3o distribu\u00eddos pelo territ\u00f3rio nacional e sua \u00e1rea de jurisdi\u00e7\u00e3o normalmente corresponde aos limites territoriais de cada estado-membro, exce\u00e7\u00e3o feita aos TRT da 2.\u00aa e 15.\u00aa Regi\u00f5es, localizados no estado de S\u00e3o Paulo.<\/p>\n<p>A reda\u00e7\u00e3o original do artigo 112 da Constitui\u00e7\u00e3o Federal de 1988 estabelecia que &#8220;haver\u00e1 pelo menos um TRT em cada Estado e no Distrito Federal&#8221;. Todavia, esse comando deixou de constar a partir da publica\u00e7\u00e3o da Emenda Constitucional n.\u00ba 45\/2004. Dessa forma, n\u00e3o chegaram a ser criados TRT nos Estados de Tocantins, Acre, Roraima e Amap\u00e1. Como mencionado, o estado de S\u00e3o Paulo possui dois Tribunais Regionais do Trabalho: o da 2.\u00aa Regi\u00e3o, sediado na capital do estado, com jurisdi\u00e7\u00e3o sobre a Regi\u00e3o Metropolitana de S\u00e3o Paulo, parte da Regi\u00e3o Metropolitana da Baixada Santista (Santos, S\u00e3o Vicente, Praia Grande, Guaruj\u00e1, Cubat\u00e3o e Bertioga) e o munic\u00edpio interiorano de Ibi\u00fana, e o da 15.\u00aa Regi\u00e3o, com sede em Campinas e jurisdi\u00e7\u00e3o sobre os demais munic\u00edpios paulistas. O estado de Minas Gerais possui a primeira turma recursal descentralizada da Justi\u00e7a do Trabalho, instalada na cidade de de Juiz de Fora em dezembro de 2007. A escolha de Juiz de Fora encontra justificativa no grande n\u00famero de recursos da regi\u00e3o que chegavam ao TRT 3.\u00aa Regi\u00e3o. A Turma Recursal de Juiz de Fora tem compet\u00eancia para julgar os recursos oriundos das varas do Trabalho de Barbacena, Cataguases, Muria\u00e9, S\u00e3o Jo\u00e3o del Rei, Ub\u00e1 e logicamente os recursos de Juiz de Fora.<\/p>\n<h2>TRT\u00a0Goi\u00e2nia Consulta Processual<\/h2>\n<p>Voc\u00ea pode <em>consultar o seu processo<\/em> na p\u00e1gina inicial do TRT utilizando o n\u00famero do processo e o ano de abertura.<\/p>\n<h3>TRT\u00a0Goi\u00e2nia\u00a0Certid\u00f5es<\/h3>\n<p>Para acessar<em> certid\u00f5es <\/em>on line basta entrar no site do TRT na aba &#8220;servi\u00e7os&#8221; e clique em certid\u00f5es on line, a partir da\u00ed basta clicar no servi\u00e7o que voc\u00ea precisa e preencher os formul\u00e1rios.<em><br \/>\n<\/em><\/p>\n<h3>TRT\u00a0Goi\u00e2nia\u00a0Concursos<\/h3>\n<p>O TRT contrata profissionais atrav\u00e9s de<em> concursos <\/em>p\u00fablicos, fique atento ao site e ao <a href=\"https:\/\/www.encontragoiania.com.br\/sobre\/diario-oficial-de-goiania\/\" target=\"_blank\" rel=\"noopener noreferrer\">Di\u00e1rio Oficial<\/a> da Regi\u00e3o e n\u00e3o perca as inscri\u00e7\u00f5es e as provas.<\/p>\n<h3>Hor\u00e1rio de Funcionamento\u00a0TRT em Goi\u00e2nia<\/h3>\n<ul>\n<li><strong>TRT 18\u00aa Regi\u00e3o:<\/strong>\u00a0Segunda a Sexta das 08h \u00e0s 16h<\/li>\n<li><strong>TRT Setor Bueno:<\/strong> Segunda a Sexta das 08h \u00e0s 18h<\/li>\n<\/ul>\n<h3>Onde Fica, Endere\u00e7o e Telefone\u00a0TRT em Goi\u00e2nia<\/h3>\n<ul>\n<li><strong>TRT 18\u00aa Regi\u00e3o:<\/strong> Rua T-29, 1403 qd 22 lt 7 &#8211; Telefone: (62) 3222-5000 8-16<\/li>\n<li><strong>TRT Setor Bueno:<\/strong> Rua T1, 451 qd 22 &#8211; Telefone: (62) 3901-3664 8-18<\/li>\n<\/ul>\n<h4>Outras informa\u00e7\u00f5es e site<\/h4>\n<ul>\n<li>Mais informa\u00e7\u00f5es:\u00a0<a href=\"http:\/\/www.trt18.jus.br\/\" target=\"_blank\" rel=\"noopener noreferrer\">www.trt18.jus.br<\/a><\/li>\n<\/ul>\n<h4>Mapa de localiza\u00e7\u00e3o TRT 18\u00aa Regi\u00e3o<\/h4>\n<a class=\"wp-colorbox-iframe\" href=\"https:\/\/www.google.com\/maps\/embed?pb=!1m18!1m12!1m3!1d3821.536933378472!2d-49.27543818513324!3d-16.700040188493976!2m3!1f0!2f0!3f0!3m2!1i1024!2i768!4f13.1!3m3!1m2!1s0x935ef139ce1301470x6c5a06f54d7574c7!2sR.+T-29+1403+-+qd+22+lt+7+-+St.+Bueno+Goinia+-+GO+74215-050!5e0!3m2!1spt-BR!2sbr!4v1551110601380\"><img decoding=\"async\" src=\"http:\/\/www.encontragoiania.com.br\/imgs\/maps-post.png\"><\/a>\n\n<div style=\"font-size: 0px; height: 0px; line-height: 0px; margin: 0; padding: 0; clear: both;\"><\/div>","protected":false},"excerpt":{"rendered":"<p>O TRT Goi\u00e2nia corresponde \u00e0 segunda inst\u00e2ncia na tramita\u00e7\u00e3o de um processo trabalhista, apreciando recursos ordin\u00e1rios e agravos de peti\u00e7\u00e3o, mas det\u00eam compet\u00eancias origin\u00e1rias de julgamento em casos de diss\u00eddios coletivos, a\u00e7\u00f5es rescis\u00f3rias, mandados de seguran\u00e7a, entre outros. Criados em 1941 como Conselhos Regionais do Trabalho e inicialmente vinculados ao Poder Executivo, os Tribunais Regionais do Trabalho s\u00f3 receberam tal denomina\u00e7\u00e3o em 1946, quando passaram a integrar o Poder Judici\u00e1rio. Os TRT, atualmente em n\u00famero de vinte e quatro, est\u00e3o distribu\u00eddos pelo territ\u00f3rio nacional e sua \u00e1rea de jurisdi\u00e7\u00e3o normalmente corresponde aos limites territoriais de cada estado-membro, exce\u00e7\u00e3o feita aos <\/p>\n","protected":false},"author":1,"featured_media":0,"parent":0,"menu_order":0,"comment_status":"closed","ping_status":"closed","template":"","meta":{"footnotes":""},"class_list":["post-2819","page","type-page","status-publish","hentry"],"aioseo_notices":[],"_links":{"self":[{"href":"https:\/\/www.encontragoiania.com.br\/sobre\/wp-json\/wp\/v2\/pages\/2819","targetHints":{"allow":["GET"]}}],"collection":[{"href":"https:\/\/www.encontragoiania.com.br\/sobre\/wp-json\/wp\/v2\/pages"}],"about":[{"href":"https:\/\/www.encontragoiania.com.br\/sobre\/wp-json\/wp\/v2\/types\/page"}],"author":[{"embeddable":true,"href":"https:\/\/www.encontragoiania.com.br\/sobre\/wp-json\/wp\/v2\/users\/1"}],"replies":[{"embeddable":true,"href":"https:\/\/www.encontragoiania.com.br\/sobre\/wp-json\/wp\/v2\/comments?post=2819"}],"version-history":[{"count":0,"href":"https:\/\/www.encontragoiania.com.br\/sobre\/wp-json\/wp\/v2\/pages\/2819\/revisions"}],"wp:attachment":[{"href":"https:\/\/www.encontragoiania.com.br\/sobre\/wp-json\/wp\/v2\/media?parent=2819"}],"curies":[{"name":"wp","href":"https:\/\/api.w.org\/{rel}","templated":true}]}}