{"id":2777,"date":"2019-02-21T05:22:35","date_gmt":"2019-02-21T08:22:35","guid":{"rendered":"https:\/\/www.encontragoiania.com.br\/sobre\/?page_id=2777"},"modified":"2019-02-21T05:23:31","modified_gmt":"2019-02-21T08:23:31","slug":"hdt-goiania","status":"publish","type":"page","link":"https:\/\/www.encontragoiania.com.br\/sobre\/hdt-goiania\/","title":{"rendered":"HDT Goi\u00e2nia"},"content":{"rendered":"<div class=\"196752fdcd61442359b13893514e4d90\" data-index=\"1\" style=\"float: none; margin:0px;\">\n<!-- Anuncio display - global -->\r\n<ins class=\"adsbygoogle\"\r\n     style=\"display:block\"\r\n     data-ad-client=\"ca-pub-8585364105181520\"\r\n     data-ad-slot=\"8789329856\"\r\n     data-ad-format=\"auto\"\r\n     data-full-width-responsive=\"true\"><\/ins>\r\n<script>\r\n     (adsbygoogle = window.adsbygoogle || []).push({});\r\n<\/script>\n<\/div>\n<p>O <strong>HDT Goi\u00e2nia<\/strong> &#8211; Hospital Estadual de Doen\u00e7as Tropicais Dr. Anuar Auad\u00a0&#8211; fundado em 10 de janeiro de 1977, surgiu em virtude de uma grande epidemia de doen\u00e7as Meningoc\u00f3cicas em Goi\u00e1s no per\u00edodo de 1972 a 1976.<\/p>\n<p>Na \u00e9poca, os antigos hospitais Osvaldo Cruz e P\u00eanfigo n\u00e3o possu\u00edam estrutura para atender a sobrecarga da demanda. Dessa forma, surgiu a necessidade da cria\u00e7\u00e3o de um hospital que atendesse pacientes portadores de doen\u00e7as infecciosas e dermatol\u00f3gicas. Assim, nasceu o Hospital Estadual de Doen\u00e7as Tropicais Dr. Anuar Auad de Goi\u00e2nia, uma conjun\u00e7\u00e3o entre os dois antigos hospitais.<\/p>\n<p><img loading=\"lazy\" decoding=\"async\" class=\"alignnone wp-image-2778 size-full\" title=\"HDT Goi\u00e2nia\" src=\"https:\/\/www.encontragoiania.com.br\/sobre\/wp-content\/uploads\/2019\/02\/hospital-hdt-goiania.gif\" alt=\"HDT Goi\u00e2nia\" width=\"680\" height=\"189\" \/><\/p>\n<p>Atualmente, o hospital \u00e9 refer\u00eancia para doen\u00e7as infecciosas e dermatol\u00f3gicas como HIV\/Aids , Tuberculose, Meningite, Hepatite, T\u00e9tano, Acidentes Of\u00eddicos e R\u00e1bicos, Hansen\u00edase, P\u00eanfigo, Vitiligo, entre outras. O HDT\/HAA \u00e9 uma unidade da Secretaria de Estado da Sa\u00fade de Goi\u00e1s que presta atendimento eletivo e de emerg\u00eancia de M\u00e9dia e Alta Complexidade devidamente referenciado pelos Complexos Reguladores Estadual\/Municipal em Infectologia e Dermatologia Sanit\u00e1ria.<\/p>\n<p>Desde julho de 2012, o hospital \u00e9 gerido pela organiza\u00e7\u00e3o social Instituto S\u00f3crates Guanaes (ISG). Desde ent\u00e3o recebeu pr\u00eamio no concurso de Humaniza\u00e7\u00e3o &#8211; em 2014, obtido em Concurso Cultural do Minist\u00e9rio da Sa\u00fade e o Selo de Qualidade da Organiza\u00e7\u00e3o Nacional de Acredita\u00e7\u00e3o (ONA).<\/p>\n<h2>HDT\u00a0Goi\u00e2nia\u00a0Especialidades M\u00e9dicas<\/h2>\n<p>O HDT oferece<em> atendimento especializado<\/em> em Infectologia e Dermatologia. As demais especialidades oferecem suporte para os pacientes definidos com o perfil da unidade, e s\u00e3o as seguintes:<\/p>\n<ul>\n<li>Cl\u00ednica Geral,<\/li>\n<li>Neurologia,<\/li>\n<li>Pneumologia,<\/li>\n<li>Psiquiatria,<\/li>\n<li>Medicina Intensiva,<\/li>\n<li>Cardiologia,<\/li>\n<li>Gastroenterologia,<\/li>\n<li>Ginecologia,<\/li>\n<li>Geriatria,<\/li>\n<li>Nefrologia,<\/li>\n<li>Hematologia,<\/li>\n<li>Nutrologia e<\/li>\n<li>Endocrinologia.<\/li>\n<\/ul>\n<h3>HDT\u00a0Goi\u00e2nia\u00a0Resid\u00eancia M\u00e9dica<\/h3>\n<p>O Hospital contrata\u00a0 para Resid\u00eancia M\u00e9dica atrav\u00e9s de concurso \u00e9 realizado pela Comiss\u00e3o de Resid\u00eancia M\u00e9dica (Coreme). O Programa de Resid\u00eancia em Infectologia tem dura\u00e7\u00e3o de tr\u00eas anos e o de Infectologia Pedi\u00e1trica, dois anos.\u00a0A sele\u00e7\u00e3o ter\u00e1 duas fases: prova escrita (classificat\u00f3ria\u00a0 e\u00a0 eliminat\u00f3ria\u00a0 \u2013\u00a0 90% da pontua\u00e7\u00e3o total) e an\u00e1lise de curr\u00edculo (classificat\u00f3ria). Fique atento ao site para n\u00e3o perder a data de inscri\u00e7\u00e3o e das provas.<\/p>\n<h3>HDT\u00a0Goi\u00e2nia Visitas<\/h3>\n<p>Os hor\u00e1rios de visitas s\u00e3o divididas da seguinte forma:<\/p>\n<ul>\n<li>Alas \u201cA\u201d, \u201cB\u201d, \u201cC\u201d, \u201cD\u201d e emerg\u00eancia: 14h \u00e0s 16h \u2013 2 visitas alternadas;<\/li>\n<li>UTI Pedi\u00e1trica: 16h30 \u00e0s 17h \u2013 2 visitas alternadas;<\/li>\n<li>UTI Adulto: 15h \u00e0s 15h30 \u2013 2 visitas juntas e 19h30 \u00e0s 20h \u2013 2 visitantes;<\/li>\n<li>Troca de acompanhantes: 9h \u00e0s 10h e 18h \u00e0s 19h, com cadastro obrigat\u00f3rio na recep\u00e7\u00e3o.<\/li>\n<\/ul>\n<p>OBS: Para pacientes em isolamento, apenas 1 visitante por hor\u00e1rio<\/p>\n<p>As visitas hospitalares s\u00e3o parte importante no processo de recupera\u00e7\u00e3o dos pacientes. Para facilitar o contato de familiares e amigos com as pessoas internadas, o HDT oferece a op\u00e7\u00e3o noturna para ampliar o acesso dos visitantes \u00e0 unidade, diariamente, das 19h30 \u00e0s 20h. A modalidade \u00e9 exclusiva para a Unidade de Terapia Intensiva (UTI) para adultos, j\u00e1 que na \u00e1rea pedi\u00e1trica os pais t\u00eam livre acesso \u00e0 qualquer hora do dia e da noite.<\/p>\n<h3><\/h3>\n<h3>Vagas\u00a0HDT Goi\u00e2nia &#8211; Trabalhe Conosco<\/h3>\n<p>&nbsp;<\/p>\n<p>O Hospital <em>contrata funcion\u00e1rios<\/em> por meio de concurso p\u00fablico, fique atento ao site e ao <a href=\"https:\/\/www.encontragoiania.com.br\/sobre\/diario-oficial-de-goiania\/\" target=\"_blank\" rel=\"noopener noreferrer\">Di\u00e1rio Oficial<\/a> da regi\u00e3o e n\u00e3o perca as datas de inscri\u00e7\u00e3o e das provas.<\/p>\n<h3>\u00a0Hor\u00e1rio de Funcionamento Hospital Estadual de Doen\u00e7as Tropicais Dr. Anuar Auad em Goi\u00e2nia<\/h3>\n<ul>\n<li>24 horas<\/li>\n<\/ul>\n<h3>Onde Fica, Endere\u00e7o e Telefone Hospital Estadual de Doen\u00e7as Tropicais Dr. Anuar Auad em Goi\u00e2nia<\/h3>\n<ul>\n<li>Alameda do Contorno, 3556 &#8211; Jardim Bela Vista &#8211; Goi\u00e2nia &#8211; GO<\/li>\n<li>Telefone: (62) 3201-3658<\/li>\n<\/ul>\n<h4>Outras informa\u00e7\u00f5es e site<\/h4>\n<ul>\n<li>Mais informa\u00e7\u00f5es:\u00a0<a href=\"http:\/\/www.saude.go.gov.br\/?unidades=hdt-hospital-de-doencas-tropicais\" target=\"_blank\" rel=\"noopener noreferrer\">www.saude.go.gov.br\/hospital-de-doencas-tropicais<\/a><\/li>\n<li>Facebook:\u00a0<a href=\"https:\/\/www.facebook.com\/pages\/Hospital-de-Doen%C3%A7as-Tropicais-HDT\/465203010277642\" target=\"_blank\" rel=\"noopener noreferrer\">www.facebook.com\/Hospital-de-Doen\u00e7as-Tropicais-HDT<\/a><\/li>\n<\/ul>\n<h4>Mapa de localiza\u00e7\u00e3o<\/h4>\n<a class=\"wp-colorbox-iframe\" href=\"https:\/\/www.google.com\/maps\/embed?pb=!1m14!1m8!1m3!1d15283.679817761888!2d-49.2358061!3d-16.7308453!3m2!1i1024!2i768!4f13.1!3m3!1m2!1s0x00x3bb8bbe5715ad3e7!2sHospital+de+Doenas+Tropicais+-+HDT!5e0!3m2!1spt-BR!2sbr!4v1550736934506\"><img decoding=\"async\" src=\"http:\/\/www.encontragoiania.com.br\/imgs\/maps-post.png\"><\/a>\n\n<div style=\"font-size: 0px; height: 0px; line-height: 0px; margin: 0; padding: 0; clear: both;\"><\/div>","protected":false},"excerpt":{"rendered":"<p>O HDT Goi\u00e2nia &#8211; Hospital Estadual de Doen\u00e7as Tropicais Dr. Anuar Auad\u00a0&#8211; fundado em 10 de janeiro de 1977, surgiu em virtude de uma grande epidemia de doen\u00e7as Meningoc\u00f3cicas em Goi\u00e1s no per\u00edodo de 1972 a 1976. Na \u00e9poca, os antigos hospitais Osvaldo Cruz e P\u00eanfigo n\u00e3o possu\u00edam estrutura para atender a sobrecarga da demanda. Dessa forma, surgiu a necessidade da cria\u00e7\u00e3o de um hospital que atendesse pacientes portadores de doen\u00e7as infecciosas e dermatol\u00f3gicas. Assim, nasceu o Hospital Estadual de Doen\u00e7as Tropicais Dr. Anuar Auad de Goi\u00e2nia, uma conjun\u00e7\u00e3o entre os dois antigos hospitais. Atualmente, o hospital \u00e9 refer\u00eancia para <\/p>\n","protected":false},"author":1,"featured_media":0,"parent":0,"menu_order":0,"comment_status":"closed","ping_status":"closed","template":"","meta":{"footnotes":""},"class_list":["post-2777","page","type-page","status-publish","hentry"],"aioseo_notices":[],"_links":{"self":[{"href":"https:\/\/www.encontragoiania.com.br\/sobre\/wp-json\/wp\/v2\/pages\/2777","targetHints":{"allow":["GET"]}}],"collection":[{"href":"https:\/\/www.encontragoiania.com.br\/sobre\/wp-json\/wp\/v2\/pages"}],"about":[{"href":"https:\/\/www.encontragoiania.com.br\/sobre\/wp-json\/wp\/v2\/types\/page"}],"author":[{"embeddable":true,"href":"https:\/\/www.encontragoiania.com.br\/sobre\/wp-json\/wp\/v2\/users\/1"}],"replies":[{"embeddable":true,"href":"https:\/\/www.encontragoiania.com.br\/sobre\/wp-json\/wp\/v2\/comments?post=2777"}],"version-history":[{"count":0,"href":"https:\/\/www.encontragoiania.com.br\/sobre\/wp-json\/wp\/v2\/pages\/2777\/revisions"}],"wp:attachment":[{"href":"https:\/\/www.encontragoiania.com.br\/sobre\/wp-json\/wp\/v2\/media?parent=2777"}],"curies":[{"name":"wp","href":"https:\/\/api.w.org\/{rel}","templated":true}]}}