{"id":2770,"date":"2019-02-13T13:44:00","date_gmt":"2019-02-13T15:44:00","guid":{"rendered":"https:\/\/www.encontragoiania.com.br\/sobre\/?p=2770"},"modified":"2019-03-07T14:22:30","modified_gmt":"2019-03-07T17:22:30","slug":"goiania-esporte-clube","status":"publish","type":"page","link":"https:\/\/www.encontragoiania.com.br\/sobre\/goiania-esporte-clube\/","title":{"rendered":"Goi\u00e2nia Esporte Clube"},"content":{"rendered":"<div class=\"196752fdcd61442359b13893514e4d90\" data-index=\"1\" style=\"float: none; margin:0px;\">\n<!-- Anuncio display - global -->\r\n<ins class=\"adsbygoogle\"\r\n     style=\"display:block\"\r\n     data-ad-client=\"ca-pub-8585364105181520\"\r\n     data-ad-slot=\"8789329856\"\r\n     data-ad-format=\"auto\"\r\n     data-full-width-responsive=\"true\"><\/ins>\r\n<script>\r\n     (adsbygoogle = window.adsbygoogle || []).push({});\r\n<\/script>\n<\/div>\n<p>O <strong>Goi\u00e2nia Esporte Clube<\/strong> (conhecido apenas por Goi\u00e2nia e cujo acr\u00f4nimo \u00e9 GEC) \u00e9 um clube de futebol brasileiro da cidade de Goi\u00e2nia (GO). O clube foi fundado oficialmente em 27 de maio de 1938. \u00c9 um dos times mais tradicionais e importantes do estado de Goi\u00e1s, sendo o segundo time fundado na capital, atr\u00e1s somente do Atl\u00e9tico Goianiense que foi fundado no ano anterior.<\/p>\n<p>Tem como principal apelido a alcunha de Galo, em alus\u00e3o ao seu mascote. O seu uniforme \u00e9 camisa com listras verticais pretas e brancas, cal\u00e7\u00e3o branco e meias pretas, o que lhe rendeu outro apelido, &#8220;Alvinegro&#8221;.<\/p>\n<p><img loading=\"lazy\" decoding=\"async\" class=\"alignnone wp-image-2771 size-full\" title=\"Goi\u00e2nia Esporte Clube\" src=\"https:\/\/www.encontragoiania.com.br\/sobre\/wp-content\/uploads\/2019\/02\/goiania-esporte-clube-goianis.gif\" alt=\"Goi\u00e2nia Esporte Clube\" width=\"680\" height=\"189\" \/><\/p>\n<p>Seu principal rival no futebol \u00e9 o Atl\u00e9tico, com quem mant\u00e9m o primeiro cl\u00e1ssico do futebol goianiense e umas das maiores rivalidades do Centro-Oeste.<\/p>\n<p>Ao longo de sua hist\u00f3ria no futebol, o Goi\u00e2nia possui 14 t\u00edtulos do Campeonato Goiano profissional, incluindo um pentacampeonato entre 1950 e 1954. Foi o primeiro Clube goiano a ganhar uma ta\u00e7a \u00e0 n\u00edvel regional, a Copa Brasil Central de 1967, e o primeiro clube a ganhar um campeonato invicto. \u00c9 um dos quatro clubes do futebol da cidade de Goi\u00e2nia que j\u00e1 participou da principal divis\u00e3o do Campeonato Brasileiro, em quatro edi\u00e7\u00f5es. Participou ainda por duas vezes da Copa do Brasil.<\/p>\n<h2>Goi\u00e2nia\u00a0Esporte Clube Funda\u00e7\u00e3o<\/h2>\n<p>Em 27 de maio de 1938, um grupo se reuniu para fundar uma agremia\u00e7\u00e3o esportiva, a qual passou a denominar-se Corintians Goiano Futebol Clube. Nesta ocasi\u00e3o, foi eleito presidente Ademar Martins Vieira, vice Walfredo de Campos Maia, 1\u00ba secret\u00e1rio Joaquim de Souza, 2\u00ba secret\u00e1rio Acari Brand\u00e3o, 1\u00ba tesoureiro Joaquim Veiga Jardim, 2\u00ba tesoureiro Reinaldo Baiochi e diretor de esportes Carlos Barsi. A comiss\u00e3o de jogos e festas ficou a cargo de Jos\u00e9 Henrique da Veiga Jardim, Jo\u00e3o Saadi e Jo\u00e3o Teixeira Neto, enquanto a comiss\u00e3o de propaganda ficou com Jayme Camara, Frederico Medeiros e Pedro Osorio. Os s\u00f3cios honor\u00e1rios foram Venerando de Freitas Borges, Jo\u00e3o Neddermeyer e Jorge Carneiro. Foram escolhidos como presidentes de honra Pedro Ludovico Teixeira, Coimbra Bueno e Jo\u00e3o Teixeira Alves J\u00fanior[5].<\/p>\n<p>Os membros do clube estavam com grandes expectativas em 1938, e o time correspondeu. Os Camisas pretas, como a m\u00eddia o chamava, ganhou o primeiro cl\u00e1ssico contra o Atl\u00e9tico pelo placar de 1 a 0, em plena campinas, e ainda disputou seu primeiro campeonato, a Ta\u00e7a Ag\u00eancia Ford, contra a equipe do An\u00e1polis Sport Club.<\/p>\n<p>J\u00e1 possuindo v\u00e1rios prest\u00edgios no estado, o Atl\u00e9tico acaba desafiando o Corintians para a disputa de um campeonato da cidade, que ficou conhecido como Citadino de Goi\u00e2nia[8]. Apesar dos erros no terceiro jogo, os dois times foram declarados campe\u00f5es.<\/p>\n<p>A temporada seguinte seria marcante para a hist\u00f3ria do alvinegro goiano. O clube conquistou o Citadino de Goi\u00e2nia de 1939, recebendo a Ta\u00e7a Vanguarda[10]. Tamb\u00e9m foi o ano em que o Corintians Goiano Futebol Clube retornou o nome para Goi\u00e2nia Esporte Clube por escolha de seus associados, entre eles Pedro Ludovico Teixeira[11]. A agremia\u00e7\u00e3o nessa \u00e9poca, foi uma das respons\u00e1veis pela cria\u00e7\u00e3o da Liga Goiana de Esportes (durou poucos meses) e da Federa\u00e7\u00e3o Goiana de Desportos (atual FGF).<\/p>\n<h3>Goi\u00e2nia Esporte Clube &#8211;\u00a0retorno do nome original<\/h3>\n<p>No dia 27 de maio de 1939, o Corintians Goiano Futebol Clube retorna o nome para Goi\u00e2nia Esporte Clube por escolha de seus associados, entre eles Pedro Ludovico Teixeira.\u00a0O clube nessa \u00e9poca, foi um dos respons\u00e1veis pela cria\u00e7\u00e3o da Liga Goiana de Esportes (durou poucos meses) e da Federa\u00e7\u00e3o Goiana de Desportos (atual FGF).<\/p>\n<p><span style=\"text-decoration: underline;\">1945 a 1960: dos anos dourados ao pentacampeonato:\u00a0\u00a0<\/span>Nesse per\u00edodo o Goi\u00e2nia tinha uma equipe quase imbat\u00edvel. Conseguiu a fa\u00e7anha de ganhar um bicampeonato (45-46), um tricampeonato (58-60) e um pentacampeonato (50-54), sendo que em 1953 e 1954 de maneira invicta. Seu principal jogador na \u00e9poca, Foca, foi artilheiro tr\u00eas vezes (51-53).<\/p>\n<p><span style=\"text-decoration: underline;\">1961 a 1974: a espera e o \u00faltimo t\u00edtulo:\u00a0<\/span>Apesar do clube ter conquistado a Copa Brasil Central invicto em 1967. Esse per\u00edodo n\u00e3o foi um dos melhores. O Goi\u00e2nia levantou um t\u00edtulo goiano ap\u00f3s oito anos e acabou vendo surgir duas novas pot\u00eancias do futebol goiano: Goi\u00e1s e Vila Nova.\u00a0Durante esse per\u00edodo, conseguiu conquistar apenas dois Campeonatos estaduais, e ainda viu sua torcida diminuir.<\/p>\n<p><span style=\"text-decoration: underline;\">1975 a 1997: maldi\u00e7\u00e3o, coadjuvante e rebaixamento estadual:\u00a0<\/span>Nesse per\u00edodo o Goi\u00e2nia foi apenas um mero coadjuvante no futebol. Em \u00e2mbito nacional disputou quatro brasileiros s\u00e9rie A, quatro brasileiros s\u00e9rie B, um brasileiro s\u00e9rie C e ainda participou de uma edi\u00e7\u00e3o da Copa do Brasil, n\u00e3o obtendo muito sucesso em nenhuma dessas competi\u00e7\u00f5es.\u00a0J\u00e1 a n\u00edvel regional o clube acabou perdendo muito espa\u00e7o. Era superado por v\u00e1rios times do interior. Conseguiu chegar a final em poucas oportunidades. E n\u00e3o conseguiu levantar nenhum caneco.<\/p>\n<p>Seu pior momento foi no Campeonato Goiano de 1997. O clube conseguiu ser o primeiro time entre os quatro grandes a cair para a segundona do estadual, ap\u00f3s um primeiro turno horr\u00edvel e um segundo turno mediano, o time n\u00e3o conseguiu se aliviar da zona. A partir daquele momento uma das equipes mais tradicionais de Goi\u00e1s estava fadada na divis\u00e3o de acesso.<\/p>\n<p><span style=\"text-decoration: underline;\">1998 a 2003: super coadjuvante e novo rebaixamento:\u00a0\u00a0<\/span>Em 1998, o clube conseguiu retornar para a divis\u00e3o principal do goiano com dignidade. Foi campe\u00e3o invicto da segundona. Por\u00e9m suas participa\u00e7\u00f5es no goiano eram p\u00edfias. Montava um time razo\u00e1vel com o intuito de apenas disputar o campeonato e tentar ficar em alguma coloca\u00e7\u00e3o mediana. N\u00e3o tinha uma equipe muito qualificada e quase sempre perdia seus cl\u00e1ssicos contra o Goi\u00e1s, o Vila e o Atl\u00e9tico.\u00a0No \u00e2mbito nacional, o clube disputou cinco brasileiros s\u00e9rie C, sendo que em 1999 em um jogo muito espetacular ganhou do Fluminense de virada por 4 a 3. Ainda disputou a Copa do Brasil, sendo eliminado na segunda fase pelo Corinthians.<\/p>\n<p>Em 2003 foi rebaixado de novo para a segunda divis\u00e3o junto com seu arquirrival Atl\u00e9tico. O clube acabou ficando em pen\u00faltimo no Goian\u00e3o de 2003.<\/p>\n<p><span style=\"text-decoration: underline;\">2004 a 2007: vai e vem:\u00a0<\/span>Em 2004 o clube disputou a segundona. Parecia que seria campe\u00e3o. Chegou a vencer o Am\u00e9rica de Morrinhos por 10 a 0. No entanto terminou em terceiro colocado e conseguiu ir para a primeira divis\u00e3o gra\u00e7as a desist\u00eancia do Novo Horizonte.<\/p>\n<p>Em 2005 foi rebaixado de novo para a segundona. Terminou o campeonato em \u00faltimo.\u00a0Em 2006 voltou para a elite. Foi campe\u00e3o da segunda divis\u00e3o perdendo apenas um jogo. Na \u00faltima partida do campeonato aplicou uma goleada de 9 a 1 no Ipor\u00e1.\u00a0Disputando o Campeonato Goiano de 2007, o clube decepcionou sua torcida mais uma vez. Terminou em \u00faltimo.<\/p>\n<p><span style=\"text-decoration: underline;\">2008 a 2017: crise e vergonha:\u00a0<\/span>Nesse per\u00edodo o time disputou somente a Segunda Divis\u00e3o, conseguindo fazer apenas campanhas razo\u00e1veis. Terminando sempre em posi\u00e7\u00f5es medianas.\u00a0Em 2014 quase foi rebaixado para a terceira divis\u00e3o. Por\u00e9m venceu o Rio Verde por 1 a 0 e conseguiu permanecer por um ponto. Em 2015 chegou ao quadrangular final da segunda divis\u00e3o do Goian\u00e3o, mas n\u00e3o conseguiu a promo\u00e7\u00e3o.<\/p>\n<p><span style=\"text-decoration: underline;\">2018 &#8211; A Volta:\u00a0<\/span>Ap\u00f3s 11 anos na Divis\u00e3o de Acesso, o Goi\u00e2nia consegue o retorno e elite do futebol goiano.<\/p>\n<h3>Hor\u00e1rio de Funcionamento Goi\u00e2nia Esporte Clube<\/h3>\n<ul>\n<li>Segunda a Sexta das 08h \u00e0s 16h30<\/li>\n<\/ul>\n<h3>Onde Fica, Endere\u00e7o e Telefone Goi\u00e2nia Esporte Clube<\/h3>\n<ul>\n<li>\n<p class=\"sow-sub-headline\">R. Teot\u00f4nio Vil\u00e9la, 5 &#8211; Goi\u00e2nia &#8211; GO<\/p>\n<\/li>\n<li>Telefone: (62) 3208-0900<\/li>\n<\/ul>\n<h4>Outras informa\u00e7\u00f5es e site<\/h4>\n<ul>\n<li>Mais informa\u00e7\u00f5es:\u00a0<a href=\"http:\/\/www.torcedoresdogoiania.com.br\/\" target=\"_blank\" rel=\"noopener noreferrer\">www.torcedoresdogoiania.com.br<\/a><\/li>\n<li>E-mail:\u00a0torcedor@goiania.esp.br<\/li>\n<\/ul>\n<h4>Mapa de localiza\u00e7\u00e3o<\/h4>\n<a class=\"wp-colorbox-iframe\" href=\"https:\/\/www.google.com\/maps\/embed?pb=!1m18!1m12!1m3!1d3823.259560317095!2d-49.35760908513441!3d-16.61373748854659!2m3!1f0!2f0!3f0!3m2!1i1024!2i768!4f13.1!3m3!1m2!1s0x935e8aae2b957d530x8995b478bc6bd2ae!2sR.+Teotnio+Villa+5+-+Res.+Green+Park+Goinia+-+GO+74481-640!5e0!3m2!1spt-BR!2sbr!4v1550072583069\"><img decoding=\"async\" src=\"http:\/\/www.encontragoiania.com.br\/imgs\/maps-post.png\"><\/a>\n\n<div style=\"font-size: 0px; height: 0px; line-height: 0px; margin: 0; padding: 0; clear: both;\"><\/div>","protected":false},"excerpt":{"rendered":"<p>O Goi\u00e2nia Esporte Clube (conhecido apenas por Goi\u00e2nia e cujo acr\u00f4nimo \u00e9 GEC) \u00e9 um clube de futebol brasileiro da cidade de Goi\u00e2nia (GO). O clube foi fundado oficialmente em 27 de maio de 1938. \u00c9 um dos times mais tradicionais e importantes do estado de Goi\u00e1s, sendo o segundo time fundado na capital, atr\u00e1s somente do Atl\u00e9tico Goianiense que foi fundado no ano anterior. Tem como principal apelido a alcunha de Galo, em alus\u00e3o ao seu mascote. O seu uniforme \u00e9 camisa com listras verticais pretas e brancas, cal\u00e7\u00e3o branco e meias pretas, o que lhe rendeu outro apelido, <\/p>\n","protected":false},"author":1,"featured_media":2771,"parent":0,"menu_order":0,"comment_status":"open","ping_status":"open","template":"","meta":{"footnotes":""},"class_list":["post-2770","page","type-page","status-publish","has-post-thumbnail","hentry","has_thumb"],"aioseo_notices":[],"_links":{"self":[{"href":"https:\/\/www.encontragoiania.com.br\/sobre\/wp-json\/wp\/v2\/pages\/2770","targetHints":{"allow":["GET"]}}],"collection":[{"href":"https:\/\/www.encontragoiania.com.br\/sobre\/wp-json\/wp\/v2\/pages"}],"about":[{"href":"https:\/\/www.encontragoiania.com.br\/sobre\/wp-json\/wp\/v2\/types\/page"}],"author":[{"embeddable":true,"href":"https:\/\/www.encontragoiania.com.br\/sobre\/wp-json\/wp\/v2\/users\/1"}],"replies":[{"embeddable":true,"href":"https:\/\/www.encontragoiania.com.br\/sobre\/wp-json\/wp\/v2\/comments?post=2770"}],"version-history":[{"count":0,"href":"https:\/\/www.encontragoiania.com.br\/sobre\/wp-json\/wp\/v2\/pages\/2770\/revisions"}],"wp:featuredmedia":[{"embeddable":true,"href":"https:\/\/www.encontragoiania.com.br\/sobre\/wp-json\/wp\/v2\/media\/2771"}],"wp:attachment":[{"href":"https:\/\/www.encontragoiania.com.br\/sobre\/wp-json\/wp\/v2\/media?parent=2770"}],"curies":[{"name":"wp","href":"https:\/\/api.w.org\/{rel}","templated":true}]}}