{"id":2745,"date":"2019-02-13T05:37:17","date_gmt":"2019-02-13T07:37:17","guid":{"rendered":"https:\/\/www.encontragoiania.com.br\/sobre\/?page_id=2745"},"modified":"2019-02-13T05:37:59","modified_gmt":"2019-02-13T07:37:59","slug":"forum-civel-de-goiania","status":"publish","type":"page","link":"https:\/\/www.encontragoiania.com.br\/sobre\/forum-civel-de-goiania\/","title":{"rendered":"F\u00f3rum Civel de Goi\u00e2nia"},"content":{"rendered":"<div class=\"196752fdcd61442359b13893514e4d90\" data-index=\"1\" style=\"float: none; margin:0px;\">\n<!-- Anuncio display - global -->\r\n<ins class=\"adsbygoogle\"\r\n     style=\"display:block\"\r\n     data-ad-client=\"ca-pub-8585364105181520\"\r\n     data-ad-slot=\"8789329856\"\r\n     data-ad-format=\"auto\"\r\n     data-full-width-responsive=\"true\"><\/ins>\r\n<script>\r\n     (adsbygoogle = window.adsbygoogle || []).push({});\r\n<\/script>\n<\/div>\n<p>O <strong>F\u00f3rum C\u00edvel de Goi\u00e2nia<\/strong> \u00e9 o pr\u00e9dio do Judici\u00e1rio Estadual onde ficam as Varas C\u00edvel. As Varas C\u00edveis julgam em em primeira inst\u00e2ncia as causas c\u00edveis.<\/p>\n<p>Causas c\u00edveis s\u00e3o as que tem por base o C\u00f3digo Civil e outras legisla\u00e7\u00f5es c\u00edveis, isso \u00e9, que n\u00e3o sejam criminais, trabalhistas, militares ou eleitorais. Exemplo: cobran\u00e7a de d\u00edvidas, alugu\u00e9is, acidente de tr\u00e2nsito sem v\u00edtima, danos morais entre outras.<\/p>\n<p><img loading=\"lazy\" decoding=\"async\" class=\"alignnone size-full wp-image-2746\" src=\"https:\/\/www.encontragoiania.com.br\/sobre\/wp-content\/uploads\/2019\/02\/forum-civil-de-goiania.gif\" alt=\"\" width=\"680\" height=\"189\" \/><\/p>\n<p>S\u00e3o 58 mil metros quadrados de \u00e1rea constru\u00edda, o que torna o pr\u00e9dio a maior obra do Poder Judici\u00e1rio goiano. O pr\u00e9dio tem espa\u00e7o para 60 varas, em 13 pavimentos, considerando subsolo, t\u00e9rreo e mezanino.<\/p>\n<h2>F\u00f3rum C\u00edvel\u00a0Goi\u00e2nia\u00a0Digitaliza\u00e7\u00e3o<\/h2>\n<p>O F\u00f3rum C\u00edvel ter\u00e1 o <em>acervo processual totalmente eletr\u00f4nico<\/em>, ou seja, n\u00e3o ir\u00e3o processos f\u00edsicos para a unidade judici\u00e1ria. A informatiza\u00e7\u00e3o \u00e9 um instrumento de celeridade e qualidade da presta\u00e7\u00e3o jurisdicional, que enseja substituir a tramita\u00e7\u00e3o dos processos em meio f\u00edsico pelo meio eletr\u00f4nico.<\/p>\n<p>A fim de propiciar um ambiente informatizado e seguro, o TJGO investiu em aquisi\u00e7\u00e3o de equipamentos de tecnologia de informa\u00e7\u00e3o. No setor, foram aplicados R$ 31 milh\u00f5es, com a compra de um sistema de armazenamento especial, que tem capacidade para at\u00e9 500 terabytes de informa\u00e7\u00e3o, o que equivale a 1 trilh\u00e3o de bytes e pode arquivar 3,6 milh\u00f5es de imagens simples.<\/p>\n<p>Al\u00e9m disso, foi adquirido um cont\u00eainer (data-center) que funciona como uma esp\u00e9cie de sala cofre, com controle de acesso por biometria e sistema avan\u00e7ado de combate a inc\u00eandio.\u00a0Entre as inova\u00e7\u00f5es de seguran\u00e7a, o sistema de telefonia dos gabinetes desponta. Ser\u00e1 utilizada transmiss\u00e3o Voice over Internet Protocol (VoIP), com mesma tecnologia empregada na Casa Branca, nos Estados Unidos, totalmente inviol\u00e1veis.<\/p>\n<h3>Vagas\u00a0F\u00f3rum\u00a0C\u00edvel\u00a0Goi\u00e2nia &#8211; Trabalhe Conosco<\/h3>\n<p>O F\u00f3rum C\u00edvel contrata funcion\u00e1rios atrav\u00e9s de concurso p\u00fablico, acesse o site ou o <a href=\"https:\/\/www.encontragoiania.com.br\/sobre\/diario-oficial-de-goiania\/\" target=\"_blank\" rel=\"noopener noreferrer\">Di\u00e1rio Oficial<\/a> e fique de olho nos editais e datas de inscri\u00e7\u00f5es e provas.<\/p>\n<h3>Hor\u00e1rio de Funcionamento F\u00f3rum\u00a0C\u00edvel\u00a0em Goi\u00e2nia<\/h3>\n<ul>\n<li>Segunda a Sexta das 08h \u00e0s 18h<\/li>\n<\/ul>\n<h3>Onde Fica, Endere\u00e7o e Telefone F\u00f3rum\u00a0C\u00edvel\u00a0em Goi\u00e2nia<\/h3>\n<ul>\n<li>Avenida Olinda, Qd G, Lote 04 &#8211; Park Lozandes, Goi\u00e2nia &#8211; GO<\/li>\n<li>Telefone: (62) 3018-6000<\/li>\n<\/ul>\n<h4>Outras informa\u00e7\u00f5es e site<\/h4>\n<ul>\n<li>Mais informa\u00e7\u00f5es:\u00a0<a href=\"https:\/\/www.tjgo.jus.br\/\" target=\"_blank\" rel=\"noopener noreferrer\">www.tjgo.jus.br<\/a><\/li>\n<\/ul>\n<h4>Mapa de localiza\u00e7\u00e3o<\/h4>\n<a class=\"wp-colorbox-iframe\" href=\"https:\/\/www.google.com\/maps\/embed?pb=!1m14!1m8!1m3!1d15286.398857838332!2d-49.2258267!3d-16.6969025!3m2!1i1024!2i768!4f13.1!3m3!1m2!1s0x00x2de36bc1adef9b81!2sFrum+Cvel+da+Comarca+de+Goinia!5e0!3m2!1spt-BR!2sbr!4v1550043017192\"><img decoding=\"async\" src=\"http:\/\/www.encontragoiania.com.br\/imgs\/maps-post.png\"><\/a>\n\n<div style=\"font-size: 0px; height: 0px; line-height: 0px; margin: 0; padding: 0; clear: both;\"><\/div>","protected":false},"excerpt":{"rendered":"<p>O F\u00f3rum C\u00edvel de Goi\u00e2nia \u00e9 o pr\u00e9dio do Judici\u00e1rio Estadual onde ficam as Varas C\u00edvel. As Varas C\u00edveis julgam em em primeira inst\u00e2ncia as causas c\u00edveis. Causas c\u00edveis s\u00e3o as que tem por base o C\u00f3digo Civil e outras legisla\u00e7\u00f5es c\u00edveis, isso \u00e9, que n\u00e3o sejam criminais, trabalhistas, militares ou eleitorais. Exemplo: cobran\u00e7a de d\u00edvidas, alugu\u00e9is, acidente de tr\u00e2nsito sem v\u00edtima, danos morais entre outras. S\u00e3o 58 mil metros quadrados de \u00e1rea constru\u00edda, o que torna o pr\u00e9dio a maior obra do Poder Judici\u00e1rio goiano. O pr\u00e9dio tem espa\u00e7o para 60 varas, em 13 pavimentos, considerando subsolo, t\u00e9rreo e <\/p>\n","protected":false},"author":1,"featured_media":0,"parent":0,"menu_order":0,"comment_status":"closed","ping_status":"closed","template":"","meta":{"footnotes":""},"class_list":["post-2745","page","type-page","status-publish","hentry"],"aioseo_notices":[],"_links":{"self":[{"href":"https:\/\/www.encontragoiania.com.br\/sobre\/wp-json\/wp\/v2\/pages\/2745","targetHints":{"allow":["GET"]}}],"collection":[{"href":"https:\/\/www.encontragoiania.com.br\/sobre\/wp-json\/wp\/v2\/pages"}],"about":[{"href":"https:\/\/www.encontragoiania.com.br\/sobre\/wp-json\/wp\/v2\/types\/page"}],"author":[{"embeddable":true,"href":"https:\/\/www.encontragoiania.com.br\/sobre\/wp-json\/wp\/v2\/users\/1"}],"replies":[{"embeddable":true,"href":"https:\/\/www.encontragoiania.com.br\/sobre\/wp-json\/wp\/v2\/comments?post=2745"}],"version-history":[{"count":0,"href":"https:\/\/www.encontragoiania.com.br\/sobre\/wp-json\/wp\/v2\/pages\/2745\/revisions"}],"wp:attachment":[{"href":"https:\/\/www.encontragoiania.com.br\/sobre\/wp-json\/wp\/v2\/media?parent=2745"}],"curies":[{"name":"wp","href":"https:\/\/api.w.org\/{rel}","templated":true}]}}