{"id":2742,"date":"2019-02-13T05:14:02","date_gmt":"2019-02-13T07:14:02","guid":{"rendered":"https:\/\/www.encontragoiania.com.br\/sobre\/?page_id=2742"},"modified":"2019-02-13T05:14:55","modified_gmt":"2019-02-13T07:14:55","slug":"samu-goiania","status":"publish","type":"page","link":"https:\/\/www.encontragoiania.com.br\/sobre\/samu-goiania\/","title":{"rendered":"Samu Goi\u00e2nia"},"content":{"rendered":"<div class=\"196752fdcd61442359b13893514e4d90\" data-index=\"1\" style=\"float: none; margin:0px;\">\n<!-- Anuncio display - global -->\r\n<ins class=\"adsbygoogle\"\r\n     style=\"display:block\"\r\n     data-ad-client=\"ca-pub-8585364105181520\"\r\n     data-ad-slot=\"8789329856\"\r\n     data-ad-format=\"auto\"\r\n     data-full-width-responsive=\"true\"><\/ins>\r\n<script>\r\n     (adsbygoogle = window.adsbygoogle || []).push({});\r\n<\/script>\n<\/div>\n<p>O <strong>SAMU Goi\u00e2nia<\/strong> &#8211; Servi\u00e7o de Atendimento M\u00f3vel de Urg\u00eancia &#8211; funciona 24h por dia e atende urg\u00eancias e emerg\u00eancias em resid\u00eancias, locais de trabalho e vias p\u00fablicas. Conta com as Centrais de Regula\u00e7\u00e3o, profissionais e ve\u00edculos de salvamento.<\/p>\n<p>O Servi\u00e7o de Atendimento M\u00f3vel de Urg\u00eancia tem como objetivo chegar precocemente \u00e0 v\u00edtima ap\u00f3s ter ocorrido alguma situa\u00e7\u00e3o de urg\u00eancia ou emerg\u00eancia que possa levar a sofrimento, a sequelas ou mesmo \u00e0 morte. S\u00e3o urg\u00eancias situa\u00e7\u00f5es de natureza cl\u00ednica, cir\u00fargica, traum\u00e1tica, obst\u00e9trica, pedi\u00e1trica, psiqui\u00e1trica, entre outras.<\/p>\n<p><img loading=\"lazy\" decoding=\"async\" class=\"alignnone wp-image-2743 size-full\" title=\"Samu Goi\u00e2nia\" src=\"https:\/\/www.encontragoiania.com.br\/sobre\/wp-content\/uploads\/2019\/02\/samu-goiania.gif\" alt=\"Samu Goi\u00e2nia\" width=\"680\" height=\"189\" \/><\/p>\n<p>O Minist\u00e9rio da Sa\u00fade vem concentrando esfor\u00e7os no sentido de implementar a Pol\u00edtica Nacional de Aten\u00e7\u00e3o \u00e0s Urg\u00eancias, da qual o SAMU 192 \u00e9 componente fundamental. Tal Pol\u00edtica prioriza os princ\u00edpios do SUS, com \u00eanfase na constru\u00e7\u00e3o de redes de aten\u00e7\u00e3o integral \u00e0s urg\u00eancias regionalizadas e hierarquizadas que permitam a organiza\u00e7\u00e3o da aten\u00e7\u00e3o, com o objetivo de garantir a universalidade do acesso, a equidade na aloca\u00e7\u00e3o de recursos e a integralidade na aten\u00e7\u00e3o prestada.<\/p>\n<h2>Samu Goi\u00e2nia\u00a0Tipo de Atendimento<\/h2>\n<p>Atrav\u00e9s do n\u00famero 192, os profissionais realizam <em>atendimentos<\/em> de casos como:<\/p>\n<ul>\n<li>Problemas cardiorrespirat\u00f3rios<\/li>\n<li>Intoxica\u00e7\u00e3o<\/li>\n<li>Queimaduras graves<\/li>\n<li>Trabalhos de parto onde haja risco de morte da m\u00e3e ou do feto<\/li>\n<li>Tentativas de suic\u00eddio<\/li>\n<li>Crises hipertensivas<\/li>\n<li>Acidentes\/traumas com v\u00edtimas<\/li>\n<li>Afogamentos<\/li>\n<li>Choque el\u00e9trico<\/li>\n<li>Acidentes com produtos perigosos<\/li>\n<li>Transfer\u00eancia inter-hospitalar de doentes com risco de morte<\/li>\n<li>Acidentes de tr\u00e2nsito<\/li>\n<li>Acidentes dom\u00e9sticos<\/li>\n<\/ul>\n<h3>Samu\u00a0Goi\u00e2nia\u00a0Como Funciona o Atendimento<\/h3>\n<p>A<em> liga\u00e7\u00e3o \u00e9 atendida<\/em> na Central de Regula\u00e7\u00e3o por um teleatendente m\u00e9dico, que pergunta o quadro cl\u00ednico do paciente, local da ocorr\u00eancia, nome da v\u00edtima e contatos da v\u00edtima. Identificado o problema, o m\u00e9dico regulador analisa o caso espec\u00edfico e passa orienta\u00e7\u00f5es sobre como agir \u00e0 situa\u00e7\u00e3o.<\/p>\n<p>A partir das informa\u00e7\u00f5es apuradas e conforme a gravidade da situa\u00e7\u00e3o, o m\u00e9dico regulador envia uma viatura ou uma motol\u00e2ncia para o local. Se for um caso de menor gravidade no qual o paciente n\u00e3o corra risco de vida, o m\u00e9dico regulador resolve com sucesso a situa\u00e7\u00e3o com orienta\u00e7\u00f5es dadas ao telefone. 70% dos casos s\u00e3o resolvidos dessa maneira.<\/p>\n<h3>Precisa ter em M\u00e3o ao Ligar para o\u00a0Samu\u00a0Goi\u00e2nia<\/h3>\n<p><em>Antes de efetuar a liga\u00e7\u00e3o<\/em> para o 192, procure saber detalhes sobre o estado do paciente: dores intensas, dificuldades de respirar e se corre o risco de vida. Tamb\u00e9m \u00e9 essencial ter o endere\u00e7o correto de onde est\u00e1 a v\u00edtima e pontos de refer\u00eancia. Assim, voc\u00ea contribui com informa\u00e7\u00f5es mais exatas para a an\u00e1lise do m\u00e9dico regulador e acelera a chegada da viatura, caso necess\u00e1rio.<\/p>\n<h3>Samu\u00a0Goi\u00e2nia Viaturas<\/h3>\n<p>O SAMU possui<em> tr\u00eas tipos de viaturas<\/em> que oferecem diferentes servi\u00e7os. S\u00e3o elas:<\/p>\n<ul>\n<li>Unidade de Suporte B\u00e1sico (USB) &#8211; composta por um t\u00e9cnico de enfermagem e um condutor socorrista com equipamentos b\u00e1sicos de suporte \u00e0 vida.<\/li>\n<li>Unidade de Suporte Avan\u00e7ado (USA) &#8211; composta por um m\u00e9dico (o mesmo que atendeu o telefonema), um enfermeiro e um condutor socorrista. S\u00e3o UTIs m\u00f3veis, preparadas para atendimentos de m\u00e9dia a alta complexidade, equipadas com o Sistema Tele-Eletrocardiografia Digital que ajuda no atendimento de v\u00edtimas de doen\u00e7as cardiovasculares graves.<\/li>\n<li>Motol\u00e2ncias \u2013 s\u00e3o utilizadas em casos graves para chegar mais r\u00e1pido ao local do acidente e fazer um pr\u00e9-atendimento at\u00e9 que a Unidade de Suporte Avan\u00e7ado (USA) chegue. Al\u00e9m de dar suporte \u00e0 USA, elas s\u00e3o \u00fateis tamb\u00e9m quando o caso \u00e9 simples, mas precisa de algum profissional junto ao paciente.<\/li>\n<\/ul>\n<h3>Samu\u00a0Goi\u00e2nia Concurso<\/h3>\n<p>O Samu contrata funcion\u00e1rios por meio de <em>concurso p\u00fablico<\/em>. Fique atento ao <a href=\"https:\/\/www.encontragoiania.com.br\/sobre\/diario-oficial-de-goiania\/\" target=\"_blank\" rel=\"noopener noreferrer\">di\u00e1rio oficial<\/a> e n\u00e3o perca a oportunidade de trabalhar no Samu.<\/p>\n<h3>Hor\u00e1rio de Funcionamento\u00a0Samu em Goi\u00e2nia<\/h3>\n<ul>\n<li>24 horas<\/li>\n<\/ul>\n<h3>Onde Fica, Endere\u00e7o e Telefone\u00a0Samu em Goi\u00e2nia<\/h3>\n<ul>\n<li>6\u00aa Avenida, 2-102 &#8211; St. Leste Vila Nova &#8211; Goi\u00e2nia &#8211; GO<\/li>\n<li>Telefone:\u00a0192<\/li>\n<\/ul>\n<h4>Mapa de localiza\u00e7\u00e3o<\/h4>\n<a class=\"wp-colorbox-iframe\" href=\"https:\/\/www.google.com\/maps\/embed?pb=!1m14!1m8!1m3!1d15289.226254472147!2d-49.2507866!3d-16.6615358!3m2!1i1024!2i768!4f13.1!3m3!1m2!1s0x00x806549ab24d0991!2sSAMU!5e0!3m2!1spt-BR!2sbr!4v1550041855086\"><img decoding=\"async\" src=\"http:\/\/www.encontragoiania.com.br\/imgs\/maps-post.png\"><\/a>\n\n<div style=\"font-size: 0px; height: 0px; line-height: 0px; margin: 0; padding: 0; clear: both;\"><\/div>","protected":false},"excerpt":{"rendered":"<p>O SAMU Goi\u00e2nia &#8211; Servi\u00e7o de Atendimento M\u00f3vel de Urg\u00eancia &#8211; funciona 24h por dia e atende urg\u00eancias e emerg\u00eancias em resid\u00eancias, locais de trabalho e vias p\u00fablicas. Conta com as Centrais de Regula\u00e7\u00e3o, profissionais e ve\u00edculos de salvamento. O Servi\u00e7o de Atendimento M\u00f3vel de Urg\u00eancia tem como objetivo chegar precocemente \u00e0 v\u00edtima ap\u00f3s ter ocorrido alguma situa\u00e7\u00e3o de urg\u00eancia ou emerg\u00eancia que possa levar a sofrimento, a sequelas ou mesmo \u00e0 morte. S\u00e3o urg\u00eancias situa\u00e7\u00f5es de natureza cl\u00ednica, cir\u00fargica, traum\u00e1tica, obst\u00e9trica, pedi\u00e1trica, psiqui\u00e1trica, entre outras. O Minist\u00e9rio da Sa\u00fade vem concentrando esfor\u00e7os no sentido de implementar a Pol\u00edtica Nacional <\/p>\n","protected":false},"author":1,"featured_media":0,"parent":0,"menu_order":0,"comment_status":"closed","ping_status":"closed","template":"","meta":{"footnotes":""},"class_list":["post-2742","page","type-page","status-publish","hentry"],"aioseo_notices":[],"_links":{"self":[{"href":"https:\/\/www.encontragoiania.com.br\/sobre\/wp-json\/wp\/v2\/pages\/2742","targetHints":{"allow":["GET"]}}],"collection":[{"href":"https:\/\/www.encontragoiania.com.br\/sobre\/wp-json\/wp\/v2\/pages"}],"about":[{"href":"https:\/\/www.encontragoiania.com.br\/sobre\/wp-json\/wp\/v2\/types\/page"}],"author":[{"embeddable":true,"href":"https:\/\/www.encontragoiania.com.br\/sobre\/wp-json\/wp\/v2\/users\/1"}],"replies":[{"embeddable":true,"href":"https:\/\/www.encontragoiania.com.br\/sobre\/wp-json\/wp\/v2\/comments?post=2742"}],"version-history":[{"count":0,"href":"https:\/\/www.encontragoiania.com.br\/sobre\/wp-json\/wp\/v2\/pages\/2742\/revisions"}],"wp:attachment":[{"href":"https:\/\/www.encontragoiania.com.br\/sobre\/wp-json\/wp\/v2\/media?parent=2742"}],"curies":[{"name":"wp","href":"https:\/\/api.w.org\/{rel}","templated":true}]}}