{"id":2681,"date":"2019-01-23T06:04:11","date_gmt":"2019-01-23T08:04:11","guid":{"rendered":"https:\/\/www.encontragoiania.com.br\/sobre\/?page_id=2681"},"modified":"2019-01-23T06:07:20","modified_gmt":"2019-01-23T08:07:20","slug":"hgg-goiania","status":"publish","type":"page","link":"https:\/\/www.encontragoiania.com.br\/sobre\/hgg-goiania\/","title":{"rendered":"HGG Goi\u00e2nia"},"content":{"rendered":"<div class=\"196752fdcd61442359b13893514e4d90\" data-index=\"1\" style=\"float: none; margin:0px;\">\n<!-- Anuncio display - global -->\r\n<ins class=\"adsbygoogle\"\r\n     style=\"display:block\"\r\n     data-ad-client=\"ca-pub-8585364105181520\"\r\n     data-ad-slot=\"8789329856\"\r\n     data-ad-format=\"auto\"\r\n     data-full-width-responsive=\"true\"><\/ins>\r\n<script>\r\n     (adsbygoogle = window.adsbygoogle || []).push({});\r\n<\/script>\n<\/div>\n<p>O\u00a0 <strong>HGG Goi\u00e2nia<\/strong> &#8211; Hospital Estadual Geral de Goi\u00e2nia Dr. Alberto Rassi\u00a0&#8211; possui mais de 35 especialidades m\u00e9dicas e multiprofissionais. A unidade \u00e9 refer\u00eancia internacional no tratamento de pacientes portadores de Xeroderma Pigmentoso e tamb\u00e9m conta com ambulat\u00f3rios exclusivos para doen\u00e7as como Alzheimer, Parkinson, Tuberculose, Asma, entre outras.<\/p>\n<p>Inaugurado em 1959, foi o primeiro hospital ensino do Centro-Oeste. Em 2014, tornou-se o primeiro hospital p\u00fablico do Centro-Oeste acreditado pela Organiza\u00e7\u00e3o Nacional de Acredita\u00e7\u00e3o (ONA).<\/p>\n<p><img loading=\"lazy\" decoding=\"async\" class=\"alignnone wp-image-2682 size-full\" title=\"HGG Goi\u00e2nia\" src=\"https:\/\/www.encontragoiania.com.br\/sobre\/wp-content\/uploads\/2019\/01\/hgg-goiania.gif\" alt=\"HGG Goi\u00e2nia\" width=\"680\" height=\"189\" \/><\/p>\n<p>Entre os programas oferecidos est\u00e3o: Programa de Controle e Cirurgia da Obesidade (PCCO), Programa de Tratamento das Deformidades Faciais (Proface), N\u00facleo de Orienta\u00e7\u00e3o Interdisciplinar em Sexualidade (Nois), Programa de Aten\u00e7\u00e3o ao P\u00e9 Diab\u00e9tico, N\u00facleo de apoio ao paciente paliativo (NAPP), que valorizam o atendimento integral, humanizado e sist\u00eamico ao paciente.<\/p>\n<p>A unidade \u00e9 refer\u00eancia em transplantes renais no Pa\u00eds, segundo dados do Registro Brasileiro de Transplantes (RBT). O hospital possui um Ambulat\u00f3rio de Medicina Avan\u00e7ada (AMA), que re\u00fane 165 m\u00e9dicos em 22 especialidades, atendendo em m\u00e9dia, mais de 30 mil pessoas por m\u00eas.<\/p>\n<h2>HGG\u00a0Goi\u00e2nia\u00a0Marcar Consulta<\/h2>\n<p>Agora, voc\u00ea, paciente do Ambulat\u00f3rio de Medicina Avan\u00e7ada (AMA), conta com uma ferramenta on-line para acompanhar o agendamento das suas consultas.\u00a0Acesse\u00a0<a href=\"http:\/\/consultas.hospitalalbertorassi.org.br\/\" target=\"_blank\" rel=\"noopener noreferrer\">www.consultas.hospitalalbertorassi.org.br<\/a>\u00a0e voc\u00ea poder\u00e1:<\/p>\n<ul>\n<li>Se informar sobre quando ocorrer\u00e1 a sua pr\u00f3xima consulta;<\/li>\n<li>Saber quais foram suas consultas realizadas (m\u00e9dico, especialidade);<\/li>\n<li>Verificar quais consultas voc\u00ea faltou;<\/li>\n<li>Solicitar um novo <em>agendamento<\/em>, caso tenha faltado (desde que esteja de acordo com as regras do hospital);<\/li>\n<li>Conferir se a sua solicita\u00e7\u00e3o de retorno aguarda por vaga no sistema.<\/li>\n<\/ul>\n<h3>HGG\u00a0Goi\u00e2nia\u00a0Resultado de Exames<\/h3>\n<p>Acesse o site\u00a0<a href=\"https:\/\/resultados.fidi.org.br\/\" target=\"_blank\" rel=\"noopener noreferrer\">www.resultados.fidi.org.br<\/a>\u00a0e utilize o n\u00famero do protocolo e a senha para retirar o<em> resultado dos seus exames.<br \/>\n<\/em><\/p>\n<h3>Hospital Estadual Geral de Goi\u00e2nia Dr. Alberto Rassi Goi\u00e2nia\u00a0Especialidades<\/h3>\n<p>O Hospital conta com as seguintes<em> especialidades:<br \/>\n<\/em><\/p>\n<ul>\n<li>Terapia Ocupacional<\/li>\n<li>Fisioterapia<\/li>\n<li>Fonoaudiologia<\/li>\n<li>Nutri\u00e7\u00e3o<\/li>\n<li>Psicologia<\/li>\n<li>Enfermagem<\/li>\n<li>Servi\u00e7o Social<\/li>\n<li>Cirurgia Card\u00edaca e Hemodin\u00e2mica<\/li>\n<li>Cirurgia Bari\u00e1trica<\/li>\n<li>Cirurgia do Aparelho Digestivo<\/li>\n<li>Medicina Intensiva<\/li>\n<li>Cirurgia Vascular\/Angiologia<\/li>\n<li>Geriatria<\/li>\n<li>Hepatologia<\/li>\n<li>Cardiologia<\/li>\n<li>Cirurgia e Traumatologia Bucomaxilofacial<\/li>\n<li>Cirurgia de Cabe\u00e7a e Pesco\u00e7o<\/li>\n<li>Cirurgia Geral<\/li>\n<li>Cirurgia Pl\u00e1stica<\/li>\n<li>Cirurgia Tor\u00e1cica<\/li>\n<li>Dermatologia<\/li>\n<li>Endocrinologia<\/li>\n<li>Gastroenterologia<\/li>\n<li>Hemoterapia\/Hematologia<\/li>\n<li>Nefrologia<\/li>\n<li>Neurocirurgia<\/li>\n<li>Neurologia<\/li>\n<li>Oftalmologia<\/li>\n<li>Ortopedia<\/li>\n<li>Otorrinolaringologia<\/li>\n<li>Pneumologia<\/li>\n<li>Coloproctologia<\/li>\n<li>Psiquiatria<\/li>\n<li>Reumatologia<\/li>\n<li>Urologia<\/li>\n<li>Odontologia para Pacientes com Necessidades Especiais<\/li>\n<\/ul>\n<h3>Vagas\u00a0HGG Goi\u00e2nia &#8211; Trabalhe Conosco<\/h3>\n<p>O Instituto de Desenvolvimento Tecnol\u00f3gico e Humano (Idtech), organiza\u00e7\u00e3o social gestora do Hospital Alberto Rassi \u2013 HGG, realiza processos seletivos simplificados, conforme regulamento pr\u00f3prio, autorizado pela Secretaria de Estado da Sa\u00fade (SES). Os colaboradores s\u00e3o contratados em regime da Consolida\u00e7\u00e3o das Leis Trabalhistas (CLT).\u00a0 Acesse a aba Trabalhe Conosco e verifique os processos seletivos dispon\u00edveis.<\/p>\n<h3>Hor\u00e1rio de Funcionamento HGG em Goi\u00e2nia<\/h3>\n<ul>\n<li>24 horas<\/li>\n<\/ul>\n<h3>Onde Fica, Endere\u00e7o e Telefone HGG em Goi\u00e2nia<\/h3>\n<ul>\n<li>Av. Anhanguera, 6479 &#8211; St. Oeste\u00a0&#8211; Goi\u00e2nia &#8211; GO<\/li>\n<li>Telefone: (62) 3209-9800<\/li>\n<\/ul>\n<h4>Outras informa\u00e7\u00f5es e site<\/h4>\n<ul>\n<li>Mais informa\u00e7\u00f5es:\u00a0<a href=\"http:\/\/www.hospitalalbertorassi.org.br\/principal.asp\" target=\"_blank\" rel=\"noopener noreferrer\">www.hospitalalbertorassi.org.br<\/a><\/li>\n<\/ul>\n<h4>Mapa de localiza\u00e7\u00e3o<\/h4>\n<a class=\"wp-colorbox-iframe\" href=\"https:\/\/www.google.com\/maps\/embed?pb=!1m14!1m8!1m3!1d15287.803566899673!2d-49.2710214!3d-16.6793407!3m2!1i1024!2i768!4f13.1!3m3!1m2!1s0x00x8936004f0028ebda!2sHospital+Alberto+Rassi+-+HGG!5e0!3m2!1spt-BR!2sbr!4v1548230827510\"><img decoding=\"async\" src=\"http:\/\/www.encontragoiania.com.br\/imgs\/maps-post.png\"><\/a>\n\n<div style=\"font-size: 0px; height: 0px; line-height: 0px; margin: 0; padding: 0; clear: both;\"><\/div>","protected":false},"excerpt":{"rendered":"<p>O\u00a0 HGG Goi\u00e2nia &#8211; Hospital Estadual Geral de Goi\u00e2nia Dr. Alberto Rassi\u00a0&#8211; possui mais de 35 especialidades m\u00e9dicas e multiprofissionais. A unidade \u00e9 refer\u00eancia internacional no tratamento de pacientes portadores de Xeroderma Pigmentoso e tamb\u00e9m conta com ambulat\u00f3rios exclusivos para doen\u00e7as como Alzheimer, Parkinson, Tuberculose, Asma, entre outras. Inaugurado em 1959, foi o primeiro hospital ensino do Centro-Oeste. Em 2014, tornou-se o primeiro hospital p\u00fablico do Centro-Oeste acreditado pela Organiza\u00e7\u00e3o Nacional de Acredita\u00e7\u00e3o (ONA). Entre os programas oferecidos est\u00e3o: Programa de Controle e Cirurgia da Obesidade (PCCO), Programa de Tratamento das Deformidades Faciais (Proface), N\u00facleo de Orienta\u00e7\u00e3o Interdisciplinar em Sexualidade <\/p>\n","protected":false},"author":1,"featured_media":0,"parent":0,"menu_order":0,"comment_status":"closed","ping_status":"closed","template":"","meta":{"footnotes":""},"class_list":["post-2681","page","type-page","status-publish","hentry"],"aioseo_notices":[],"_links":{"self":[{"href":"https:\/\/www.encontragoiania.com.br\/sobre\/wp-json\/wp\/v2\/pages\/2681","targetHints":{"allow":["GET"]}}],"collection":[{"href":"https:\/\/www.encontragoiania.com.br\/sobre\/wp-json\/wp\/v2\/pages"}],"about":[{"href":"https:\/\/www.encontragoiania.com.br\/sobre\/wp-json\/wp\/v2\/types\/page"}],"author":[{"embeddable":true,"href":"https:\/\/www.encontragoiania.com.br\/sobre\/wp-json\/wp\/v2\/users\/1"}],"replies":[{"embeddable":true,"href":"https:\/\/www.encontragoiania.com.br\/sobre\/wp-json\/wp\/v2\/comments?post=2681"}],"version-history":[{"count":0,"href":"https:\/\/www.encontragoiania.com.br\/sobre\/wp-json\/wp\/v2\/pages\/2681\/revisions"}],"wp:attachment":[{"href":"https:\/\/www.encontragoiania.com.br\/sobre\/wp-json\/wp\/v2\/media?parent=2681"}],"curies":[{"name":"wp","href":"https:\/\/api.w.org\/{rel}","templated":true}]}}