{"id":2675,"date":"2019-01-23T05:06:07","date_gmt":"2019-01-23T07:06:07","guid":{"rendered":"https:\/\/www.encontragoiania.com.br\/sobre\/?page_id=2675"},"modified":"2019-01-23T05:07:24","modified_gmt":"2019-01-23T07:07:24","slug":"ipasgo-goiania","status":"publish","type":"page","link":"https:\/\/www.encontragoiania.com.br\/sobre\/ipasgo-goiania\/","title":{"rendered":"Ipasgo Goi\u00e2nia"},"content":{"rendered":"<div class=\"196752fdcd61442359b13893514e4d90\" data-index=\"1\" style=\"float: none; margin:0px;\">\n<!-- Anuncio display - global -->\r\n<ins class=\"adsbygoogle\"\r\n     style=\"display:block\"\r\n     data-ad-client=\"ca-pub-8585364105181520\"\r\n     data-ad-slot=\"8789329856\"\r\n     data-ad-format=\"auto\"\r\n     data-full-width-responsive=\"true\"><\/ins>\r\n<script>\r\n     (adsbygoogle = window.adsbygoogle || []).push({});\r\n<\/script>\n<\/div>\n<p>O <strong>Ipasgo Goi\u00e2nia<\/strong> &#8211; Instituto de Assist\u00eancia dos Servidores P\u00fablicos do Estado de Goi\u00e1s \u2013\u00a0 \u00e9 hoje refer\u00eancia nacional\u00a0na \u00e1rea de assist\u00eancia \u00e0 sa\u00fade, oferecendo uma ampla rede credenciada de profissionais, cl\u00ednicas,\u00a0laborat\u00f3rios e hospitais aos seus 620 mil usu\u00e1rios.<\/p>\n<p>Achegada do novo mil\u00eanio motivou o Ipasgo a planejar e\u00a0adotar um novo modelo organizacional com foco no cliente, parcerias com benef\u00edcios m\u00fatuos, equil\u00edbrio\u00a0financeiro, produtividade e gest\u00e3o transparente, vis\u00e3o, miss\u00e3o e planejamento estrat\u00e9gico.<\/p>\n<p><img loading=\"lazy\" decoding=\"async\" class=\"alignnone wp-image-2676 size-full\" title=\"Ipasgo Goi\u00e2nia\" src=\"https:\/\/www.encontragoiania.com.br\/sobre\/wp-content\/uploads\/2019\/01\/ipasgo-goiania.gif\" alt=\"Ipasgo Goi\u00e2nia\" width=\"680\" height=\"189\" \/><\/p>\n<p>Em sua origem, o Ipasgo funcionava como um grande guarda-chuva, que abrigava todos os benef\u00edcios aos\u00a0servidores estaduais. Com o desenvolvimento do Estado e da sua m\u00e1quina administrativa, foi transferindo\u00a0obriga\u00e7\u00f5es a outros \u00f3rg\u00e3os, cuidando exclusivamente hoje da assist\u00eancia \u00e0 sa\u00fade. O grupo original a ser\u00a0atendido s\u00e3o os servidores estaduais e seus dependentes. Mas o Ipasgo est\u00e1 autorizado a firmar conv\u00eanio\u00a0com outras estruturas p\u00fablicas, como prefeituras, c\u00e2maras municipais e \u00f3rg\u00e3os federais, para prestar os\u00a0seus servi\u00e7os.<\/p>\n<p>A defini\u00e7\u00e3o de metas e objetivos gerou conceitos e atitudes incorporados a essa nova filosofia gerencial. As\u00a0a\u00e7\u00f5es empreendidas resultaram em saneamento das contas, descentraliza\u00e7\u00e3o administrativa,\u00a0humaniza\u00e7\u00e3o do atendimento, agilidade nos processos e desenvolvimento de programas especiais.\u00a0A consolida\u00e7\u00e3o do novo modelo organizacional veio, inicialmente, com os resultados da Lei n\u00ba 14.081, que\u00a0instituiu o Ipasgo em abril de 2002, e, recentemente, teve o seu funcionamento regulamentado pela Lei\u00a017.477 de 25 de novembro de 2011, que estabeleceu os fundamentos para a atual estrutura do Instituto.\u00a0Apesar de a assist\u00eancia ser facultativa para o servidor, o n\u00famero de ades\u00f5es ao Ipasgo cresce a cada dia,\u00a0demonstrando a credibilidade que o Instituto desfruta junto aos seus usu\u00e1rios, \u00e0 rede credenciada e \u00e0\u00a0sociedade.<\/p>\n<p>Os desafios, no entanto, continuam, e o Ipasgo n\u00e3o os ignora. Ao contr\u00e1rio, monitora diariamente seus\u00a0processos com o objetivo de promover melhorias nas \u00e1reas necess\u00e1rias, sempre levando em conta sua\u00a0hist\u00f3ria, seus usu\u00e1rios e colaboradores. O Instituto pode ser traduzido hoje por palavras como\u00a0modernidade, competitividade e transpar\u00eancia. Veja a seguir o hist\u00f3rico do Ipasgo desde a sua cria\u00e7\u00e3o at\u00e9\u00a0os dias atuais, com a rela\u00e7\u00e3o de todos os dirigentes que j\u00e1 passaram pelo \u00f3rg\u00e3o.<\/p>\n<h2>Ipasgo\u00a0Goi\u00e2nia\u00a0Marcar Consulta<\/h2>\n<p>para marcar consulta basta acessar a aba <em>agendamento,<\/em>\u00a0coloque seu login e senha e fa\u00e7a seu agendamento.<\/p>\n<h3>Ipasgo\u00a0Goi\u00e2nia\u00a0Boleto<\/h3>\n<p>Acesse o site\u00a0<a href=\"https:\/\/portalsistemas.ipasgo.go.gov.br\/SGFNet\/servicos.asp\" target=\"_blank\" rel=\"noopener noreferrer\">www.portalsistemas.ipasgo.go.gov.br\/SGFNet\/servicos.asp<\/a>\u00a0e emita sua guia de<em> boleto <\/em>e tamb\u00e9m voc\u00ea pode fazer o levantamento de suas d\u00edvidas e negoci\u00e1-las.<em><br \/>\n<\/em><\/p>\n<h3>Ipasgo Goi\u00e2nia\u00a0M\u00e9dicos Credenciados<\/h3>\n<p>Na aba guia m\u00e9dico voc\u00ea consegue verificar quais os<em> m\u00e9dicos s\u00e3o credenciados <\/em>ao Ipasgo.<\/p>\n<h3>Hor\u00e1rio de Funcionamento\u00a0Ipasgo em Goi\u00e2nia<\/h3>\n<ul>\n<li>Segunda a Sexta das 07h \u00e0s 19h S\u00e1bado das 07h \u00e0s 13h<\/li>\n<\/ul>\n<h3>Onde Fica, Endere\u00e7o e Telefone\u00a0Ipasgo em Goi\u00e2nia<\/h3>\n<ul>\n<li>Av. 1\u00aa Radial, 586 &#8211; St. Pedro Ludovico, Goi\u00e2nia &#8211; GO<\/li>\n<li>Telefone: (62) 3238-2400 \/\u00a00800\u00a062-1919<\/li>\n<\/ul>\n<h4>Outras informa\u00e7\u00f5es e site<\/h4>\n<ul>\n<li>Mais informa\u00e7\u00f5es:\u00a0<a href=\"http:\/\/www.ipasgo.go.gov.br\/web\/home\/site\" target=\"_blank\" rel=\"noopener noreferrer\">www.ipasgo.go.gov.br<\/a><\/li>\n<\/ul>\n<h4>Mapa de localiza\u00e7\u00e3o<\/h4>\n<a class=\"wp-colorbox-iframe\" href=\"https:\/\/www.google.com\/maps\/embed?pb=!1m14!1m8!1m3!1d15285.546084559104!2d-49.2548921!3d-16.7075552!3m2!1i1024!2i768!4f13.1!3m3!1m2!1s0x00x4ba770659826f4b1!2sIPASGO!5e0!3m2!1spt-BR!2sbr!4v1548226868099\"><img decoding=\"async\" src=\"http:\/\/www.encontragoiania.com.br\/imgs\/maps-post.png\"><\/a>\n\n<div style=\"font-size: 0px; height: 0px; line-height: 0px; margin: 0; padding: 0; clear: both;\"><\/div>","protected":false},"excerpt":{"rendered":"<p>O Ipasgo Goi\u00e2nia &#8211; Instituto de Assist\u00eancia dos Servidores P\u00fablicos do Estado de Goi\u00e1s \u2013\u00a0 \u00e9 hoje refer\u00eancia nacional\u00a0na \u00e1rea de assist\u00eancia \u00e0 sa\u00fade, oferecendo uma ampla rede credenciada de profissionais, cl\u00ednicas,\u00a0laborat\u00f3rios e hospitais aos seus 620 mil usu\u00e1rios. Achegada do novo mil\u00eanio motivou o Ipasgo a planejar e\u00a0adotar um novo modelo organizacional com foco no cliente, parcerias com benef\u00edcios m\u00fatuos, equil\u00edbrio\u00a0financeiro, produtividade e gest\u00e3o transparente, vis\u00e3o, miss\u00e3o e planejamento estrat\u00e9gico. Em sua origem, o Ipasgo funcionava como um grande guarda-chuva, que abrigava todos os benef\u00edcios aos\u00a0servidores estaduais. Com o desenvolvimento do Estado e da sua m\u00e1quina administrativa, foi transferindo\u00a0obriga\u00e7\u00f5es <\/p>\n","protected":false},"author":1,"featured_media":0,"parent":0,"menu_order":0,"comment_status":"closed","ping_status":"closed","template":"","meta":{"footnotes":""},"class_list":["post-2675","page","type-page","status-publish","hentry"],"aioseo_notices":[],"_links":{"self":[{"href":"https:\/\/www.encontragoiania.com.br\/sobre\/wp-json\/wp\/v2\/pages\/2675","targetHints":{"allow":["GET"]}}],"collection":[{"href":"https:\/\/www.encontragoiania.com.br\/sobre\/wp-json\/wp\/v2\/pages"}],"about":[{"href":"https:\/\/www.encontragoiania.com.br\/sobre\/wp-json\/wp\/v2\/types\/page"}],"author":[{"embeddable":true,"href":"https:\/\/www.encontragoiania.com.br\/sobre\/wp-json\/wp\/v2\/users\/1"}],"replies":[{"embeddable":true,"href":"https:\/\/www.encontragoiania.com.br\/sobre\/wp-json\/wp\/v2\/comments?post=2675"}],"version-history":[{"count":0,"href":"https:\/\/www.encontragoiania.com.br\/sobre\/wp-json\/wp\/v2\/pages\/2675\/revisions"}],"wp:attachment":[{"href":"https:\/\/www.encontragoiania.com.br\/sobre\/wp-json\/wp\/v2\/media?parent=2675"}],"curies":[{"name":"wp","href":"https:\/\/api.w.org\/{rel}","templated":true}]}}