{"id":2511,"date":"2018-12-31T10:51:35","date_gmt":"2018-12-31T12:51:35","guid":{"rendered":"https:\/\/www.encontragoiania.com.br\/sobre\/?page_id=2511"},"modified":"2018-12-31T10:51:35","modified_gmt":"2018-12-31T12:51:35","slug":"diario-oficial-de-goiania","status":"publish","type":"page","link":"https:\/\/www.encontragoiania.com.br\/sobre\/diario-oficial-de-goiania\/","title":{"rendered":"Di\u00e1rio Oficial de Goi\u00e2nia"},"content":{"rendered":"<div class=\"196752fdcd61442359b13893514e4d90\" data-index=\"1\" style=\"float: none; margin:0px;\">\n<!-- Anuncio display - global -->\r\n<ins class=\"adsbygoogle\"\r\n     style=\"display:block\"\r\n     data-ad-client=\"ca-pub-8585364105181520\"\r\n     data-ad-slot=\"8789329856\"\r\n     data-ad-format=\"auto\"\r\n     data-full-width-responsive=\"true\"><\/ins>\r\n<script>\r\n     (adsbygoogle = window.adsbygoogle || []).push({});\r\n<\/script>\n<\/div>\n<p>O\u00a0<b>Di\u00e1rio Oficial\u00a0Goi\u00e2nia <\/b>\u00e9 um jornal\u00a0criado, mantido e administrado pelo governo da cidade para publicar as literaturas dos atos oficiais da administra\u00e7\u00e3o p\u00fablica executiva, legislativa e judici\u00e1ria.<\/p>\n<p>No Brasil\u00a0s\u00e3o publicados Di\u00e1rios Oficiais da\u00a0Presid\u00eancia da Rep\u00fablica, de cada governo estadual, de cada munic\u00edpio e dos \u00f3rg\u00e3os do\u00a0Poder Judici\u00e1rio<sup id=\"cite_ref-2\" class=\"reference\"><\/sup>. Algumas localidades os disponibilizam, de forma integral, na Internet.<\/p>\n<p><img loading=\"lazy\" decoding=\"async\" class=\"alignnone wp-image-2512 size-full\" title=\"Di\u00e1rio Oficial de Goi\u00e2nia\" src=\"https:\/\/www.encontragoiania.com.br\/sobre\/wp-content\/uploads\/2018\/12\/diario-oficial-de-goiania.gif\" alt=\"Di\u00e1rio Oficial de Goi\u00e2nia\" width=\"680\" height=\"189\" \/><\/p>\n<p>O Di\u00e1rio Oficial do Munic\u00edpio &#8211; Eletr\u00f4nico (DOM Eletr\u00f4nico) \u00e9 o meio oficial de comunica\u00e7\u00e3o, publicidade e divulga\u00e7\u00e3o dos atos oficiais p\u00fablicos municipais.\u00a0As edi\u00e7\u00f5es do DOM Eletr\u00f4nico s\u00e3o assinadas digitalmente, conferindo seguran\u00e7a e efeitos legais e jur\u00eddicos aos atos e documentos publicados.\u00a0O DOM Eletr\u00f4nico \u00e9 regulamentado pelo Decreto n\u00ba 3.987, de 14 do m\u00eas de agosto de 2013, onde est\u00e3o previstas suas normas de funcionamento, os meios e as formas de envio de atos e documentos para publica\u00e7\u00e3o.<\/p>\n<p>Al\u00e9m da veicula\u00e7\u00e3o de documentos oficiais do governo, a produ\u00e7\u00e3o do jornal di\u00e1rio possibilita a publica\u00e7\u00e3o de documentos particulares de divulga\u00e7\u00e3o exigida pela legisla\u00e7\u00e3o. Os interessados em divulgar mat\u00e9rias devem acessar o Sistema de Atendimento e-156, dispon\u00edvel na p\u00e1gina principal do site oficial do Munic\u00edpio e tamb\u00e9m na p\u00e1gina principal desta Secretaria. As regras de formata\u00e7\u00e3o destes documentos est\u00e3o definidas no Decreto n\u00ba 3.987, de 14 de agosto de 2013.<\/p>\n<h2>Hist\u00f3ria do Di\u00e1rio Oficial Goi\u00e2nia<\/h2>\n<p>A origem do Di\u00e1rio Oficial remonta \u00e0 \u00e9poca da\u00a0transfer\u00eancia da corte portuguesa para o Brasil.O Di\u00e1rio Oficial foi criado por meio da Lei Imperial N\u00ba 1.177, sancionada em 9 de setembro de 1862\u00a0e o primeiro n\u00famero circulou em 1 de outubro de 1862, quando o governo brasileiro, atrav\u00e9s de uma delibera\u00e7\u00e3o do\u00a0Marqu\u00eas de Olinda, passa a divulgar os atos legais atrav\u00e9s do Di\u00e1rio Oficial.<\/p>\n<p>Em 1994, a Imprensa Nacional passou a utilizar recursos de\u00a0inform\u00e1tica. Em 1997, parte da Se\u00e7\u00e3o I come\u00e7ou a ser disponibilizada na internet, e em 2000 o DOU passou a ser publicado integralmente em vers\u00e3o digital.\u00a0A edi\u00e7\u00e3o de 19 de dezembro de 1997 conquistou o t\u00edtulo de jornal em formato\u00a0tabloide\u00a0com maior n\u00famero de p\u00e1ginas do mundo: 2.112.\u00a0Em 25 de outubro de 2017 foi anunciado o fim da edi\u00e7\u00e3o impressa do DOU, marcada para 1\u00ba de dezembro do mesmo ano.<\/p>\n<h3>Hor\u00e1rio de Funcionamento\u00a0Prefeitura de Goi\u00e2nia<\/h3>\n<ul>\n<li>Segunda a Sexta das 08h \u00e0s 17h30<\/li>\n<\/ul>\n<h3>Onde Fica,\u00a0Endere\u00e7o e Telefone Prefeitura de Goi\u00e2nia<\/h3>\n<ul>\n<li><strong>Alphaville Araguaia:<\/strong>\u00a0Av. do Cerrado, 999 \u2013 Telefone: (62) 3524-1000<\/li>\n<li><strong>Setor Leste:<\/strong>\u00a0R. Professor Jo\u00e3o Henrique Gon\u00e7alves, s\/n \u2013 Telefone: (62) 3524-1000<\/li>\n<li><strong>Setor Bela Vista:<\/strong>\u00a0Av. Laudelino Gomes, 237 \u2013 Telefone: (62) 3524-1000<\/li>\n<\/ul>\n<h4>Outras informa\u00e7\u00f5es e site<\/h4>\n<ul>\n<li>Mais informa\u00e7\u00f5es:\u00a0<a href=\"http:\/\/www4.goiania.go.gov.br\/portal\/site.asp?s=775&amp;m=2071\" target=\"_blank\" rel=\"noopener noreferrer\">www4.goiania.go.gov.br\/portal<\/a><\/li>\n<\/ul>\n<h4>Mapa de localiza\u00e7\u00e3o Setor Leste<\/h4>\n<a class=\"wp-colorbox-iframe\" href=\"https:\/\/www.google.com\/maps\/embed?pb=!1m18!1m12!1m3!1d3822.3082808934305!2d-49.25086548513357!3d-16.661449788517444!2m3!1f0!2f0!3f0!3m2!1i1024!2i768!4f13.1!3m3!1m2!1s0x935ef3cddff8afb50x439167c29fdb5b9d!2sR.+Prof.+Joo+Henrique+Gonalves+-+Leste+Vila+Nova+Goinia+-+GO+74645-010!5e0!3m2!1spt-BR!2sbr!4v1546258047558\"><img decoding=\"async\" src=\"http:\/\/www.encontragoiania.com.br\/imgs\/maps-post.png\"><\/a>\n\n<div style=\"font-size: 0px; height: 0px; line-height: 0px; margin: 0; padding: 0; clear: both;\"><\/div>","protected":false},"excerpt":{"rendered":"<p>O\u00a0Di\u00e1rio Oficial\u00a0Goi\u00e2nia \u00e9 um jornal\u00a0criado, mantido e administrado pelo governo da cidade para publicar as literaturas dos atos oficiais da administra\u00e7\u00e3o p\u00fablica executiva, legislativa e judici\u00e1ria. No Brasil\u00a0s\u00e3o publicados Di\u00e1rios Oficiais da\u00a0Presid\u00eancia da Rep\u00fablica, de cada governo estadual, de cada munic\u00edpio e dos \u00f3rg\u00e3os do\u00a0Poder Judici\u00e1rio. Algumas localidades os disponibilizam, de forma integral, na Internet. O Di\u00e1rio Oficial do Munic\u00edpio &#8211; Eletr\u00f4nico (DOM Eletr\u00f4nico) \u00e9 o meio oficial de comunica\u00e7\u00e3o, publicidade e divulga\u00e7\u00e3o dos atos oficiais p\u00fablicos municipais.\u00a0As edi\u00e7\u00f5es do DOM Eletr\u00f4nico s\u00e3o assinadas digitalmente, conferindo seguran\u00e7a e efeitos legais e jur\u00eddicos aos atos e documentos publicados.\u00a0O DOM Eletr\u00f4nico \u00e9 <\/p>\n","protected":false},"author":1,"featured_media":0,"parent":0,"menu_order":0,"comment_status":"closed","ping_status":"closed","template":"","meta":{"footnotes":""},"class_list":["post-2511","page","type-page","status-publish","hentry"],"aioseo_notices":[],"_links":{"self":[{"href":"https:\/\/www.encontragoiania.com.br\/sobre\/wp-json\/wp\/v2\/pages\/2511","targetHints":{"allow":["GET"]}}],"collection":[{"href":"https:\/\/www.encontragoiania.com.br\/sobre\/wp-json\/wp\/v2\/pages"}],"about":[{"href":"https:\/\/www.encontragoiania.com.br\/sobre\/wp-json\/wp\/v2\/types\/page"}],"author":[{"embeddable":true,"href":"https:\/\/www.encontragoiania.com.br\/sobre\/wp-json\/wp\/v2\/users\/1"}],"replies":[{"embeddable":true,"href":"https:\/\/www.encontragoiania.com.br\/sobre\/wp-json\/wp\/v2\/comments?post=2511"}],"version-history":[{"count":0,"href":"https:\/\/www.encontragoiania.com.br\/sobre\/wp-json\/wp\/v2\/pages\/2511\/revisions"}],"wp:attachment":[{"href":"https:\/\/www.encontragoiania.com.br\/sobre\/wp-json\/wp\/v2\/media?parent=2511"}],"curies":[{"name":"wp","href":"https:\/\/api.w.org\/{rel}","templated":true}]}}