{"id":2369,"date":"2018-12-14T07:45:52","date_gmt":"2018-12-14T09:45:52","guid":{"rendered":"http:\/\/www.encontragoiania.com.br\/sobre\/?page_id=2369"},"modified":"2018-12-14T07:47:04","modified_gmt":"2018-12-14T09:47:04","slug":"portal-do-servidor-goiania","status":"publish","type":"page","link":"https:\/\/www.encontragoiania.com.br\/sobre\/portal-do-servidor-goiania\/","title":{"rendered":"Portal do Servidor Goi\u00e2nia"},"content":{"rendered":"<div class=\"196752fdcd61442359b13893514e4d90\" data-index=\"1\" style=\"float: none; margin:0px;\">\n<!-- Anuncio display - global -->\r\n<ins class=\"adsbygoogle\"\r\n     style=\"display:block\"\r\n     data-ad-client=\"ca-pub-8585364105181520\"\r\n     data-ad-slot=\"8789329856\"\r\n     data-ad-format=\"auto\"\r\n     data-full-width-responsive=\"true\"><\/ins>\r\n<script>\r\n     (adsbygoogle = window.adsbygoogle || []).push({});\r\n<\/script>\n<\/div>\n<p>Criado em 2009, o <strong>Portal do Servidor Goi\u00e2nia<\/strong> foi desenvolvido para ser um instrumento de comunica\u00e7\u00e3o entre a Secretaria de Administra\u00e7\u00e3o e Recursos Humanos (SMARH) e o servidor p\u00fablico da Prefeitura de Goi\u00e2nia.<\/p>\n<p>Ap\u00f3s altera\u00e7\u00f5es na estrutura organizacional do poder executivo do munic\u00edpio de Goi\u00e2nia, atrav\u00e9s da Lei Complementar n\u00ba 239, de 08 de janeiro de 2013, a Secretaria Municipal de Administra\u00e7\u00e3o e Recursos Humanos \u2013 Smarh foi extinta e dividida em Secretaria Municipal de Gest\u00e3o de Pessoas e Secretaria Municipal de Administra\u00e7\u00e3o.<\/p>\n<h2><img loading=\"lazy\" decoding=\"async\" class=\"alignnone wp-image-2370 size-full\" title=\"Portal do Servidor Goi\u00e2nia\" src=\"http:\/\/www.encontragoiania.com.br\/sobre\/wp-content\/uploads\/2018\/12\/portal-do-servidos-goiania.gif\" alt=\"Portal do Servidor Goi\u00e2nia\" width=\"680\" height=\"189\" \/><\/h2>\n<p>A partir de agora a Secretaria Municipal de Gest\u00e3o de Pessoas, atrav\u00e9s da Divis\u00e3o de Comunica\u00e7\u00e3o e Gest\u00e3o do Portal do Servidor, ser\u00e1 respons\u00e1vel pela execu\u00e7\u00e3o das atividades relativas ao Portal do Servidor no \u00e2mbito da Prefeitura, avaliando, atualizando e gerenciando o conte\u00fado informativo para os servidores.<\/p>\n<h2>Portal do Servidor\u00a0Goi\u00e2nia Contracheque<\/h2>\n<p>Para imprimir o <em>contracheque<\/em> do servidor, voc\u00ea pode acessar o site do Portal do Servidor e clicar na aba contracheque, informar o n\u00famero de matricula e a sua senha j\u00e1 cadastrada.<\/p>\n<h3>Portal do Servidor\u00a0Goi\u00e2nia\u00a0Processos<\/h3>\n<p>A Prefeitura de Goi\u00e2nia disponibiliza este servi\u00e7o pela Internet com a finalidade de tornar menos burocr\u00e1tica a consulta de informa\u00e7\u00f5es referentes a <em>Processos<\/em> em Andamento na Prefeitura.\u00a0Informe o N\u00famero do Processo e aperte o bot\u00e3o &#8220;Consultar&#8221;.<\/p>\n<h3>Portal do Servidor\u00a0Goi\u00e2nia\u00a0Imas<\/h3>\n<p>Integrante da estrutura administrativa da Prefeitura de Goi\u00e2nia, o Imas Goi\u00e2nia tem por finalidade prestar assist\u00eancia m\u00e9dica, hospitalar, odontol\u00f3gica, laboratorial, psicol\u00f3gica, farmac\u00eautica e social aos servidores p\u00fablicos do munic\u00edpio e a seus dependentes, de acordo com os dispositivos legais e regulamentares pertinentes.<\/p>\n<h3>Portal do Servidor\u00a0Goi\u00e2nia Junta M\u00e9dica<\/h3>\n<p>A <em>Junta m\u00e9dica t<\/em>em o objetivo de avaliar a capacidade laborativa do servidor p\u00fablico municipal e modernizar o atendimento para melhor atender o usu\u00e1rio.<\/p>\n<h3>Portal do Servidor\u00a0Goi\u00e2nia\u00a0Concurso<\/h3>\n<p>O Portal do Servidor contrata funcion\u00e1rios por meio de<em> concurso<\/em> p\u00fablico, fique atento ao site para n\u00e3o perder as datas das inscri\u00e7\u00f5es e provas.<\/p>\n<h3>Hor\u00e1rio de Funcionamento Portal do Servidor em Goi\u00e2nia<\/h3>\n<ul>\n<li>Segunda a Sexta das 08h \u00e0s 17h30<\/li>\n<\/ul>\n<h3>Onde Fica, Endere\u00e7o e Telefone Portal do Servidor em Goi\u00e2nia<\/h3>\n<ul>\n<li>Av. do Cerrado, 999 &#8211; Alphaville Araguaia\u00a0&#8211; Goi\u00e2nia &#8211; GO<\/li>\n<li>Telefone: (62) 3524-1000<\/li>\n<\/ul>\n<h3>Outras informa\u00e7\u00f5es e site<\/h3>\n<ul>\n<li>Mais informa\u00e7\u00f5es:\u00a0<a href=\"http:\/\/www4.goiania.go.gov.br\/portal\/servidor.shtml\" target=\"_blank\" rel=\"noopener noreferrer\">www4.goiania.go.gov.br\/portal\/servidor<\/a><\/li>\n<\/ul>\n<h4>Mapa de localiza\u00e7\u00e3o<\/h4>\n<a class=\"wp-colorbox-iframe\" href=\"https:\/\/www.google.com\/maps\/embed?pb=!1m14!1m8!1m3!1d15285.93241844773!2d-49.227373!3d-16.70273!3m2!1i1024!2i768!4f13.1!3m3!1m2!1s0x00x98cf83df1fb7fed0!2sPrefeitura+de+Goinia!5e0!3m2!1spt-BR!2sbr!4v1544780525019\"><img decoding=\"async\" src=\"http:\/\/www.encontragoiania.com.br\/imgs\/maps-post.png\"><\/a>\n<p>&nbsp;<\/p>\n\n<div style=\"font-size: 0px; height: 0px; line-height: 0px; margin: 0; padding: 0; clear: both;\"><\/div>","protected":false},"excerpt":{"rendered":"<p>Criado em 2009, o Portal do Servidor Goi\u00e2nia foi desenvolvido para ser um instrumento de comunica\u00e7\u00e3o entre a Secretaria de Administra\u00e7\u00e3o e Recursos Humanos (SMARH) e o servidor p\u00fablico da Prefeitura de Goi\u00e2nia. Ap\u00f3s altera\u00e7\u00f5es na estrutura organizacional do poder executivo do munic\u00edpio de Goi\u00e2nia, atrav\u00e9s da Lei Complementar n\u00ba 239, de 08 de janeiro de 2013, a Secretaria Municipal de Administra\u00e7\u00e3o e Recursos Humanos \u2013 Smarh foi extinta e dividida em Secretaria Municipal de Gest\u00e3o de Pessoas e Secretaria Municipal de Administra\u00e7\u00e3o. A partir de agora a Secretaria Municipal de Gest\u00e3o de Pessoas, atrav\u00e9s da Divis\u00e3o de Comunica\u00e7\u00e3o e <\/p>\n","protected":false},"author":1,"featured_media":0,"parent":0,"menu_order":0,"comment_status":"closed","ping_status":"closed","template":"","meta":{"footnotes":""},"class_list":["post-2369","page","type-page","status-publish","hentry"],"aioseo_notices":[],"_links":{"self":[{"href":"https:\/\/www.encontragoiania.com.br\/sobre\/wp-json\/wp\/v2\/pages\/2369","targetHints":{"allow":["GET"]}}],"collection":[{"href":"https:\/\/www.encontragoiania.com.br\/sobre\/wp-json\/wp\/v2\/pages"}],"about":[{"href":"https:\/\/www.encontragoiania.com.br\/sobre\/wp-json\/wp\/v2\/types\/page"}],"author":[{"embeddable":true,"href":"https:\/\/www.encontragoiania.com.br\/sobre\/wp-json\/wp\/v2\/users\/1"}],"replies":[{"embeddable":true,"href":"https:\/\/www.encontragoiania.com.br\/sobre\/wp-json\/wp\/v2\/comments?post=2369"}],"version-history":[{"count":0,"href":"https:\/\/www.encontragoiania.com.br\/sobre\/wp-json\/wp\/v2\/pages\/2369\/revisions"}],"wp:attachment":[{"href":"https:\/\/www.encontragoiania.com.br\/sobre\/wp-json\/wp\/v2\/media?parent=2369"}],"curies":[{"name":"wp","href":"https:\/\/api.w.org\/{rel}","templated":true}]}}