{"id":2352,"date":"2018-12-14T05:04:35","date_gmt":"2018-12-14T07:04:35","guid":{"rendered":"http:\/\/www.encontragoiania.com.br\/sobre\/?page_id=2352"},"modified":"2022-11-29T16:35:37","modified_gmt":"2022-11-29T19:35:37","slug":"prefeitura-de-goiania","status":"publish","type":"page","link":"https:\/\/www.encontragoiania.com.br\/sobre\/prefeitura-de-goiania\/","title":{"rendered":"Prefeitura de Goi\u00e2nia"},"content":{"rendered":"<div class=\"196752fdcd61442359b13893514e4d90\" data-index=\"1\" style=\"float: none; margin:0px;\">\n<!-- Anuncio display - global -->\r\n<ins class=\"adsbygoogle\"\r\n     style=\"display:block\"\r\n     data-ad-client=\"ca-pub-8585364105181520\"\r\n     data-ad-slot=\"8789329856\"\r\n     data-ad-format=\"auto\"\r\n     data-full-width-responsive=\"true\"><\/ins>\r\n<script>\r\n     (adsbygoogle = window.adsbygoogle || []).push({});\r\n<\/script>\n<\/div>\n<p>A\u00a0<strong>Prefeitura de Goi\u00e2nia<\/strong>\u00a0\u00e9 a sede do poder executivo do munic\u00edpio. A Prefeitura abriga secretarias da educa\u00e7\u00e3o, sa\u00fade, meio ambiente e v\u00e1rias outras.<\/p>\n<p>Na sede da Prefeitura de Goi\u00e2nia, est\u00e3o instalados o Gabinete do prefeito e do vice-prefeito, al\u00e9m de secretarias e \u00f3rg\u00e3os. No local, o contribuinte tem acesso a servi\u00e7os como: Nota Fiscal Eletr\u00f4nica (Prefeitura de Goi\u00e2nia); Declara\u00e7\u00e3o de Servi\u00e7o; Emiss\u00e3o da 2\u00aa via do IPTU da Prefeitura Municipal; Consulta de Processos; Di\u00e1rio Oficial; entre outros.<\/p>\n<p><img loading=\"lazy\" decoding=\"async\" class=\"alignnone wp-image-3212 size-full\" title=\"Prefeitura de Goi\u00e2nia\" src=\"https:\/\/www.encontragoiania.com.br\/sobre\/wp-content\/uploads\/2018\/12\/prefeitura-de-goiania.png\" alt=\"\" width=\"680\" height=\"189\" srcset=\"https:\/\/www.encontragoiania.com.br\/sobre\/wp-content\/uploads\/2018\/12\/prefeitura-de-goiania.png 680w, https:\/\/www.encontragoiania.com.br\/sobre\/wp-content\/uploads\/2018\/12\/prefeitura-de-goiania-300x83.png 300w\" sizes=\"auto, (max-width: 680px) 100vw, 680px\" \/><\/p>\n<h2>Concursos Prefeitura de Goi\u00e2nia<\/h2>\n<p>A Prefeitura Municipal de\u00a0Goi\u00e2nia <em>realiza periodicamente concursos p\u00fablicos<\/em>\u00a0com oportunidades para diversos cargos. O primeiro passo para a abertura \u00e9 divulgado no Di\u00e1rio Oficial da Prefeitura de Goi\u00e2nia, que \u00e9 a constitui\u00e7\u00e3o da comiss\u00e3o do certame. No documento constar\u00e1 as chances de cada setor e a escolaridade exigida de cada pessoa para o concurso da prefeitura de Goi\u00e2nia.<\/p>\n<p>Para acompanhar o andamento e obter maiores informa\u00e7\u00f5es sobre vagas, consulte o site da Prefeitura de Goi\u00e2nia com cronogramas e outras especificidades dos concursos p\u00fablicos e processos seletivos que ocorrem.<\/p>\n<h3>IPTU Prefeitura de Goi\u00e2nia<\/h3>\n<p>Todos os anos os propriet\u00e1rios de um ou mais im\u00f3veis na cidade de Piracicaba devem pagar o\u00a0<em>IPTU (Imposto Predial e Territorial Urbano)<\/em>. Em alguns casos, o possuidor, mesmo n\u00e3o sendo o propriet\u00e1rio, \u00e9 o contribuinte do imposto. Na cidade de Goi\u00e2nia o contribuinte pode pagar o valor em cota \u00fanica (com desconto) ou em at\u00e9 dez cotas iguais. Voc\u00ea pode consultar e imprimir a segunda via do seu\u00a0IPTU\u00a0diretamente no site da Prefeitura de Goi\u00e2nia.<em><br \/>\n<\/em><\/p>\n<h3>Nfe Prefeitura de Goi\u00e2nia<\/h3>\n<p>A\u00a0<em>Nota Fiscal de Servi\u00e7os Eletr\u00f4nica \u2013 NFS-e,<\/em>\u00a0\u00e9 o documento fiscal de exist\u00eancia apenas digital que substituir\u00e1 as tradicionais notas fiscais de servi\u00e7os impressas. A NFS-e, implantada pela SECRETARIA DA FAZENDA, ser\u00e1 emitida e armazenada eletronicamente em programa de computador da Prefeitura Piracicaba, com o objetivo de materializar os fatos geradores do ISSQN \u2013 Imposto Sobre Servi\u00e7os de Qualquer Natureza, por meio do registro eletr\u00f4nico das presta\u00e7\u00f5es de servi\u00e7os sujeitas \u00e0 tributa\u00e7\u00e3o do ISSQN. Outras respostas a perguntas frequentes sobre o SIMPLES NACIONAL podem ser obtidas no site da Receita Federal do Brasil.<\/p>\n<h3>ISS Prefeitura de Goi\u00e2nia<\/h3>\n<p>O\u00a0<em>ISS\u00a0\u00e9 o Imposto Sobre Servi\u00e7os<\/em>\u00a0. Ele \u00e9 um tributo de compet\u00eancia dos munic\u00edpios e Distrito Federal e incide sobre a presta\u00e7\u00e3o de servi\u00e7os. O ISS da Prefeitura de Goi\u00e2nia \u00e9 pago pelas empresas prestadoras de servi\u00e7os e profissionais aut\u00f4nomos. Todas as informa\u00e7\u00f5es necess\u00e1rias e d\u00favidas sobre o ISS da Prefeitura de Piracicaba podem ser esclarecidos diretamente no site da Prefeitura.<\/p>\n<h3>Certid\u00e3o Municipal\u00a0Goi\u00e2nia<\/h3>\n<p>A\u00a0<a href=\"https:\/\/www.encontragoiania.com.br\/sobre\/certidao-municipal-goiania\/\"><em>Certid\u00e3o Municipal Goi\u00e2nia<\/em><\/a>\u00a0ou Certid\u00e3o de D\u00e9bitos Tribut\u00e1rios e de D\u00edvida Ativa Municipal \u00e9 um documento onde consta e exist\u00eancia ou inexist\u00eancia de d\u00edvidas ante o munic\u00edpio em que voc\u00ea mora.<\/p>\n<p>Por meio dela, \u00e9 poss\u00edvel comprovar a idoneidade no que diz respeito aos d\u00e9bitos municipais, ou seja, voc\u00ea n\u00e3o possui nenhuma d\u00edvida ao munic\u00edpio, como o ISS, IPTU e demais tributa\u00e7\u00f5es municipais, voc\u00ea pode solicitar sua certid\u00e3o negativa de d\u00e9bitos municipais.<\/p>\n<h3>Cmei Prefeitura de Goi\u00e2nia<\/h3>\n<p>No m\u00eas de dezembro a Prefeitura de Goi\u00e2nia, por meio da Secretaria Municipal de Educa\u00e7\u00e3o e Esporte (SME), abre o per\u00edodo de matr\u00edculas para alunos novatos nos<em> Cemei<\/em> &#8211; Centros municipais de Educa\u00e7\u00e3o Infantil. A pr\u00e9-matr\u00edcula online \u00e9 feita por meio do endere\u00e7o eletr\u00f4nico <a href=\"http:\/\/www.sme.goiania.go.gov.br\/\" target=\"_blank\" rel=\"noopener noreferrer\">www.sme.goiania.go.gov.br<\/a>, na aba \u201cMatr\u00edcula Web\u201d.<\/p>\n<p>Para realizar o cadastro, os pais e respons\u00e1veis dever\u00e3o ter em m\u00e3os os seguintes documentos: CPF do respons\u00e1vel e do aluno; endere\u00e7o completo com CEP; nome completo da crian\u00e7a e da m\u00e3e; data de nascimento da crian\u00e7a; informar tr\u00eas n\u00fameros de telefone para contato, com DDD 62, e indicar o nome das institui\u00e7\u00f5es de prefer\u00eancia. Ao conseguir a vaga pretendida, o respons\u00e1vel dever\u00e1 ir at\u00e9 a institui\u00e7\u00e3o no prazo de 3 dias para entregar a documenta\u00e7\u00e3o e efetivar a matr\u00edcula.<\/p>\n<h3>Portal da Prefeitura de Goi\u00e2nia<\/h3>\n<p>Para acessar os servi\u00e7os da prefeitura basta acessar o <a href=\"http:\/\/www4.goiania.go.gov.br\/portal\/home.shtml\" target=\"_blank\" rel=\"noopener noreferrer\">portal da prefeitura<\/a>, tirar suas d\u00favidas e utilizar os servi\u00e7os que voc\u00ea precisa.<\/p>\n<h3>Prefeitura de Goi\u00e2nia Consulta de Processos<\/h3>\n<p>A Prefeitura de Goi\u00e2nia disponibiliza\u00a0o servi\u00e7o de <em>consulta de processos<\/em> pela Internet com a finalidade de tornar menos burocr\u00e1tica\u00a0o acesso\u00a0de informa\u00e7\u00f5es referentes a Processos em Andamento na Prefeitura.\u00a0Informe o N\u00famero do Processo e aperte o bot\u00e3o &#8220;Consultar&#8221;.<\/p>\n<h3>Hor\u00e1rio de Funcionamento\u00a0Prefeitura em Goi\u00e2nia<\/h3>\n<ul>\n<li>Segunda a Sexta das 08h \u00e0s 17h30<\/li>\n<\/ul>\n<h3>Onde Fica, Endere\u00e7o e Telefone\u00a0Prefeitura em Goi\u00e2nia<\/h3>\n<ul>\n<li><strong>Alphaville Araguaia:<\/strong> Av. do Cerrado, 999 &#8211; Telefone: (62) 3524-1000<\/li>\n<li><strong>Setor Leste:<\/strong> R. Professor Jo\u00e3o Henrique Gon\u00e7alves, s\/n &#8211; Telefone: (62) 3524-1000<\/li>\n<li><strong>Setor Bela Vista:<\/strong> Av. Laudelino Gomes, 237 &#8211; Telefone: (62) 3524-1000<\/li>\n<\/ul>\n<h4>Outras informa\u00e7\u00f5es e site<\/h4>\n<ul>\n<li>site: <a href=\"https:\/\/www.goiania.go.gov.br\/\" target=\"_blank\" rel=\"noopener\">www.goiania.go.gov.br<\/a><\/li>\n<li>Mais informa\u00e7\u00f5es:\u00a0<a href=\"https:\/\/www.prefeituras.org\/prefeitura-municipal-de-goiania-go\/\" target=\"_blank\" rel=\"noopener noreferrer\">www.prefeituras.org\/prefeitura-municipal-de-goiania-go\/<\/a><\/li>\n<li>Mais informa\u00e7\u00f5es:\u00a0<a href=\"http:\/\/www.prefeituradegoiania.org\/\" target=\"_blank\" rel=\"noopener noreferrer\">www.prefeituradegoiania.org<\/a><\/li>\n<\/ul>\n<h4>Mapa de localiza\u00e7\u00e3o Prefeitura em Goi\u00e2nia<\/h4>\n<a class=\"wp-colorbox-iframe\" href=\"https:\/\/www.google.com\/maps\/embed?pb=!1m18!1m12!1m3!1d3821.491122221731!2d-49.23162448513319!3d-16.702329388492533!2m3!1f0!2f0!3f0!3m2!1i1024!2i768!4f13.1!3m3!1m2!1s0x935ef1b3eb4086390x5645133fd996b642!2sAv.+do+Cerrado+999+-+Jardim+Gois+Goinia+-+GO!5e0!3m2!1spt-BR!2sbr!4v1544770830860\"><img decoding=\"async\" src=\"http:\/\/www.encontragoiania.com.br\/imgs\/maps-post.png\"><\/a>\n\n<div style=\"font-size: 0px; height: 0px; line-height: 0px; margin: 0; padding: 0; clear: both;\"><\/div>","protected":false},"excerpt":{"rendered":"<p>A\u00a0Prefeitura de Goi\u00e2nia\u00a0\u00e9 a sede do poder executivo do munic\u00edpio. A Prefeitura abriga secretarias da educa\u00e7\u00e3o, sa\u00fade, meio ambiente e v\u00e1rias outras. Na sede da Prefeitura de Goi\u00e2nia, est\u00e3o instalados o Gabinete do prefeito e do vice-prefeito, al\u00e9m de secretarias e \u00f3rg\u00e3os. No local, o contribuinte tem acesso a servi\u00e7os como: Nota Fiscal Eletr\u00f4nica (Prefeitura de Goi\u00e2nia); Declara\u00e7\u00e3o de Servi\u00e7o; Emiss\u00e3o da 2\u00aa via do IPTU da Prefeitura Municipal; Consulta de Processos; Di\u00e1rio Oficial; entre outros. Concursos Prefeitura de Goi\u00e2nia A Prefeitura Municipal de\u00a0Goi\u00e2nia realiza periodicamente concursos p\u00fablicos\u00a0com oportunidades para diversos cargos. O primeiro passo para a abertura \u00e9 divulgado <\/p>\n","protected":false},"author":1,"featured_media":0,"parent":0,"menu_order":0,"comment_status":"closed","ping_status":"closed","template":"","meta":{"footnotes":""},"class_list":["post-2352","page","type-page","status-publish","hentry"],"aioseo_notices":[],"_links":{"self":[{"href":"https:\/\/www.encontragoiania.com.br\/sobre\/wp-json\/wp\/v2\/pages\/2352","targetHints":{"allow":["GET"]}}],"collection":[{"href":"https:\/\/www.encontragoiania.com.br\/sobre\/wp-json\/wp\/v2\/pages"}],"about":[{"href":"https:\/\/www.encontragoiania.com.br\/sobre\/wp-json\/wp\/v2\/types\/page"}],"author":[{"embeddable":true,"href":"https:\/\/www.encontragoiania.com.br\/sobre\/wp-json\/wp\/v2\/users\/1"}],"replies":[{"embeddable":true,"href":"https:\/\/www.encontragoiania.com.br\/sobre\/wp-json\/wp\/v2\/comments?post=2352"}],"version-history":[{"count":0,"href":"https:\/\/www.encontragoiania.com.br\/sobre\/wp-json\/wp\/v2\/pages\/2352\/revisions"}],"wp:attachment":[{"href":"https:\/\/www.encontragoiania.com.br\/sobre\/wp-json\/wp\/v2\/media?parent=2352"}],"curies":[{"name":"wp","href":"https:\/\/api.w.org\/{rel}","templated":true}]}}