{"id":2263,"date":"2018-10-10T09:40:57","date_gmt":"2018-10-10T12:40:57","guid":{"rendered":"http:\/\/www.encontragoiania.com.br\/sobre\/?page_id=2263"},"modified":"2018-10-10T09:41:43","modified_gmt":"2018-10-10T12:41:43","slug":"federacao-espirita-goiania","status":"publish","type":"page","link":"https:\/\/www.encontragoiania.com.br\/sobre\/federacao-espirita-goiania\/","title":{"rendered":"Federa\u00e7\u00e3o Esp\u00edrita Goi\u00e2nia"},"content":{"rendered":"<div class=\"196752fdcd61442359b13893514e4d90\" data-index=\"1\" style=\"float: none; margin:0px;\">\n<!-- Anuncio display - global -->\r\n<ins class=\"adsbygoogle\"\r\n     style=\"display:block\"\r\n     data-ad-client=\"ca-pub-8585364105181520\"\r\n     data-ad-slot=\"8789329856\"\r\n     data-ad-format=\"auto\"\r\n     data-full-width-responsive=\"true\"><\/ins>\r\n<script>\r\n     (adsbygoogle = window.adsbygoogle || []).push({});\r\n<\/script>\n<\/div>\n<p>A <strong>Federa\u00e7\u00e3o Esp\u00edrita Goi\u00e2nia<\/strong> (FEEGO) tem por miss\u00e3o promover a unifica\u00e7\u00e3o do movimento esp\u00edrita no Estado de Goi\u00e1s com base nos princ\u00edpios estabelecidos por Allan Kardec, mediante a\u00e7\u00e3o conjunta entre as institui\u00e7\u00f5es que o integram.<\/p>\n<p><img loading=\"lazy\" decoding=\"async\" class=\"alignnone wp-image-2265 size-full\" title=\"Federa\u00e7\u00e3o Esp\u00edrita Goi\u00e2nia\" src=\"http:\/\/www.encontragoiania.com.br\/sobre\/wp-content\/uploads\/2018\/10\/feego-goiania.gif\" alt=\"Federa\u00e7\u00e3o Esp\u00edrita Goi\u00e2nia\" width=\"680\" height=\"189\" \/><\/p>\n<h3>Hor\u00e1rio de Funcionamento Federa\u00e7\u00e3o Esp\u00edrita em Goi\u00e2nia<\/h3>\n<ul>\n<li>Segunda a Sexta das 08h \u00e0s 18h \/ S\u00e1bado das 08h \u00e0s 12h<\/li>\n<\/ul>\n<h3>Endere\u00e7o e Telefone Federa\u00e7\u00e3o Esp\u00edrita em Goi\u00e2nia<\/h3>\n<ul>\n<li>R. 1133, 40 &#8211; St. Marista &#8211; Goi\u00e2nia &#8211; GO<\/li>\n<li>Telefone: (62) 3281-0200<\/li>\n<\/ul>\n<h4>Outras informa\u00e7\u00f5es e site<\/h4>\n<ul>\n<li>Mais informa\u00e7\u00f5es:\u00a0<a href=\"https:\/\/www.feego.org.br\/\" target=\"_blank\" rel=\"noopener noreferrer\">www.feego.org.br<\/a><\/li>\n<li>E-mail:\u00a0feego@feego.org.br<\/li>\n<\/ul>\n<h4>Mapa de localiza\u00e7\u00e3o<\/h4>\n<a class=\"wp-colorbox-iframe\" href=\"https:\/\/www.google.com\/maps\/embed?pb=!1m14!1m8!1m3!1d15285.922435597035!2d-49.258731!3d-16.7028547!3m2!1i1024!2i768!4f13.1!3m3!1m2!1s0x00x9ec4ff7a5cdd65c5!2zRmVkZXJhw6fDo28gRXNww61yaXRhIGRvIEVzdGFkbyBkZSBHb2nDoXM!5e0!3m2!1spt-BR!2sbr!4v1539175057025\"><img decoding=\"async\" src=\"http:\/\/www.encontragoiania.com.br\/imgs\/maps-post.png\"><\/a>\n\n<div style=\"font-size: 0px; height: 0px; line-height: 0px; margin: 0; padding: 0; clear: both;\"><\/div>","protected":false},"excerpt":{"rendered":"<p>A Federa\u00e7\u00e3o Esp\u00edrita Goi\u00e2nia (FEEGO) tem por miss\u00e3o promover a unifica\u00e7\u00e3o do movimento esp\u00edrita no Estado de Goi\u00e1s com base nos princ\u00edpios estabelecidos por Allan Kardec, mediante a\u00e7\u00e3o conjunta entre as institui\u00e7\u00f5es que o integram. Hor\u00e1rio de Funcionamento Federa\u00e7\u00e3o Esp\u00edrita em Goi\u00e2nia Segunda a Sexta das 08h \u00e0s 18h \/ S\u00e1bado das 08h \u00e0s 12h Endere\u00e7o e Telefone Federa\u00e7\u00e3o Esp\u00edrita em Goi\u00e2nia R. 1133, 40 &#8211; St. Marista &#8211; Goi\u00e2nia &#8211; GO Telefone: (62) 3281-0200 Outras informa\u00e7\u00f5es e site Mais informa\u00e7\u00f5es:\u00a0www.feego.org.br E-mail:\u00a0feego@feego.org.br Mapa de localiza\u00e7\u00e3o<\/p>\n","protected":false},"author":1,"featured_media":0,"parent":0,"menu_order":0,"comment_status":"closed","ping_status":"closed","template":"","meta":{"footnotes":""},"class_list":["post-2263","page","type-page","status-publish","hentry"],"aioseo_notices":[],"_links":{"self":[{"href":"https:\/\/www.encontragoiania.com.br\/sobre\/wp-json\/wp\/v2\/pages\/2263","targetHints":{"allow":["GET"]}}],"collection":[{"href":"https:\/\/www.encontragoiania.com.br\/sobre\/wp-json\/wp\/v2\/pages"}],"about":[{"href":"https:\/\/www.encontragoiania.com.br\/sobre\/wp-json\/wp\/v2\/types\/page"}],"author":[{"embeddable":true,"href":"https:\/\/www.encontragoiania.com.br\/sobre\/wp-json\/wp\/v2\/users\/1"}],"replies":[{"embeddable":true,"href":"https:\/\/www.encontragoiania.com.br\/sobre\/wp-json\/wp\/v2\/comments?post=2263"}],"version-history":[{"count":0,"href":"https:\/\/www.encontragoiania.com.br\/sobre\/wp-json\/wp\/v2\/pages\/2263\/revisions"}],"wp:attachment":[{"href":"https:\/\/www.encontragoiania.com.br\/sobre\/wp-json\/wp\/v2\/media?parent=2263"}],"curies":[{"name":"wp","href":"https:\/\/api.w.org\/{rel}","templated":true}]}}