{"id":2202,"date":"2018-10-05T05:10:24","date_gmt":"2018-10-05T08:10:24","guid":{"rendered":"http:\/\/www.encontragoiania.com.br\/sobre\/?page_id=2202"},"modified":"2018-10-05T05:10:44","modified_gmt":"2018-10-05T08:10:44","slug":"parque-areiao-goiania","status":"publish","type":"page","link":"https:\/\/www.encontragoiania.com.br\/sobre\/parque-areiao-goiania\/","title":{"rendered":"Parque Arei\u00e3o Goi\u00e2nia"},"content":{"rendered":"<div class=\"196752fdcd61442359b13893514e4d90\" data-index=\"1\" style=\"float: none; margin:0px;\">\n<!-- Anuncio display - global -->\r\n<ins class=\"adsbygoogle\"\r\n     style=\"display:block\"\r\n     data-ad-client=\"ca-pub-8585364105181520\"\r\n     data-ad-slot=\"8789329856\"\r\n     data-ad-format=\"auto\"\r\n     data-full-width-responsive=\"true\"><\/ins>\r\n<script>\r\n     (adsbygoogle = window.adsbygoogle || []).push({});\r\n<\/script>\n<\/div>\n<p><b>Parque Arei\u00e3o<\/b>\u00a0\u00e9 um parque da cidade de\u00a0Goi\u00e2nia.\u00a0Com uma \u00e1rea de 215.000 m\u00b2, o Parque Arei\u00e3o fica na regi\u00e3o Sul de Goi\u00e2nia, nos setores Pedro Ludovico Teixeira e Marista Sul, entre a Alameda Coronel Eug\u00eanio Jardim, Avenida Americano do Brasil, Rua 90, Avenida Arei\u00e3o e Avenida 5\u00aa Radial.<\/p>\n<p>Uma \u00e1rea de preserva\u00e7\u00e3o permanente com vegeta\u00e7\u00e3o de floresta da galeria e vereda, abrigando esp\u00e9cies de fauna nativa. Feito a partir do tra\u00e7ado original da cidade, considerado como reserva ambiental no Plano Original da Cidade de Goi\u00e2nia, aprovado em 1938 e seu patrim\u00f4nio natural incluindo tr\u00eas nascentes do C\u00f3rrego Arei\u00e3o e um bra\u00e7o do C\u00f3rrego Botafogo pertencente \u00e0 Bacia do Rio Meia Ponte.<\/p>\n<p><img loading=\"lazy\" decoding=\"async\" class=\"alignnone wp-image-2204 size-full\" title=\"Parque Arei\u00e3o Goi\u00e2nia\" src=\"http:\/\/www.encontragoiania.com.br\/sobre\/wp-content\/uploads\/2018\/10\/parque-areiao-goiania.gif\" alt=\"Parque Arei\u00e3o Goi\u00e2nia\" width=\"680\" height=\"189\" \/><\/p>\n<p>H\u00e1 mais de sessenta anos, esta \u00e1rea a exemplo de tantas outras consideradas reservas, vem sofrendo desgastes, fato minimizado apenas quando retornou ao seu verdadeiro papel de parque p\u00fablico municipal.<\/p>\n<p>O cuidado constante com a preserva\u00e7\u00e3o de suas \u00e1reas verdes, com a utiliza\u00e7\u00e3o racional dos recursos ambientais e as medidas de prote\u00e7\u00e3o foram fatores determinantes para que Goi\u00e2nia recebesse o t\u00edtulo de Cidade Modelo Ambiental, conferido pela Sociedade Brasileira para a Valoriza\u00e7\u00e3o do Meio Ambiente, entidade n\u00e3o governamental, com sede no\u00a0Rio de Janeiro.<\/p>\n<p>Possui uma pista de\u00a0Cooper\u00a0de 2.400m totalmente iluminada, duas esta\u00e7\u00f5es de gin\u00e1sticas, um campo de futebol e parque infantil, al\u00e9m de um lago.\u00a0Em rela\u00e7\u00e3o \u00e0 flora, \u00e9 composto de plantas de cerrado, e por \u00e1reas de reflorestamento bastante arejadas. J\u00e1 a fauna nativa conta com macacos, p\u00e1ssaros entre outros animais de pequeno porte.<\/p>\n<h3>Hor\u00e1rio de Funcionamento Parque Arei\u00e3o em Goi\u00e2nia<\/h3>\n<ul>\n<li>Segunda a S\u00e1bado das 08h \u00e0s 19h<\/li>\n<\/ul>\n<h3>Endere\u00e7o e Telefone Parque Arei\u00e3o em Goi\u00e2nia<\/h3>\n<ul>\n<li>Av. Arei\u00e3o, s\/n &#8211; St. Pedro Ludovico &#8211; Goi\u00e2nia &#8211; GO<\/li>\n<li>Telefone: (62) 3524-1000<\/li>\n<\/ul>\n<h4>Outras informa\u00e7\u00f5es e site<\/h4>\n<ul>\n<li>Mais informa\u00e7\u00f5es:\u00a0<a href=\"https:\/\/www.facebook.com\/pages\/category\/State-Park\/Parque-Arei%C3%A3o-Goiania-Go-263614717132306\/\" target=\"_blank\" rel=\"noopener noreferrer\">www.facebook.com\/Parque-Areio<\/a><\/li>\n<\/ul>\n<h4>Mapa de localiza\u00e7\u00e3o<\/h4>\n<a class=\"wp-colorbox-iframe\" href=\"https:\/\/www.google.com\/maps\/embed?pb=!1m14!1m8!1m3!1d15285.573030244572!2d-49.2566436!3d-16.7072187!3m2!1i1024!2i768!4f13.1!3m3!1m2!1s0x00xca27b2808399e5f0!2sParque+Areio!5e0!3m2!1spt-BR!2sbr!4v1538726905759\"><img decoding=\"async\" src=\"http:\/\/www.encontragoiania.com.br\/imgs\/maps-post.png\"><\/a>\n\n<div style=\"font-size: 0px; height: 0px; line-height: 0px; margin: 0; padding: 0; clear: both;\"><\/div>","protected":false},"excerpt":{"rendered":"<p>Parque Arei\u00e3o\u00a0\u00e9 um parque da cidade de\u00a0Goi\u00e2nia.\u00a0Com uma \u00e1rea de 215.000 m\u00b2, o Parque Arei\u00e3o fica na regi\u00e3o Sul de Goi\u00e2nia, nos setores Pedro Ludovico Teixeira e Marista Sul, entre a Alameda Coronel Eug\u00eanio Jardim, Avenida Americano do Brasil, Rua 90, Avenida Arei\u00e3o e Avenida 5\u00aa Radial. Uma \u00e1rea de preserva\u00e7\u00e3o permanente com vegeta\u00e7\u00e3o de floresta da galeria e vereda, abrigando esp\u00e9cies de fauna nativa. Feito a partir do tra\u00e7ado original da cidade, considerado como reserva ambiental no Plano Original da Cidade de Goi\u00e2nia, aprovado em 1938 e seu patrim\u00f4nio natural incluindo tr\u00eas nascentes do C\u00f3rrego Arei\u00e3o e um bra\u00e7o <\/p>\n","protected":false},"author":1,"featured_media":0,"parent":0,"menu_order":0,"comment_status":"closed","ping_status":"closed","template":"","meta":{"footnotes":""},"class_list":["post-2202","page","type-page","status-publish","hentry"],"aioseo_notices":[],"_links":{"self":[{"href":"https:\/\/www.encontragoiania.com.br\/sobre\/wp-json\/wp\/v2\/pages\/2202","targetHints":{"allow":["GET"]}}],"collection":[{"href":"https:\/\/www.encontragoiania.com.br\/sobre\/wp-json\/wp\/v2\/pages"}],"about":[{"href":"https:\/\/www.encontragoiania.com.br\/sobre\/wp-json\/wp\/v2\/types\/page"}],"author":[{"embeddable":true,"href":"https:\/\/www.encontragoiania.com.br\/sobre\/wp-json\/wp\/v2\/users\/1"}],"replies":[{"embeddable":true,"href":"https:\/\/www.encontragoiania.com.br\/sobre\/wp-json\/wp\/v2\/comments?post=2202"}],"version-history":[{"count":0,"href":"https:\/\/www.encontragoiania.com.br\/sobre\/wp-json\/wp\/v2\/pages\/2202\/revisions"}],"wp:attachment":[{"href":"https:\/\/www.encontragoiania.com.br\/sobre\/wp-json\/wp\/v2\/media?parent=2202"}],"curies":[{"name":"wp","href":"https:\/\/api.w.org\/{rel}","templated":true}]}}