{"id":2187,"date":"2018-10-02T14:11:02","date_gmt":"2018-10-02T17:11:02","guid":{"rendered":"http:\/\/www.encontragoiania.com.br\/sobre\/?page_id=2187"},"modified":"2018-10-02T14:11:44","modified_gmt":"2018-10-02T17:11:44","slug":"procon-goiania","status":"publish","type":"page","link":"https:\/\/www.encontragoiania.com.br\/sobre\/procon-goiania\/","title":{"rendered":"Procon Goi\u00e2nia"},"content":{"rendered":"<div class=\"196752fdcd61442359b13893514e4d90\" data-index=\"1\" style=\"float: none; margin:0px;\">\n<!-- Anuncio display - global -->\r\n<ins class=\"adsbygoogle\"\r\n     style=\"display:block\"\r\n     data-ad-client=\"ca-pub-8585364105181520\"\r\n     data-ad-slot=\"8789329856\"\r\n     data-ad-format=\"auto\"\r\n     data-full-width-responsive=\"true\"><\/ins>\r\n<script>\r\n     (adsbygoogle = window.adsbygoogle || []).push({});\r\n<\/script>\n<\/div>\n<p>Procon \u00e9 um \u00f3rg\u00e3o administrativo de prote\u00e7\u00e3o e defesa do consumidor que atua no \u00e2mbito nacional, ou seja, em todo territ\u00f3rio brasileiro. Possui uma sede situada em S\u00e3o Paulo (PROCON-SP) que \u00e9 vinculada ao governo do estado onde as prefeituras que desejam ter o PROCON local faz um\u00a0conv\u00eanio para atuar no \u00e2mbito do munic\u00edpio ao qual est\u00e1 vinculado. Como \u00e9 o caso da cidade de\u00a0S\u00e3o Luis que possui uma unidade de atendimento para o aos consumidores em geral. Conhe\u00e7a o\u00a0<strong>Procon Goi\u00e2nia.<\/strong><\/p>\n<p><img loading=\"lazy\" decoding=\"async\" class=\"alignnone wp-image-2189 size-full\" title=\"Procon Goi\u00e2nia\" src=\"http:\/\/www.encontragoiania.com.br\/sobre\/wp-content\/uploads\/2018\/10\/procon-goiania.gif\" alt=\"Procon Goi\u00e2nia\" width=\"680\" height=\"189\" \/><\/p>\n<h2>Procon Goi\u00e2nia Registro de Reclama\u00e7\u00e3o<\/h2>\n<p>\u00c9 de suma import\u00e2ncia que o consumidor apresente o cupom fiscal ou nota fiscal que comprove a aquisi\u00e7\u00e3o legal do bem ou servi\u00e7o\u00a0para que possa fazer o\u00a0<em>registro de reclama\u00e7\u00e3o<\/em>\u00a0no Procon.<\/p>\n<p>\u00c9 de extrema import\u00e2ncia documentar-se de protocolos e anota\u00e7\u00f5es de todas as formas de contato com informa\u00e7\u00f5es detalhadas, tais como:<\/p>\n<ul>\n<li>N\u00famero de telefone qual tentou ou efetuou contato<\/li>\n<li>N\u00famero de protocolo de atendimento<\/li>\n<li>Nome da pessoa qual recebeu seu contato na empresa<\/li>\n<li>Hor\u00e1rio exato e tamb\u00e9m dura\u00e7\u00e3o do contato<\/li>\n<li>E-mails enviados a empresa<\/li>\n<\/ul>\n<p>Em caso de produtos com altera\u00e7\u00e3o, v\u00edcio ou dano \u00e9 necess\u00e1rio que se fa\u00e7a a apresenta\u00e7\u00e3o do (s) mesmo (s), visto que na embalagem h\u00e1 informa\u00e7\u00f5es sobre o fornecedor e data de validade de lote do item.<\/p>\n<p>Em casos de assuntos financeiros onde haja alguma pend\u00eancia por parte do consumidor e ele n\u00e3o consiga contato com a empresa credora para a negocia\u00e7\u00e3o da d\u00edvida o Procon da cidade de Fortaleza tamb\u00e9m pode intervir.<\/p>\n<h3>Hor\u00e1rio de Funcionamento\u00a0Procon em Goi\u00e2nia<\/h3>\n<ul>\n<li>Segunda a Sexta das 08h \u00e0s 18h<\/li>\n<\/ul>\n<h3>Endere\u00e7o e Telefone\u00a0Procon em Goi\u00e2nia<\/h3>\n<ul>\n<li><strong>Centro:<\/strong> Av. Tocantins, 191 &#8211;\u00a0Telefone:\u00a0(62) 3524-2942<\/li>\n<li><strong>Setor Central:\u00a0<\/strong>Rua 8, 242 &#8211; Telefone:\u00a0(62) 3201-7124<\/li>\n<\/ul>\n<h4>Outras informa\u00e7\u00f5es e site<\/h4>\n<ul>\n<li>Mais informa\u00e7\u00f5es:\u00a0<a href=\"http:\/\/www.goiania.go.gov.br\/html\/procon\/\" target=\"_blank\" rel=\"noopener noreferrer\">www.goiania.go.gov.br\/procon<\/a><\/li>\n<\/ul>\n<h4>Mapa de localiza\u00e7\u00e3o Centro<\/h4>\n<a class=\"wp-colorbox-iframe\" href=\"https:\/\/www.google.com\/maps\/embed?pb=!1m18!1m12!1m3!1d3821.968075859236!2d-49.261136785133324!3d-16.678480888507078!2m3!1f0!2f0!3f0!3m2!1i1024!2i768!4f13.1!3m3!1m2!1s0x935ef1616074debd0xf58571dfe207c2ce!2sAv.+Tocantins+191+-+St.+Central+Goinia+-+GO+74015-005!5e0!3m2!1spt-BR!2sbr!4v1538500141978\"><img decoding=\"async\" src=\"http:\/\/www.encontragoiania.com.br\/imgs\/maps-post.png\"><\/a>\n\n<div style=\"font-size: 0px; height: 0px; line-height: 0px; margin: 0; padding: 0; clear: both;\"><\/div>","protected":false},"excerpt":{"rendered":"<p>Procon \u00e9 um \u00f3rg\u00e3o administrativo de prote\u00e7\u00e3o e defesa do consumidor que atua no \u00e2mbito nacional, ou seja, em todo territ\u00f3rio brasileiro. Possui uma sede situada em S\u00e3o Paulo (PROCON-SP) que \u00e9 vinculada ao governo do estado onde as prefeituras que desejam ter o PROCON local faz um\u00a0conv\u00eanio para atuar no \u00e2mbito do munic\u00edpio ao qual est\u00e1 vinculado. Como \u00e9 o caso da cidade de\u00a0S\u00e3o Luis que possui uma unidade de atendimento para o aos consumidores em geral. Conhe\u00e7a o\u00a0Procon Goi\u00e2nia. Procon Goi\u00e2nia Registro de Reclama\u00e7\u00e3o \u00c9 de suma import\u00e2ncia que o consumidor apresente o cupom fiscal ou nota fiscal <\/p>\n","protected":false},"author":1,"featured_media":0,"parent":0,"menu_order":0,"comment_status":"closed","ping_status":"closed","template":"","meta":{"footnotes":""},"class_list":["post-2187","page","type-page","status-publish","hentry"],"aioseo_notices":[],"_links":{"self":[{"href":"https:\/\/www.encontragoiania.com.br\/sobre\/wp-json\/wp\/v2\/pages\/2187","targetHints":{"allow":["GET"]}}],"collection":[{"href":"https:\/\/www.encontragoiania.com.br\/sobre\/wp-json\/wp\/v2\/pages"}],"about":[{"href":"https:\/\/www.encontragoiania.com.br\/sobre\/wp-json\/wp\/v2\/types\/page"}],"author":[{"embeddable":true,"href":"https:\/\/www.encontragoiania.com.br\/sobre\/wp-json\/wp\/v2\/users\/1"}],"replies":[{"embeddable":true,"href":"https:\/\/www.encontragoiania.com.br\/sobre\/wp-json\/wp\/v2\/comments?post=2187"}],"version-history":[{"count":0,"href":"https:\/\/www.encontragoiania.com.br\/sobre\/wp-json\/wp\/v2\/pages\/2187\/revisions"}],"wp:attachment":[{"href":"https:\/\/www.encontragoiania.com.br\/sobre\/wp-json\/wp\/v2\/media?parent=2187"}],"curies":[{"name":"wp","href":"https:\/\/api.w.org\/{rel}","templated":true}]}}