{"id":2181,"date":"2018-10-02T13:48:52","date_gmt":"2018-10-02T16:48:52","guid":{"rendered":"http:\/\/www.encontragoiania.com.br\/sobre\/?page_id=2181"},"modified":"2018-10-02T13:49:51","modified_gmt":"2018-10-02T16:49:51","slug":"cta-goiania","status":"publish","type":"page","link":"https:\/\/www.encontragoiania.com.br\/sobre\/cta-goiania\/","title":{"rendered":"CTA Goi\u00e2nia"},"content":{"rendered":"<div class=\"196752fdcd61442359b13893514e4d90\" data-index=\"1\" style=\"float: none; margin:0px;\">\n<!-- Anuncio display - global -->\r\n<ins class=\"adsbygoogle\"\r\n     style=\"display:block\"\r\n     data-ad-client=\"ca-pub-8585364105181520\"\r\n     data-ad-slot=\"8789329856\"\r\n     data-ad-format=\"auto\"\r\n     data-full-width-responsive=\"true\"><\/ins>\r\n<script>\r\n     (adsbygoogle = window.adsbygoogle || []).push({});\r\n<\/script>\n<\/div>\n<p>Os diagn\u00f3sticos de HIV e Aids s\u00e3o realizados em todas as Unidades de Sa\u00fade por meio da Campanha Fique Sabendo e no Centro de Testagem e Aconselhamento(CTA).<\/p>\n<p>O <strong>CTA\u00a0 Goi\u00e2nia<\/strong>\u00a0realiza a\u00e7\u00f5es de diagn\u00f3stico e preven\u00e7\u00e3o de doen\u00e7as sexualmente transmiss\u00edveis com atendimento sigiloso. Atende demanda espont\u00e2nea e realiza testes convencionais e testes de r\u00e1pidos. O teste r\u00e1pido \u00e9 realizado em pessoas em situa\u00e7\u00e3o de risco. A pr\u00f3pria unidade CTA determina se h\u00e1 necessidade de realizar o teste r\u00e1pido.<\/p>\n<p><img loading=\"lazy\" decoding=\"async\" class=\"alignnone wp-image-2183 size-full\" title=\"CTA Goi\u00e2nia\" src=\"http:\/\/www.encontragoiania.com.br\/sobre\/wp-content\/uploads\/2018\/10\/cta-goiania.gif\" alt=\"CTA Goi\u00e2nia\" width=\"680\" height=\"189\" \/><\/p>\n<p>Os testes para diagnosticar o HIV s\u00e3o realizados atrav\u00e9s da coleta de sangue, s\u00e3o gratuitos e seu resultado \u00e9 seguro e sigiloso. Todas as pessoas que realizam o teste HIV passam por aconselhamento individual ou coletivo. Caso o exame seja positivo, o aconselhamento \u00e9 individual e ser\u00e1 encaminhado, via regula\u00e7\u00e3o, para o Servi\u00e7o de Assist\u00eancia Especializada (SAE). Saber precocemente da doen\u00e7a \u00e9 fundamental para aumentar ainda mais a sobrevida da pessoa.<\/p>\n<p>Todas as unidades municipais de sa\u00fade realizam o teste convencional de HIV. J\u00e1 o teste r\u00e1pido \u00e9 realizado nas unidades abaixo. Quem define a necessidade do teste r\u00e1pido de HIV \u00e9 o profissional de sa\u00fade da unidade, que avalia o paciente.<\/p>\n<h3>Hor\u00e1rio de Funcionamento CTA em Goi\u00e2nia<\/h3>\n<ul>\n<li>Segunda a Sexta das 08h \u00e0s 17h<\/li>\n<\/ul>\n<h3>Endere\u00e7o e Telefone CTA em Goi\u00e2nia<\/h3>\n<ul>\n<li>\n<div class=\"street-address\">Av. Contorno,\u00a0 2151 &#8211; Setor Norte Ferrovi\u00e1rio &#8211; G<span class=\"locality\">oi\u00e2nia &#8211;\u00a0<\/span><span class=\"region\">GO<\/span><\/div>\n<\/li>\n<li>Telefone: (62) 3524-8705<\/li>\n<\/ul>\n<h4>Outras informa\u00e7\u00f5es e site<\/h4>\n<ul>\n<li>Mais informa\u00e7\u00f5es:\u00a0<a href=\"http:\/\/www.aids.gov.br\/pt-br\/cta-goiania\" target=\"_blank\" rel=\"noopener noreferrer\">www.aids.gov.br\/cta-goiania<\/a><\/li>\n<\/ul>\n<h4>Mapa de localiza\u00e7\u00e3o<\/h4>\n<a class=\"wp-colorbox-iframe\" href=\"https:\/\/www.google.com\/maps\/embed?pb=!1m18!1m12!1m3!1d3822.4014337086846!2d-49.26082658513357!3d-16.65678348852029!2m3!1f0!2f0!3f0!3m2!1i1024!2i768!4f13.1!3m3!1m2!1s0x935ef3c730d8a0370x2cae63986fae9c7c!2sAv.+Contorno+2151+-+Setor+Norte+Ferrovirio+Goinia+-+GO+74063-350!5e0!3m2!1spt-BR!2sbr!4v1538498764727\"><img decoding=\"async\" src=\"http:\/\/www.encontragoiania.com.br\/imgs\/maps-post.png\"><\/a>\n\n<div style=\"font-size: 0px; height: 0px; line-height: 0px; margin: 0; padding: 0; clear: both;\"><\/div>","protected":false},"excerpt":{"rendered":"<p>Os diagn\u00f3sticos de HIV e Aids s\u00e3o realizados em todas as Unidades de Sa\u00fade por meio da Campanha Fique Sabendo e no Centro de Testagem e Aconselhamento(CTA). O CTA\u00a0 Goi\u00e2nia\u00a0realiza a\u00e7\u00f5es de diagn\u00f3stico e preven\u00e7\u00e3o de doen\u00e7as sexualmente transmiss\u00edveis com atendimento sigiloso. Atende demanda espont\u00e2nea e realiza testes convencionais e testes de r\u00e1pidos. O teste r\u00e1pido \u00e9 realizado em pessoas em situa\u00e7\u00e3o de risco. A pr\u00f3pria unidade CTA determina se h\u00e1 necessidade de realizar o teste r\u00e1pido. Os testes para diagnosticar o HIV s\u00e3o realizados atrav\u00e9s da coleta de sangue, s\u00e3o gratuitos e seu resultado \u00e9 seguro e sigiloso. Todas <\/p>\n","protected":false},"author":1,"featured_media":0,"parent":0,"menu_order":0,"comment_status":"closed","ping_status":"closed","template":"","meta":{"footnotes":""},"class_list":["post-2181","page","type-page","status-publish","hentry"],"aioseo_notices":[],"_links":{"self":[{"href":"https:\/\/www.encontragoiania.com.br\/sobre\/wp-json\/wp\/v2\/pages\/2181","targetHints":{"allow":["GET"]}}],"collection":[{"href":"https:\/\/www.encontragoiania.com.br\/sobre\/wp-json\/wp\/v2\/pages"}],"about":[{"href":"https:\/\/www.encontragoiania.com.br\/sobre\/wp-json\/wp\/v2\/types\/page"}],"author":[{"embeddable":true,"href":"https:\/\/www.encontragoiania.com.br\/sobre\/wp-json\/wp\/v2\/users\/1"}],"replies":[{"embeddable":true,"href":"https:\/\/www.encontragoiania.com.br\/sobre\/wp-json\/wp\/v2\/comments?post=2181"}],"version-history":[{"count":0,"href":"https:\/\/www.encontragoiania.com.br\/sobre\/wp-json\/wp\/v2\/pages\/2181\/revisions"}],"wp:attachment":[{"href":"https:\/\/www.encontragoiania.com.br\/sobre\/wp-json\/wp\/v2\/media?parent=2181"}],"curies":[{"name":"wp","href":"https:\/\/api.w.org\/{rel}","templated":true}]}}