{"id":2129,"date":"2018-09-27T15:29:46","date_gmt":"2018-09-27T18:29:46","guid":{"rendered":"http:\/\/www.encontragoiania.com.br\/sobre\/?page_id=2129"},"modified":"2018-09-27T15:29:46","modified_gmt":"2018-09-27T18:29:46","slug":"igreja-sagrada-familia-goiania","status":"publish","type":"page","link":"https:\/\/www.encontragoiania.com.br\/sobre\/igreja-sagrada-familia-goiania\/","title":{"rendered":"Igreja Sagrada Fam\u00edlia Goi\u00e2nia"},"content":{"rendered":"<div class=\"196752fdcd61442359b13893514e4d90\" data-index=\"1\" style=\"float: none; margin:0px;\">\n<!-- Anuncio display - global -->\r\n<ins class=\"adsbygoogle\"\r\n     style=\"display:block\"\r\n     data-ad-client=\"ca-pub-8585364105181520\"\r\n     data-ad-slot=\"8789329856\"\r\n     data-ad-format=\"auto\"\r\n     data-full-width-responsive=\"true\"><\/ins>\r\n<script>\r\n     (adsbygoogle = window.adsbygoogle || []).push({});\r\n<\/script>\n<\/div>\n<p>A <strong>Igreja Sagrada Fam\u00edlia Goi\u00e2nia<\/strong>, tamb\u00e9m conhecida como Santu\u00e1rio Sagrada Fam\u00edlia pertence a Arquidiocese de Goi\u00e2nia.<\/p>\n<p><img loading=\"lazy\" decoding=\"async\" class=\"alignnone wp-image-2135 size-full\" title=\"Igreja Sagrada Fam\u00edlia Goi\u00e2nia\" src=\"http:\/\/www.encontragoiania.com.br\/sobre\/wp-content\/uploads\/2018\/09\/igreja-sagrada-familia-goiania-1.gif\" alt=\"Igreja Sagrada Fam\u00edlia Goi\u00e2nia\" width=\"680\" height=\"189\" \/><\/p>\n<h2>Santu\u00e1rio\u00a0Sagrada Fam\u00edlia\u00a0Goi\u00e2nia Missas<\/h2>\n<p>As <em>missas<\/em> no Santu\u00e1rio acontecem nos seguintes hor\u00e1rios:<\/p>\n<ul>\n<li>Domingo: 6h30 \/ 8h \/ 10h15 \/12h \/15h \/17h \/19h30<\/li>\n<li>2\u00aa-feira a s\u00e1bado: 6h30 \/12h \/15h \/ 19h30<\/li>\n<\/ul>\n<h3>Igreja Sagrada Fam\u00edlia Goi\u00e2nia ao Vivo<\/h3>\n<p>O Santu\u00e1rio transmite<em> ao vivo <\/em>pelo Facebook algumas missas e celebra\u00e7\u00f5es, acompanhe!<\/p>\n<h3>Hor\u00e1rio de Funcionamento Igreja Sagrada Fam\u00edlia em Goi\u00e2nia<\/h3>\n<ul>\n<li>Diariamente das 08h \u00e0s 18h<\/li>\n<\/ul>\n<h3>Endere\u00e7o e Telefone Igreja Sagrada Fam\u00edlia em Goi\u00e2nia<\/h3>\n<ul>\n<li>R. C. Quatorze, 14 &#8211; Vila Nova Cana\u00e3 &#8211; Goi\u00e2nia &#8211; GO<\/li>\n<li>Telefone: (62) 3942-4267<\/li>\n<\/ul>\n<h4>Outras informa\u00e7\u00f5es e site<\/h4>\n<ul>\n<li>Mais informa\u00e7\u00f5es:\u00a0<a href=\"https:\/\/www.facebook.com\/santuariosagradafamiliago\/?rf=265487963637962\" target=\"_blank\" rel=\"noopener noreferrer\">www.facebook.com\/santuariosagradafamiliago<\/a><\/li>\n<\/ul>\n<h4>Mapa de localiza\u00e7\u00e3o<\/h4>\n<a class=\"wp-colorbox-iframe\" href=\"https:\/\/www.google.com\/maps\/embed?pb=!1m14!1m8!1m3!1d15286.955904523998!2d-49.3122708!3d-16.6899404!3m2!1i1024!2i768!4f13.1!3m3!1m2!1s0x00xd0fe481eec80dcd7!2sSanturio+Sagrada+Famlia!5e0!3m2!1spt-BR!2sbr!4v1538072601634\"><img decoding=\"async\" src=\"http:\/\/www.encontragoiania.com.br\/imgs\/maps-post.png\"><\/a>\n\n<div style=\"font-size: 0px; height: 0px; line-height: 0px; margin: 0; padding: 0; clear: both;\"><\/div>","protected":false},"excerpt":{"rendered":"<p>A Igreja Sagrada Fam\u00edlia Goi\u00e2nia, tamb\u00e9m conhecida como Santu\u00e1rio Sagrada Fam\u00edlia pertence a Arquidiocese de Goi\u00e2nia. Santu\u00e1rio\u00a0Sagrada Fam\u00edlia\u00a0Goi\u00e2nia Missas As missas no Santu\u00e1rio acontecem nos seguintes hor\u00e1rios: Domingo: 6h30 \/ 8h \/ 10h15 \/12h \/15h \/17h \/19h30 2\u00aa-feira a s\u00e1bado: 6h30 \/12h \/15h \/ 19h30 Igreja Sagrada Fam\u00edlia Goi\u00e2nia ao Vivo O Santu\u00e1rio transmite ao vivo pelo Facebook algumas missas e celebra\u00e7\u00f5es, acompanhe! Hor\u00e1rio de Funcionamento Igreja Sagrada Fam\u00edlia em Goi\u00e2nia Diariamente das 08h \u00e0s 18h Endere\u00e7o e Telefone Igreja Sagrada Fam\u00edlia em Goi\u00e2nia R. C. Quatorze, 14 &#8211; Vila Nova Cana\u00e3 &#8211; Goi\u00e2nia &#8211; GO Telefone: (62) 3942-4267 Outras <\/p>\n","protected":false},"author":1,"featured_media":0,"parent":0,"menu_order":0,"comment_status":"closed","ping_status":"closed","template":"","meta":{"footnotes":""},"class_list":["post-2129","page","type-page","status-publish","hentry"],"aioseo_notices":[],"_links":{"self":[{"href":"https:\/\/www.encontragoiania.com.br\/sobre\/wp-json\/wp\/v2\/pages\/2129","targetHints":{"allow":["GET"]}}],"collection":[{"href":"https:\/\/www.encontragoiania.com.br\/sobre\/wp-json\/wp\/v2\/pages"}],"about":[{"href":"https:\/\/www.encontragoiania.com.br\/sobre\/wp-json\/wp\/v2\/types\/page"}],"author":[{"embeddable":true,"href":"https:\/\/www.encontragoiania.com.br\/sobre\/wp-json\/wp\/v2\/users\/1"}],"replies":[{"embeddable":true,"href":"https:\/\/www.encontragoiania.com.br\/sobre\/wp-json\/wp\/v2\/comments?post=2129"}],"version-history":[{"count":0,"href":"https:\/\/www.encontragoiania.com.br\/sobre\/wp-json\/wp\/v2\/pages\/2129\/revisions"}],"wp:attachment":[{"href":"https:\/\/www.encontragoiania.com.br\/sobre\/wp-json\/wp\/v2\/media?parent=2129"}],"curies":[{"name":"wp","href":"https:\/\/api.w.org\/{rel}","templated":true}]}}