{"id":2061,"date":"2018-09-20T11:28:47","date_gmt":"2018-09-20T14:28:47","guid":{"rendered":"http:\/\/www.encontragoiania.com.br\/sobre\/?page_id=2061"},"modified":"2018-09-20T11:29:25","modified_gmt":"2018-09-20T14:29:25","slug":"conab-goiania","status":"publish","type":"page","link":"https:\/\/www.encontragoiania.com.br\/sobre\/conab-goiania\/","title":{"rendered":"Conab Goi\u00e2nia"},"content":{"rendered":"<div class=\"196752fdcd61442359b13893514e4d90\" data-index=\"1\" style=\"float: none; margin:0px;\">\n<!-- Anuncio display - global -->\r\n<ins class=\"adsbygoogle\"\r\n     style=\"display:block\"\r\n     data-ad-client=\"ca-pub-8585364105181520\"\r\n     data-ad-slot=\"8789329856\"\r\n     data-ad-format=\"auto\"\r\n     data-full-width-responsive=\"true\"><\/ins>\r\n<script>\r\n     (adsbygoogle = window.adsbygoogle || []).push({});\r\n<\/script>\n<\/div>\n<p>A Companhia Nacional de Abastecimento (Conab) \u00e9 uma empresa p\u00fablica com sede em Bras\u00edlia, vinculada ao Minist\u00e9rio da Agricultura, Pecu\u00e1ria e Abastecimento. A Companhia foi criada por meio da\u00a0Lei n. \u00ba 8.029, de 12 de abril de 1990, que autorizou a fus\u00e3o de tr\u00eas empresas p\u00fablicas: a Companhia de Financiamento da Produ\u00e7\u00e3o, a Companhia Brasileira de Alimentos e a Companhia Brasileira de Armazenamento. Suas atividades foram iniciadas em 1\u00ba de janeiro de 1991.<\/p>\n<p align=\"justify\">A empresa est\u00e1 presente em todas as regi\u00f5es brasileiras, com superintend\u00eancias nos 26 estados e no Distrito Federal, al\u00e9m de mais de 90 Unidades Armazenadoras, como armaz\u00e9ns convencionais, graneleiros, portu\u00e1rios, etc., que s\u00e3o capazes de estocar diversos produtos agr\u00edcolas e garantir o suprimento alimentar da popula\u00e7\u00e3o. Sua miss\u00e3o \u00e9 promover a garantia de renda ao produtor rural, a seguran\u00e7a alimentar e nutricional e a regularidade do abastecimento, gerando intelig\u00eancia para a agropecu\u00e1ria e participando da formula\u00e7\u00e3o e execu\u00e7\u00e3o das pol\u00edticas p\u00fablicas. Veja mais informa\u00e7\u00f5es sobre o <strong>Conab Goi\u00e2nia.<\/strong><\/p>\n<p><img loading=\"lazy\" decoding=\"async\" class=\"alignnone wp-image-2063 size-full\" title=\"Conab Goi\u00e2nia\" src=\"http:\/\/www.encontragoiania.com.br\/sobre\/wp-content\/uploads\/2018\/09\/conab-goiania.gif\" alt=\"Conab Goi\u00e2nia\" width=\"680\" height=\"189\" \/><\/p>\n<h3>Hor\u00e1rio de Funcionamento Conab em Goi\u00e2nia<\/h3>\n<ul>\n<li>Segunda a Sexta das 08h \u00e0s 17h<\/li>\n<\/ul>\n<h3>Endere\u00e7o e Telefone Conab em Goi\u00e2nia<\/h3>\n<ul>\n<li>Av. Meia Ponte Q \u00c1rea, 2758 &#8211; Santa Genoveva &#8211; Goi\u00e2nia &#8211; GO<\/li>\n<li>Telefone: (62) 3232-4415<\/li>\n<\/ul>\n<h4>Outras informa\u00e7\u00f5es e site<\/h4>\n<ul>\n<li>Mais informa\u00e7\u00f5es:\u00a0<a href=\"https:\/\/www.conab.gov.br\/\" target=\"_blank\" rel=\"noopener noreferrer\">www.conab.gov.br<\/a><\/li>\n<\/ul>\n<h4>Mapa de localiza\u00e7\u00e3o<\/h4>\n<a class=\"wp-colorbox-iframe\" href=\"https:\/\/www.google.com\/maps\/embed?pb=!1m14!1m8!1m3!1d15290.348377975419!2d-49.2413352!3d-16.6474794!3m2!1i1024!2i768!4f13.1!3m3!1m2!1s0x00xa5e4a2eac938019d!2sCompanhia+Nacional+de+Abastecimento-CONAB!5e0!3m2!1spt-BR!2sbr!4v1537453618704\"><img decoding=\"async\" src=\"http:\/\/www.encontragoiania.com.br\/imgs\/maps-post.png\"><\/a>\n\n<div style=\"font-size: 0px; height: 0px; line-height: 0px; margin: 0; padding: 0; clear: both;\"><\/div>","protected":false},"excerpt":{"rendered":"<p>A Companhia Nacional de Abastecimento (Conab) \u00e9 uma empresa p\u00fablica com sede em Bras\u00edlia, vinculada ao Minist\u00e9rio da Agricultura, Pecu\u00e1ria e Abastecimento. A Companhia foi criada por meio da\u00a0Lei n. \u00ba 8.029, de 12 de abril de 1990, que autorizou a fus\u00e3o de tr\u00eas empresas p\u00fablicas: a Companhia de Financiamento da Produ\u00e7\u00e3o, a Companhia Brasileira de Alimentos e a Companhia Brasileira de Armazenamento. Suas atividades foram iniciadas em 1\u00ba de janeiro de 1991. A empresa est\u00e1 presente em todas as regi\u00f5es brasileiras, com superintend\u00eancias nos 26 estados e no Distrito Federal, al\u00e9m de mais de 90 Unidades Armazenadoras, como armaz\u00e9ns <\/p>\n","protected":false},"author":1,"featured_media":0,"parent":0,"menu_order":0,"comment_status":"closed","ping_status":"closed","template":"","meta":{"footnotes":""},"class_list":["post-2061","page","type-page","status-publish","hentry"],"aioseo_notices":[],"_links":{"self":[{"href":"https:\/\/www.encontragoiania.com.br\/sobre\/wp-json\/wp\/v2\/pages\/2061","targetHints":{"allow":["GET"]}}],"collection":[{"href":"https:\/\/www.encontragoiania.com.br\/sobre\/wp-json\/wp\/v2\/pages"}],"about":[{"href":"https:\/\/www.encontragoiania.com.br\/sobre\/wp-json\/wp\/v2\/types\/page"}],"author":[{"embeddable":true,"href":"https:\/\/www.encontragoiania.com.br\/sobre\/wp-json\/wp\/v2\/users\/1"}],"replies":[{"embeddable":true,"href":"https:\/\/www.encontragoiania.com.br\/sobre\/wp-json\/wp\/v2\/comments?post=2061"}],"version-history":[{"count":0,"href":"https:\/\/www.encontragoiania.com.br\/sobre\/wp-json\/wp\/v2\/pages\/2061\/revisions"}],"wp:attachment":[{"href":"https:\/\/www.encontragoiania.com.br\/sobre\/wp-json\/wp\/v2\/media?parent=2061"}],"curies":[{"name":"wp","href":"https:\/\/api.w.org\/{rel}","templated":true}]}}