{"id":1772,"date":"2018-08-10T21:32:34","date_gmt":"2018-08-11T00:32:34","guid":{"rendered":"http:\/\/www.encontragoiania.com.br\/sobre\/?page_id=1772"},"modified":"2018-08-10T21:33:13","modified_gmt":"2018-08-11T00:33:13","slug":"banco-do-povo-goiania","status":"publish","type":"page","link":"https:\/\/www.encontragoiania.com.br\/sobre\/banco-do-povo-goiania\/","title":{"rendered":"Banco do Povo Goi\u00e2nia"},"content":{"rendered":"<div class=\"196752fdcd61442359b13893514e4d90\" data-index=\"1\" style=\"float: none; margin:0px;\">\n<!-- Anuncio display - global -->\r\n<ins class=\"adsbygoogle\"\r\n     style=\"display:block\"\r\n     data-ad-client=\"ca-pub-8585364105181520\"\r\n     data-ad-slot=\"8789329856\"\r\n     data-ad-format=\"auto\"\r\n     data-full-width-responsive=\"true\"><\/ins>\r\n<script>\r\n     (adsbygoogle = window.adsbygoogle || []).push({});\r\n<\/script>\n<\/div>\n<p>O <strong>Banco do Povo de Goi\u00e1s<\/strong> \u00e9 um programa social do Governo do Estado de Goi\u00e1s, vinculado \u00e0 Secretaria de Estado de Desenvolvimento Econ\u00f4mico, Cient\u00edfico e Tecnol\u00f3gico e de Agricultura, Pecu\u00e1ria e Irriga\u00e7\u00e3o. Iniciou suas atividades em 30 de mar\u00e7o de 1999 e, desde ent\u00e3o, tem atuado no desenvolvimento socioecon\u00f4mico em todo o Estado, por meio da concess\u00e3o de microcr\u00e9dito ao pequeno empreendedor, promovendo a gera\u00e7\u00e3o de emprego e renda, resgatando, assim, a dignidade cidad\u00e3. Com recursos financeiros do tesouro estadual, encontrou terreno f\u00e9rtil gra\u00e7as \u00e0 dedica\u00e7\u00e3o e criatividade dos empreendedores goianos. Por todo o Estado, s\u00e3o milhares de casos de empreendimentos que come\u00e7aram com recursos m\u00ednimos, se consolidaram e transformaram o programa em refer\u00eancia de sucesso para o Brasil. Al\u00e9m de levar cr\u00e9dito e esperan\u00e7a aos cidad\u00e3os, o Banco do Povo de Goi\u00e1s gera empregos e dinamiza a economia goiana, com influ\u00eancia substancial em diversos munic\u00edpios.<\/p>\n<p><img loading=\"lazy\" decoding=\"async\" class=\"alignnone wp-image-1774 size-full\" title=\"Banco do Povo Goi\u00e2nia\" src=\"http:\/\/www.encontragoiania.com.br\/sobre\/wp-content\/uploads\/2018\/08\/banco-do-povo-goiania.gif\" alt=\"Banco do Povo Goi\u00e2nia\" width=\"680\" height=\"189\" \/><\/p>\n<h2>Banco do Povo\u00a0Goi\u00e2nia\u00a0Financiamento<\/h2>\n<p>Para conhecer melhor as condi\u00e7\u00f5es de <em>financiamento<\/em> no Banco do Povo acesse o site e entenda as condi\u00e7\u00f5es, juros e prazos.<\/p>\n<h3>Hor\u00e1rio de Funcionamento Banco do Povo em Goi\u00e2nia<\/h3>\n<ul>\n<li>Segunda a Sexta das 08h \u00e0s 18h<\/li>\n<\/ul>\n<h3>Endere\u00e7o e Telefone Banco do Povo em Goi\u00e2nia<\/h3>\n<ul>\n<li>Av. Anhanguera, 5311 &#8211; St. Central &#8211; Goi\u00e2nia &#8211; GO<\/li>\n<li>Telefone: (62) 3201-7909<\/li>\n<\/ul>\n<h4>Outras informa\u00e7\u00f5es e site<\/h4>\n<ul>\n<li>Mais informa\u00e7\u00f5es:\u00a0<a href=\"http:\/\/www.bancodopovo.go.gov.br\/\" target=\"_blank\" rel=\"noopener noreferrer\">www.bancodopovo.go.gov.br<\/a><\/li>\n<\/ul>\n<h4>Mapa de localiza\u00e7\u00e3o<\/h4>\n<a class=\"wp-colorbox-iframe\" href=\"https:\/\/www.google.com\/maps\/embed?pb=!1m14!1m8!1m3!1d15288.098622865044!2d-49.2603042!3d-16.6756496!3m2!1i1024!2i768!4f13.1!3m3!1m2!1s0x00x77eb21e627a902d4!2sBanco+do+Povo+de+Gois!5e0!3m2!1spt-BR!2sbr!4v1533947383478\"><img decoding=\"async\" src=\"http:\/\/www.encontragoiania.com.br\/imgs\/maps-post.png\"><\/a>\n\n<div style=\"font-size: 0px; height: 0px; line-height: 0px; margin: 0; padding: 0; clear: both;\"><\/div>","protected":false},"excerpt":{"rendered":"<p>O Banco do Povo de Goi\u00e1s \u00e9 um programa social do Governo do Estado de Goi\u00e1s, vinculado \u00e0 Secretaria de Estado de Desenvolvimento Econ\u00f4mico, Cient\u00edfico e Tecnol\u00f3gico e de Agricultura, Pecu\u00e1ria e Irriga\u00e7\u00e3o. Iniciou suas atividades em 30 de mar\u00e7o de 1999 e, desde ent\u00e3o, tem atuado no desenvolvimento socioecon\u00f4mico em todo o Estado, por meio da concess\u00e3o de microcr\u00e9dito ao pequeno empreendedor, promovendo a gera\u00e7\u00e3o de emprego e renda, resgatando, assim, a dignidade cidad\u00e3. Com recursos financeiros do tesouro estadual, encontrou terreno f\u00e9rtil gra\u00e7as \u00e0 dedica\u00e7\u00e3o e criatividade dos empreendedores goianos. Por todo o Estado, s\u00e3o milhares de casos <\/p>\n","protected":false},"author":1,"featured_media":0,"parent":0,"menu_order":0,"comment_status":"closed","ping_status":"closed","template":"","meta":{"footnotes":""},"class_list":["post-1772","page","type-page","status-publish","hentry"],"aioseo_notices":[],"_links":{"self":[{"href":"https:\/\/www.encontragoiania.com.br\/sobre\/wp-json\/wp\/v2\/pages\/1772","targetHints":{"allow":["GET"]}}],"collection":[{"href":"https:\/\/www.encontragoiania.com.br\/sobre\/wp-json\/wp\/v2\/pages"}],"about":[{"href":"https:\/\/www.encontragoiania.com.br\/sobre\/wp-json\/wp\/v2\/types\/page"}],"author":[{"embeddable":true,"href":"https:\/\/www.encontragoiania.com.br\/sobre\/wp-json\/wp\/v2\/users\/1"}],"replies":[{"embeddable":true,"href":"https:\/\/www.encontragoiania.com.br\/sobre\/wp-json\/wp\/v2\/comments?post=1772"}],"version-history":[{"count":0,"href":"https:\/\/www.encontragoiania.com.br\/sobre\/wp-json\/wp\/v2\/pages\/1772\/revisions"}],"wp:attachment":[{"href":"https:\/\/www.encontragoiania.com.br\/sobre\/wp-json\/wp\/v2\/media?parent=1772"}],"curies":[{"name":"wp","href":"https:\/\/api.w.org\/{rel}","templated":true}]}}