{"id":1694,"date":"2018-08-04T11:10:18","date_gmt":"2018-08-04T14:10:18","guid":{"rendered":"http:\/\/www.encontragoiania.com.br\/sobre\/?page_id=1694"},"modified":"2019-02-13T13:26:39","modified_gmt":"2019-02-13T15:26:39","slug":"hospital-hugo-goiania","status":"publish","type":"page","link":"https:\/\/www.encontragoiania.com.br\/sobre\/hospital-hugo-goiania\/","title":{"rendered":"Hospital Hugo Goi\u00e2nia"},"content":{"rendered":"<div class=\"196752fdcd61442359b13893514e4d90\" data-index=\"1\" style=\"float: none; margin:0px;\">\n<!-- Anuncio display - global -->\r\n<ins class=\"adsbygoogle\"\r\n     style=\"display:block\"\r\n     data-ad-client=\"ca-pub-8585364105181520\"\r\n     data-ad-slot=\"8789329856\"\r\n     data-ad-format=\"auto\"\r\n     data-full-width-responsive=\"true\"><\/ins>\r\n<script>\r\n     (adsbygoogle = window.adsbygoogle || []).push({});\r\n<\/script>\n<\/div>\n<p>Constru\u00edda nas gest\u00f5es do governador Dr. Henrique Ant\u00f4nio Santillo e do Secret\u00e1rio de Sa\u00fade Dr. Ant\u00f4nio Faleiros Filho, a unidade p\u00fablica de sa\u00fade foi entregue aos goianos em 1991.\u00a0O<strong> Hospital HUGO Goi\u00e2nia<\/strong> compreende uma \u00e1rea de 28.541,60 m2, com 407 leitos de interna\u00e7\u00e3o e centro cir\u00fargico com 10 salas.<\/p>\n<p>A Lei no. 11.460, de 12\/06\/1991, alterou a nomenclatura do hospital, que passou a se chamar Hospital de Urg\u00eancias de Goi\u00e2nia Dr. Valdemiro Cruz, homenagem ao m\u00e9dico pediatra que deixou seu nome inscrito na hist\u00f3ria da Medicina goiana.<\/p>\n<p><img loading=\"lazy\" decoding=\"async\" class=\"alignnone wp-image-1696 size-full\" title=\"Hospital Hugo Goi\u00e2nia\" src=\"http:\/\/www.encontragoiania.com.br\/sobre\/wp-content\/uploads\/2018\/08\/hospital-hugo-goiania.gif\" alt=\"Hospital Hugo Goi\u00e2nia\" width=\"680\" height=\"189\" \/><\/p>\n<p>O hospital \u00e9 refer\u00eancia no Planalto Central, sendo o \u00fanico nas \u00e1reas de urg\u00eancia e emerg\u00eancia. Atende a todos os munic\u00edpios goianos e at\u00e9 a pacientes de outros Estados. Seus leitos s\u00e3o dedicados exclusivamente ao Sistema \u00danico de Sa\u00fade (SUS). O hospital foi idealizado para prestar atendimento apenas em car\u00e1ter de urg\u00eancia e emerg\u00eancia, mas, n\u00e3o deixa de atender os pacientes de baixa complexidade, que recebem os primeiros cuidados no hospital e, logo ap\u00f3s, s\u00e3o encaminhados para outras unidades de sa\u00fade.<\/p>\n<p>Em maio de 2012, atrav\u00e9s de um contrato de gest\u00e3o, o hospital foi entregue pelo governo do Estado ao Instituto Gerir, Organiza\u00e7\u00e3o Social (OS) sem fins lucrativos, fundada sob forma de associa\u00e7\u00e3o civil com sede em Goi\u00e2nia.<\/p>\n<h2>Hugo\u00a0Goi\u00e2nia Especialidades<\/h2>\n<p>O Hugo oferece atendimentos nas\u00a0<em>especialidades<\/em>\u00a0de cl\u00ednica m\u00e9dica, ortopedia, neurologia, terapia intensiva, cardiologia, geriatria e cirurgias geral e do trauma.<\/p>\n<h3>Hospital Estadual de Urg\u00eancias de\u00a0Goi\u00e2nia Exames<\/h3>\n<p>O Hospital oferece apoio diagn\u00f3stico com instala\u00e7\u00f5es e equipamentos adequados para a execu\u00e7\u00e3o de\u00a0<em>exames<\/em>\u00a0laboratoriais, servi\u00e7os de imagem, incluindo tomografias.<\/p>\n<h3>Hugo\u00a0Goi\u00e2nia\u00a0Resid\u00eancia M\u00e9dica<\/h3>\n<p><em>A Resid\u00eancia M\u00e9dica\u00a0<\/em>oferecida forma profissionais nas \u00e1reas de Cl\u00ednica M\u00e9dica, Ortopedia, Neurologia, Terapia Intensiva, Cardiologia, Anestesiologia, Geriatria e Cirurgias Geral e do Trauma. Al\u00e9m de permitir uma especializa\u00e7\u00e3o de qualidade com treinamento e supervis\u00e3o reconhecidos nacionalmente, o programa amplia a quantidade de atendimentos e melhora o servi\u00e7o prestado \u00e0 popula\u00e7\u00e3o.<\/p>\n<h3>Hugo\u00a0Goi\u00e2nia Hor\u00e1rio de Visitas<\/h3>\n<p>As visitas devem obedecer os seguintes hor\u00e1rios:<\/p>\n<ul>\n<li>Visita religiosa \u2013 das 11h \u00e0s 11h30.<\/li>\n<li>Enfermarias t\u00e9rreo (1 a 4) \u2013 das 13h \u00e0s 14h.<\/li>\n<li>Enfermarias 2\u00ba andar \u2013 das 14h \u00e0s 15h.<\/li>\n<li>Enfermarias 3\u00ba andar \u2013 das 16h30 \u00e0s 17h30.<\/li>\n<li>Enfermarias 4\u00ba andar \u2013 das 15h30 \u00e0s 16h30.<\/li>\n<li>UTIs 1 e 4 \u2013 das 16h \u00e0s 17h.<\/li>\n<li>UTIs 2 e 3 \u2013 14h30 \u00e0s 15h30.<\/li>\n<\/ul>\n<h3>Vagas\u00a0Hugo Goi\u00e2nia \u2013 Trabalhe Conosco<\/h3>\n<p>Atitude, responsabilidade, resili\u00eancia, criatividade, comprometimento para resultado, e saber trabalhar em equipe s\u00e3o algumas compet\u00eancias necess\u00e1rias para fazer parte do time. Se voc\u00ea tem esse perfil e est\u00e1 em busca de oportunidades em uma empresa l\u00edder de mercado envie agora mesmo seu curr\u00edculo para a\u00a0Hugo Goi\u00e2nia.<\/p>\n<h3>Hor\u00e1rio de Funcionamento Hospital Hugo em Goi\u00e2nia<\/h3>\n<ul>\n<li>24 horas<\/li>\n<\/ul>\n<h3>Endere\u00e7o e Telefone Hospital Hugo em Goi\u00e2nia<\/h3>\n<ul>\n<li>Avenida 31 de Mar\u00e7o, s\/n &#8211; S\u00e3o Pedro Ludovico &#8211; Goi\u00e2nia &#8211; GO<\/li>\n<li>Telefone: (62) 3201-4355<\/li>\n<\/ul>\n<h4>Outras informa\u00e7\u00f5es e site<\/h4>\n<ul>\n<li>Mais informa\u00e7\u00f5es:\u00a0<a href=\"http:\/\/hugo.org.br\/\" target=\"_blank\" rel=\"noopener noreferrer\">www.hugo.org.br<\/a><\/li>\n<\/ul>\n<h4>Mapa de localiza\u00e7\u00e3o<\/h4>\n<a class=\"wp-colorbox-iframe\" href=\"https:\/\/www.google.com\/maps\/embed?pb=!1m14!1m8!1m3!1d15285.418115384777!2d-49.2555165!3d-16.7091532!3m2!1i1024!2i768!4f13.1!3m3!1m2!1s0x00x655b3a19db8208b9!2sHospital+de+Urgncias+de+Goinia!5e0!3m2!1spt-BR!2sbr!4v1533391603730\"><img decoding=\"async\" src=\"http:\/\/www.encontragoiania.com.br\/imgs\/maps-post.png\"><\/a>\n\n<div style=\"font-size: 0px; height: 0px; line-height: 0px; margin: 0; padding: 0; clear: both;\"><\/div>","protected":false},"excerpt":{"rendered":"<p>Constru\u00edda nas gest\u00f5es do governador Dr. Henrique Ant\u00f4nio Santillo e do Secret\u00e1rio de Sa\u00fade Dr. Ant\u00f4nio Faleiros Filho, a unidade p\u00fablica de sa\u00fade foi entregue aos goianos em 1991.\u00a0O Hospital HUGO Goi\u00e2nia compreende uma \u00e1rea de 28.541,60 m2, com 407 leitos de interna\u00e7\u00e3o e centro cir\u00fargico com 10 salas. A Lei no. 11.460, de 12\/06\/1991, alterou a nomenclatura do hospital, que passou a se chamar Hospital de Urg\u00eancias de Goi\u00e2nia Dr. Valdemiro Cruz, homenagem ao m\u00e9dico pediatra que deixou seu nome inscrito na hist\u00f3ria da Medicina goiana. O hospital \u00e9 refer\u00eancia no Planalto Central, sendo o \u00fanico nas \u00e1reas de <\/p>\n","protected":false},"author":1,"featured_media":0,"parent":0,"menu_order":0,"comment_status":"closed","ping_status":"closed","template":"","meta":{"footnotes":""},"class_list":["post-1694","page","type-page","status-publish","hentry"],"aioseo_notices":[],"_links":{"self":[{"href":"https:\/\/www.encontragoiania.com.br\/sobre\/wp-json\/wp\/v2\/pages\/1694","targetHints":{"allow":["GET"]}}],"collection":[{"href":"https:\/\/www.encontragoiania.com.br\/sobre\/wp-json\/wp\/v2\/pages"}],"about":[{"href":"https:\/\/www.encontragoiania.com.br\/sobre\/wp-json\/wp\/v2\/types\/page"}],"author":[{"embeddable":true,"href":"https:\/\/www.encontragoiania.com.br\/sobre\/wp-json\/wp\/v2\/users\/1"}],"replies":[{"embeddable":true,"href":"https:\/\/www.encontragoiania.com.br\/sobre\/wp-json\/wp\/v2\/comments?post=1694"}],"version-history":[{"count":0,"href":"https:\/\/www.encontragoiania.com.br\/sobre\/wp-json\/wp\/v2\/pages\/1694\/revisions"}],"wp:attachment":[{"href":"https:\/\/www.encontragoiania.com.br\/sobre\/wp-json\/wp\/v2\/media?parent=1694"}],"curies":[{"name":"wp","href":"https:\/\/api.w.org\/{rel}","templated":true}]}}