{"id":1668,"date":"2018-08-03T08:45:19","date_gmt":"2018-08-03T11:45:19","guid":{"rendered":"http:\/\/www.encontragoiania.com.br\/sobre\/?page_id=1668"},"modified":"2018-08-03T08:45:58","modified_gmt":"2018-08-03T11:45:58","slug":"cemiterio-parque-goiania","status":"publish","type":"page","link":"https:\/\/www.encontragoiania.com.br\/sobre\/cemiterio-parque-goiania\/","title":{"rendered":"Cemit\u00e9rio Parque Goi\u00e2nia"},"content":{"rendered":"<div class=\"196752fdcd61442359b13893514e4d90\" data-index=\"1\" style=\"float: none; margin:0px;\">\n<!-- Anuncio display - global -->\r\n<ins class=\"adsbygoogle\"\r\n     style=\"display:block\"\r\n     data-ad-client=\"ca-pub-8585364105181520\"\r\n     data-ad-slot=\"8789329856\"\r\n     data-ad-format=\"auto\"\r\n     data-full-width-responsive=\"true\"><\/ins>\r\n<script>\r\n     (adsbygoogle = window.adsbygoogle || []).push({});\r\n<\/script>\n<\/div>\n<p>O<strong> Cemit\u00e9rio Parque Goi\u00e2nia<\/strong> \u00e9 administrado pela Prefeitura do Munic\u00edpio e tamb\u00e9m possui jazigos perp\u00e9tuos de responsabilidade de seus propriet\u00e1rios.<\/p>\n<p><img loading=\"lazy\" decoding=\"async\" class=\"alignnone wp-image-1670 size-full\" title=\"Cemit\u00e9rio Parque Goi\u00e2nia\" src=\"http:\/\/www.encontragoiania.com.br\/sobre\/wp-content\/uploads\/2018\/08\/cemiterio-parque-goiania.gif\" alt=\"Cemit\u00e9rio Parque Goi\u00e2nia\" width=\"680\" height=\"189\" \/><\/p>\n<h3>Hor\u00e1rio de Funcionamento Cemit\u00e9rio Parque em Goi\u00e2nia<\/h3>\n<ul>\n<li>Segunda a Sexta das 08h \u00e0s 18h<\/li>\n<\/ul>\n<h3>Endere\u00e7o e Telefone Cemit\u00e9rio Parque em Goi\u00e2nia<\/h3>\n<ul>\n<li>R. S\u00e3o Domingos &#8211; Granja Cruzeiro do Sul &#8211; Goi\u00e2nia &#8211; GO<\/li>\n<li>Telefone: ((62) 3524-2450<\/li>\n<\/ul>\n<h4>Outras informa\u00e7\u00f5es e site<\/h4>\n<ul>\n<li>N\u00e3o informado<\/li>\n<\/ul>\n<h4>Mapa de localiza\u00e7\u00e3o<\/h4>\n<a class=\"wp-colorbox-iframe\" href=\"https:\/\/www.google.com\/maps\/embed?pb=!1m14!1m8!1m3!1d15290.803920942624!2d-49.2824465!3d-16.6417697!3m2!1i1024!2i768!4f13.1!3m3!1m2!1s0x00xf8d140a126284603!2sCemitrio+Parque!5e0!3m2!1spt-BR!2sbr!4v1533296523397\"><img decoding=\"async\" src=\"http:\/\/www.encontragoiania.com.br\/imgs\/maps-post.png\"><\/a>\n\n<div style=\"font-size: 0px; height: 0px; line-height: 0px; margin: 0; padding: 0; clear: both;\"><\/div>","protected":false},"excerpt":{"rendered":"<p>O Cemit\u00e9rio Parque Goi\u00e2nia \u00e9 administrado pela Prefeitura do Munic\u00edpio e tamb\u00e9m possui jazigos perp\u00e9tuos de responsabilidade de seus propriet\u00e1rios. Hor\u00e1rio de Funcionamento Cemit\u00e9rio Parque em Goi\u00e2nia Segunda a Sexta das 08h \u00e0s 18h Endere\u00e7o e Telefone Cemit\u00e9rio Parque em Goi\u00e2nia R. S\u00e3o Domingos &#8211; Granja Cruzeiro do Sul &#8211; Goi\u00e2nia &#8211; GO Telefone: ((62) 3524-2450 Outras informa\u00e7\u00f5es e site N\u00e3o informado Mapa de localiza\u00e7\u00e3o<\/p>\n","protected":false},"author":1,"featured_media":0,"parent":0,"menu_order":0,"comment_status":"closed","ping_status":"closed","template":"","meta":{"footnotes":""},"class_list":["post-1668","page","type-page","status-publish","hentry"],"aioseo_notices":[],"_links":{"self":[{"href":"https:\/\/www.encontragoiania.com.br\/sobre\/wp-json\/wp\/v2\/pages\/1668","targetHints":{"allow":["GET"]}}],"collection":[{"href":"https:\/\/www.encontragoiania.com.br\/sobre\/wp-json\/wp\/v2\/pages"}],"about":[{"href":"https:\/\/www.encontragoiania.com.br\/sobre\/wp-json\/wp\/v2\/types\/page"}],"author":[{"embeddable":true,"href":"https:\/\/www.encontragoiania.com.br\/sobre\/wp-json\/wp\/v2\/users\/1"}],"replies":[{"embeddable":true,"href":"https:\/\/www.encontragoiania.com.br\/sobre\/wp-json\/wp\/v2\/comments?post=1668"}],"version-history":[{"count":0,"href":"https:\/\/www.encontragoiania.com.br\/sobre\/wp-json\/wp\/v2\/pages\/1668\/revisions"}],"wp:attachment":[{"href":"https:\/\/www.encontragoiania.com.br\/sobre\/wp-json\/wp\/v2\/media?parent=1668"}],"curies":[{"name":"wp","href":"https:\/\/api.w.org\/{rel}","templated":true}]}}