{"id":1639,"date":"2018-07-30T06:11:23","date_gmt":"2018-07-30T09:11:23","guid":{"rendered":"http:\/\/www.encontragoiania.com.br\/sobre\/?page_id=1639"},"modified":"2018-07-30T06:11:23","modified_gmt":"2018-07-30T09:11:23","slug":"cais-de-campinas-goiania","status":"publish","type":"page","link":"https:\/\/www.encontragoiania.com.br\/sobre\/cais-de-campinas-goiania\/","title":{"rendered":"Cais de Campinas Goi\u00e2nia"},"content":{"rendered":"<div class=\"196752fdcd61442359b13893514e4d90\" data-index=\"1\" style=\"float: none; margin:0px;\">\n<!-- Anuncio display - global -->\r\n<ins class=\"adsbygoogle\"\r\n     style=\"display:block\"\r\n     data-ad-client=\"ca-pub-8585364105181520\"\r\n     data-ad-slot=\"8789329856\"\r\n     data-ad-format=\"auto\"\r\n     data-full-width-responsive=\"true\"><\/ins>\r\n<script>\r\n     (adsbygoogle = window.adsbygoogle || []).push({});\r\n<\/script>\n<\/div>\n<p>O <strong>Cais de Campinas Goi\u00e2nia<\/strong>\u00a0localizado no\u00a0Setor Funcion\u00e1rios da cidade e \u00e9 uma unidade de sa\u00fade administrada pelo\u00a0SUS (Sistema \u00danico de Sa\u00fade).<\/p>\n<p><img loading=\"lazy\" decoding=\"async\" class=\"alignnone wp-image-1641 size-full\" title=\"Cais de Campinas Goi\u00e2nia\" src=\"http:\/\/www.encontragoiania.com.br\/sobre\/wp-content\/uploads\/2018\/07\/cais-de-campinas.gif\" alt=\"Cais de Campinas Goi\u00e2nia\" width=\"680\" height=\"189\" \/><\/p>\n<h3>Hor\u00e1rio de Atendimento Cais de Campinas Goi\u00e2nia<\/h3>\n<ul>\n<li>Atendimento 24 horas<\/li>\n<\/ul>\n<h3>Endere\u00e7o e Telefone Cais de Campinas Goi\u00e2nia<\/h3>\n<ul>\n<li>R. P-30, 857 &#8211; St. dos Funcion\u00e1rios &#8211; Goi\u00e2nia &#8211; GO<\/li>\n<li>Telefone: (62) 3524-1936<\/li>\n<\/ul>\n<h4>Outras Informa\u00e7\u00f5es<\/h4>\n<ul>\n<li><a href=\"http:\/\/www.saude.goiania.go.gov.br\/html\/servicos\/unidades\/unidades-24h.shtml\" target=\"_blank\" rel=\"noopener noreferrer\">www.saude.goiania.go.gov.br<\/a><\/li>\n<\/ul>\n<h4>Mapa de localiza\u00e7\u00e3o<\/h4>\n<a class=\"wp-colorbox-iframe\" href=\"https:\/\/www.google.com\/maps\/embed?pb=!1m14!1m8!1m3!1d15288.738149837378!2d-49.277867!3d-16.6676465!3m2!1i1024!2i768!4f13.1!3m3!1m2!1s0x00xa4450d4c1452b793!2sCais+Campinas!5e0!3m2!1spt-BR!2sbr!4v1532941654558\"><img decoding=\"async\" src=\"http:\/\/www.encontragoiania.com.br\/imgs\/maps-post.png\"><\/a>\n\n<div style=\"font-size: 0px; height: 0px; line-height: 0px; margin: 0; padding: 0; clear: both;\"><\/div>","protected":false},"excerpt":{"rendered":"<p>O Cais de Campinas Goi\u00e2nia\u00a0localizado no\u00a0Setor Funcion\u00e1rios da cidade e \u00e9 uma unidade de sa\u00fade administrada pelo\u00a0SUS (Sistema \u00danico de Sa\u00fade). Hor\u00e1rio de Atendimento Cais de Campinas Goi\u00e2nia Atendimento 24 horas Endere\u00e7o e Telefone Cais de Campinas Goi\u00e2nia R. P-30, 857 &#8211; St. dos Funcion\u00e1rios &#8211; Goi\u00e2nia &#8211; GO Telefone: (62) 3524-1936 Outras Informa\u00e7\u00f5es www.saude.goiania.go.gov.br Mapa de localiza\u00e7\u00e3o<\/p>\n","protected":false},"author":1,"featured_media":0,"parent":0,"menu_order":0,"comment_status":"closed","ping_status":"closed","template":"","meta":{"footnotes":""},"class_list":["post-1639","page","type-page","status-publish","hentry"],"aioseo_notices":[],"_links":{"self":[{"href":"https:\/\/www.encontragoiania.com.br\/sobre\/wp-json\/wp\/v2\/pages\/1639","targetHints":{"allow":["GET"]}}],"collection":[{"href":"https:\/\/www.encontragoiania.com.br\/sobre\/wp-json\/wp\/v2\/pages"}],"about":[{"href":"https:\/\/www.encontragoiania.com.br\/sobre\/wp-json\/wp\/v2\/types\/page"}],"author":[{"embeddable":true,"href":"https:\/\/www.encontragoiania.com.br\/sobre\/wp-json\/wp\/v2\/users\/1"}],"replies":[{"embeddable":true,"href":"https:\/\/www.encontragoiania.com.br\/sobre\/wp-json\/wp\/v2\/comments?post=1639"}],"version-history":[{"count":0,"href":"https:\/\/www.encontragoiania.com.br\/sobre\/wp-json\/wp\/v2\/pages\/1639\/revisions"}],"wp:attachment":[{"href":"https:\/\/www.encontragoiania.com.br\/sobre\/wp-json\/wp\/v2\/media?parent=1639"}],"curies":[{"name":"wp","href":"https:\/\/api.w.org\/{rel}","templated":true}]}}