{"id":1610,"date":"2018-07-24T21:12:59","date_gmt":"2018-07-25T00:12:59","guid":{"rendered":"http:\/\/www.encontragoiania.com.br\/sobre\/?page_id=1610"},"modified":"2018-07-24T21:14:04","modified_gmt":"2018-07-25T00:14:04","slug":"shopping-estacao-goiania","status":"publish","type":"page","link":"https:\/\/www.encontragoiania.com.br\/sobre\/shopping-estacao-goiania\/","title":{"rendered":"Shopping Esta\u00e7\u00e3o Goi\u00e2nia"},"content":{"rendered":"<div class=\"196752fdcd61442359b13893514e4d90\" data-index=\"1\" style=\"float: none; margin:0px;\">\n<!-- Anuncio display - global -->\r\n<ins class=\"adsbygoogle\"\r\n     style=\"display:block\"\r\n     data-ad-client=\"ca-pub-8585364105181520\"\r\n     data-ad-slot=\"8789329856\"\r\n     data-ad-format=\"auto\"\r\n     data-full-width-responsive=\"true\"><\/ins>\r\n<script>\r\n     (adsbygoogle = window.adsbygoogle || []).push({});\r\n<\/script>\n<\/div>\n<p>Inaugurado em novembro de 2007, o Esta\u00e7\u00e3o da Moda come\u00e7ou como Feira da Esta\u00e7\u00e3o e depois se tornou <strong>Shopping Esta\u00e7\u00e3o Goi\u00e2nia.<\/strong> Ao longo do tempo em que se tornou um dos maiores polos de desenvolvimento econ\u00f4mico da Regi\u00e3o da Rua 44, promoveu mudan\u00e7as sempre buscando alinhamento com as expectativas dos frequentadores, e refor\u00e7ando a import\u00e2ncia do Esta\u00e7\u00e3o da Moda no cen\u00e1rio fashion de Goi\u00e1s.<\/p>\n<p>S\u00e3o quase 400 lojas no Esta\u00e7\u00e3o, que abriga ainda lot\u00e9rica, casa de c\u00e2mbio, e em breve inaugura a nova unidade em Goi\u00e2nia da Faculdade Est\u00e1cio e a empresa de vistoria veicular do Detran, Sanperes. O polo de moda tamb\u00e9m conta com loja da Leroy Merlin e o Hotel Go Inn, da rede Atl\u00e2ntica Hotels. S\u00e3o 215 apartamentos, individuais, duplos ou triplos, com conforto e di\u00e1rias a pre\u00e7os competitivos.<\/p>\n<p><img loading=\"lazy\" decoding=\"async\" class=\"alignnone wp-image-1612 size-full\" title=\"Shopping Esta\u00e7\u00e3o Goi\u00e2nia\" src=\"http:\/\/www.encontragoiania.com.br\/sobre\/wp-content\/uploads\/2018\/07\/shopping-esta\u00e7\u00e3o-goiania.gif\" alt=\"Shopping Esta\u00e7\u00e3o Goi\u00e2nia\" width=\"680\" height=\"189\" \/><\/p>\n<p>O Esta\u00e7\u00e3o da Moda conta com facilidades para os clientes, como carrinhos de compras, e disponibiliza banheiros amplos e confort\u00e1veis, assim como frald\u00e1rio. A pra\u00e7a de alimenta\u00e7\u00e3o possui diversos restaurantes, incluindo marcas nacionais, e oferece desde comida por quilo, at\u00e9 petiscos e fast food.<\/p>\n<p>Possui localiza\u00e7\u00e3o privilegiada, ao lado do terminal rodovi\u00e1rio e pr\u00f3ximo ao aeroporto de Goi\u00e2nia. Al\u00e9m disso, em frente, contar\u00e1 com uma esta\u00e7\u00e3o do BRT &#8211; Corredor Norte\/Sul, que possibilitar\u00e1 que os clientes cheguem com maior conforto, comodidade e rapidez. Para quem vai de carro ou \u00f4nibus, o complexo oferece estacionamento coberto e seguro, preparado para receber centenas de ve\u00edculos de passeio e turismo, e vagas para pessoas com defici\u00eancia e idosos.<\/p>\n<h3>Hor\u00e1rio de Funcionamento Shopping Esta\u00e7\u00e3o em Goi\u00e2nia<\/h3>\n<ul>\n<li>Seg a Sex das 08h \u00e0s 19h \/ S\u00e1b das 08h \u00e0s 20h \/ Dom das 08h \u00e0s 14h<\/li>\n<\/ul>\n<h3>Endere\u00e7o e Telefone Shopping Esta\u00e7\u00e3o em Goi\u00e2nia<\/h3>\n<ul>\n<li>Av. Goi\u00e1s Norte, 2151 &#8211; Centro &#8211; Goi\u00e2nia &#8211; GO<\/li>\n<li>Telefone: (62) 3221-0844<\/li>\n<\/ul>\n<h4>Outras informa\u00e7\u00f5es e site<\/h4>\n<ul>\n<li>Mais informa\u00e7\u00f5es:\u00a0<a href=\"https:\/\/estacaodamodashopping.com.br\/index.asp\" target=\"_blank\" rel=\"noopener noreferrer\">www.estacaodamodashopping.com.br<\/a><\/li>\n<\/ul>\n<h4>Mapa de localiza\u00e7\u00e3o<\/h4>\n<a class=\"wp-colorbox-iframe\" href=\"https:\/\/www.google.com\/maps\/embed?pb=!1m14!1m8!1m3!1d15289.238545303655!2d-49.2621902!3d-16.6613819!3m2!1i1024!2i768!4f13.1!3m3!1m2!1s0x00xd2e9a7deecd7af21!2zRXN0YcOnw6NvIEdvacOibmlh!5e0!3m2!1spt-BR!2sbr!4v1532477187521\"><img decoding=\"async\" src=\"http:\/\/www.encontragoiania.com.br\/imgs\/maps-post.png\"><\/a>\n\n<div style=\"font-size: 0px; height: 0px; line-height: 0px; margin: 0; padding: 0; clear: both;\"><\/div>","protected":false},"excerpt":{"rendered":"<p>Inaugurado em novembro de 2007, o Esta\u00e7\u00e3o da Moda come\u00e7ou como Feira da Esta\u00e7\u00e3o e depois se tornou Shopping Esta\u00e7\u00e3o Goi\u00e2nia. Ao longo do tempo em que se tornou um dos maiores polos de desenvolvimento econ\u00f4mico da Regi\u00e3o da Rua 44, promoveu mudan\u00e7as sempre buscando alinhamento com as expectativas dos frequentadores, e refor\u00e7ando a import\u00e2ncia do Esta\u00e7\u00e3o da Moda no cen\u00e1rio fashion de Goi\u00e1s. S\u00e3o quase 400 lojas no Esta\u00e7\u00e3o, que abriga ainda lot\u00e9rica, casa de c\u00e2mbio, e em breve inaugura a nova unidade em Goi\u00e2nia da Faculdade Est\u00e1cio e a empresa de vistoria veicular do Detran, Sanperes. O polo <\/p>\n","protected":false},"author":1,"featured_media":0,"parent":0,"menu_order":0,"comment_status":"closed","ping_status":"closed","template":"","meta":{"footnotes":""},"class_list":["post-1610","page","type-page","status-publish","hentry"],"aioseo_notices":[],"_links":{"self":[{"href":"https:\/\/www.encontragoiania.com.br\/sobre\/wp-json\/wp\/v2\/pages\/1610","targetHints":{"allow":["GET"]}}],"collection":[{"href":"https:\/\/www.encontragoiania.com.br\/sobre\/wp-json\/wp\/v2\/pages"}],"about":[{"href":"https:\/\/www.encontragoiania.com.br\/sobre\/wp-json\/wp\/v2\/types\/page"}],"author":[{"embeddable":true,"href":"https:\/\/www.encontragoiania.com.br\/sobre\/wp-json\/wp\/v2\/users\/1"}],"replies":[{"embeddable":true,"href":"https:\/\/www.encontragoiania.com.br\/sobre\/wp-json\/wp\/v2\/comments?post=1610"}],"version-history":[{"count":0,"href":"https:\/\/www.encontragoiania.com.br\/sobre\/wp-json\/wp\/v2\/pages\/1610\/revisions"}],"wp:attachment":[{"href":"https:\/\/www.encontragoiania.com.br\/sobre\/wp-json\/wp\/v2\/media?parent=1610"}],"curies":[{"name":"wp","href":"https:\/\/api.w.org\/{rel}","templated":true}]}}