{"id":1175,"date":"2018-05-18T12:43:02","date_gmt":"2018-05-18T15:43:02","guid":{"rendered":"http:\/\/www.encontragoiania.com.br\/sobre\/?page_id=1175"},"modified":"2018-05-18T12:44:22","modified_gmt":"2018-05-18T15:44:22","slug":"juizado-da-infancia-e-da-juventude-goiania","status":"publish","type":"page","link":"https:\/\/www.encontragoiania.com.br\/sobre\/juizado-da-infancia-e-da-juventude-goiania\/","title":{"rendered":"Juizado da Inf\u00e2ncia e da Juventude Goi\u00e2nia"},"content":{"rendered":"<div class=\"196752fdcd61442359b13893514e4d90\" data-index=\"1\" style=\"float: none; margin:0px;\">\n<!-- Anuncio display - global -->\r\n<ins class=\"adsbygoogle\"\r\n     style=\"display:block\"\r\n     data-ad-client=\"ca-pub-8585364105181520\"\r\n     data-ad-slot=\"8789329856\"\r\n     data-ad-format=\"auto\"\r\n     data-full-width-responsive=\"true\"><\/ins>\r\n<script>\r\n     (adsbygoogle = window.adsbygoogle || []).push({});\r\n<\/script>\n<\/div>\n<p>Ao Juizado da Inf\u00e2ncia e da Juventude compete a presta\u00e7\u00e3o jurisdicional \u00e0 crian\u00e7a e ao adolescente e o cumprimento do Estatuto da Crian\u00e7a e do Adolescente.<\/p>\n<p>Compete, pois, ao Juiz da Inf\u00e2ncia e Juventude, processar e julgar causas previstas no Estatuto da Crian\u00e7a e do Adolescente e na legisla\u00e7\u00e3o complementar, inclusive as relativas a infra\u00e7\u00f5es penais cometidas por menores de 18 (dezoito) anos, al\u00e9m de quest\u00f5es c\u00edveis em geral, inclusive as pertinentes a registros p\u00fablicos. Veja mais informa\u00e7\u00f5es sobre o <strong>Juizado da Inf\u00e2ncia e da Juventude Goi\u00e2nia.<\/strong><\/p>\n<p><span style=\"color: #ff0000;\"><img loading=\"lazy\" decoding=\"async\" class=\"alignnone wp-image-1176 size-full\" title=\"Juizado da Inf\u00e2ncia e da Juventude Goi\u00e2nia\" src=\"http:\/\/www.encontragoiania.com.br\/sobre\/wp-content\/uploads\/2018\/05\/juizado-da-infancia-e-da-juventude-goiania.gif\" alt=\"Juizado da Inf\u00e2ncia e da Juventude Goi\u00e2nia\" width=\"680\" height=\"189\" \/><\/span><\/p>\n<h2>Juizado da Inf\u00e2ncia e da Juventude\u00a0Goi\u00e2nia\u00a0Autoriza\u00e7\u00e3o de Viagem<\/h2>\n<p>De acordo com a\u00a0resolu\u00e7\u00e3o\u00a0131\u00a0CNJ<strong>\u00a0<\/strong>(Conselho Nacional da Justi\u00e7a), as autoriza\u00e7\u00f5es de viagem ao exterior dever\u00e3o seguir as seguintes recomenda\u00e7\u00f5es:<\/p>\n<ul>\n<li>N\u00e3o \u00e9 necess\u00e1rio autoriza\u00e7\u00e3o quando a crian\u00e7a\/adolescente viajar em companhia de ambos os pais.<\/li>\n<li>Quando viajar em companhia da m\u00e3e: pai Autoriza<\/li>\n<li>Quando viajar em companhia do pai: m\u00e3e autoriza<\/li>\n<li>Quando viajar desacompanhado e\/ou em companhia de terceiros:\u00a0Pai e M\u00e3e dever\u00e3o autorizar<\/li>\n<\/ul>\n<p>Preencha o <a href=\"http:\/\/www.tjgo.jus.br\/images\/comarcas\/formulario_viagem_de_menor_ao_exterior.pdf\">formul\u00e1rio no site<\/a> e\u00a0 imprima duas.<\/p>\n<h3>Hor\u00e1rio de Funcionamento\u00a0Juizado da Inf\u00e2ncia e da Juventude em Goi\u00e2nia<\/h3>\n<ul>\n<li>Segunda a Sexta das 08h \u00e0s 18h<\/li>\n<\/ul>\n<h3>Endere\u00e7o e Telefone\u00a0Juizado da Inf\u00e2ncia e da Juventude\u00a0em Goi\u00e2nia<\/h3>\n<ul>\n<li>R. T-30, 669 &#8211; St. Bueno &#8211; Goi\u00e2nia &#8211; GO<\/li>\n<li>Telefone: (62) 3236-2700<\/li>\n<\/ul>\n<h4>Outras informa\u00e7\u00f5es e site<\/h4>\n<ul>\n<li>Mais informa\u00e7\u00f5es:\u00a0<a href=\"http:\/\/www.tjgo.jus.br\/index.php\/comarcas\/jij\/jij-de-goiania\" target=\"_blank\" rel=\"noopener noreferrer\">www.tjgo.jus.br<\/a><\/li>\n<\/ul>\n<h4>Mapa de localiza\u00e7\u00e3o<\/h4>\n<a class=\"wp-colorbox-iframe\" href=\"https:\/\/www.google.com\/maps\/embed?pb=!1m14!1m8!1m3!1d15286.72873968729!2d-49.281692!3d-16.6927799!3m2!1i1024!2i768!4f13.1!3m3!1m2!1s0x00xe2fb9be680611669!2sJuizado+da+Infncia+e+da+Juventude+da+Comarca+de+Goinia!5e0!3m2!1spt-BR!2sbr!4v1526658008813\"><img decoding=\"async\" src=\"http:\/\/www.encontragoiania.com.br\/imgs\/maps-post.png\"><\/a>\n\n<div style=\"font-size: 0px; height: 0px; line-height: 0px; margin: 0; padding: 0; clear: both;\"><\/div>","protected":false},"excerpt":{"rendered":"<p>Ao Juizado da Inf\u00e2ncia e da Juventude compete a presta\u00e7\u00e3o jurisdicional \u00e0 crian\u00e7a e ao adolescente e o cumprimento do Estatuto da Crian\u00e7a e do Adolescente. Compete, pois, ao Juiz da Inf\u00e2ncia e Juventude, processar e julgar causas previstas no Estatuto da Crian\u00e7a e do Adolescente e na legisla\u00e7\u00e3o complementar, inclusive as relativas a infra\u00e7\u00f5es penais cometidas por menores de 18 (dezoito) anos, al\u00e9m de quest\u00f5es c\u00edveis em geral, inclusive as pertinentes a registros p\u00fablicos. Veja mais informa\u00e7\u00f5es sobre o Juizado da Inf\u00e2ncia e da Juventude Goi\u00e2nia. Juizado da Inf\u00e2ncia e da Juventude\u00a0Goi\u00e2nia\u00a0Autoriza\u00e7\u00e3o de Viagem De acordo com a\u00a0resolu\u00e7\u00e3o\u00a0131\u00a0CNJ\u00a0(Conselho Nacional <\/p>\n","protected":false},"author":1,"featured_media":0,"parent":0,"menu_order":0,"comment_status":"closed","ping_status":"closed","template":"","meta":{"footnotes":""},"class_list":["post-1175","page","type-page","status-publish","hentry"],"aioseo_notices":[],"_links":{"self":[{"href":"https:\/\/www.encontragoiania.com.br\/sobre\/wp-json\/wp\/v2\/pages\/1175","targetHints":{"allow":["GET"]}}],"collection":[{"href":"https:\/\/www.encontragoiania.com.br\/sobre\/wp-json\/wp\/v2\/pages"}],"about":[{"href":"https:\/\/www.encontragoiania.com.br\/sobre\/wp-json\/wp\/v2\/types\/page"}],"author":[{"embeddable":true,"href":"https:\/\/www.encontragoiania.com.br\/sobre\/wp-json\/wp\/v2\/users\/1"}],"replies":[{"embeddable":true,"href":"https:\/\/www.encontragoiania.com.br\/sobre\/wp-json\/wp\/v2\/comments?post=1175"}],"version-history":[{"count":0,"href":"https:\/\/www.encontragoiania.com.br\/sobre\/wp-json\/wp\/v2\/pages\/1175\/revisions"}],"wp:attachment":[{"href":"https:\/\/www.encontragoiania.com.br\/sobre\/wp-json\/wp\/v2\/media?parent=1175"}],"curies":[{"name":"wp","href":"https:\/\/api.w.org\/{rel}","templated":true}]}}