{"id":1065,"date":"2018-04-27T06:43:59","date_gmt":"2018-04-27T09:43:59","guid":{"rendered":"http:\/\/www.encontragoiania.com.br\/sobre\/?page_id=1065"},"modified":"2018-04-27T06:46:33","modified_gmt":"2018-04-27T09:46:33","slug":"credeq-goiania","status":"publish","type":"page","link":"https:\/\/www.encontragoiania.com.br\/sobre\/credeq-goiania\/","title":{"rendered":"Credeq Goi\u00e2nia"},"content":{"rendered":"<div class=\"196752fdcd61442359b13893514e4d90\" data-index=\"1\" style=\"float: none; margin:0px;\">\n<!-- Anuncio display - global -->\r\n<ins class=\"adsbygoogle\"\r\n     style=\"display:block\"\r\n     data-ad-client=\"ca-pub-8585364105181520\"\r\n     data-ad-slot=\"8789329856\"\r\n     data-ad-format=\"auto\"\r\n     data-full-width-responsive=\"true\"><\/ins>\r\n<script>\r\n     (adsbygoogle = window.adsbygoogle || []).push({});\r\n<\/script>\n<\/div>\n<p>O CREDEQ (Centro de Refer\u00eancia e Excel\u00eancia em Depend\u00eancia Qu\u00edmica) \u00e9 o servi\u00e7o de refer\u00eancia na aten\u00e7\u00e3o de usu\u00e1rios gravemente comprometidos pelo uso de drogas no Estado de Goi\u00e1s. Tendo surgido como uma proposta para complementar a rede de aten\u00e7\u00e3o psicossocial atrav\u00e9s de um atendimento altamente especializado, diferenciado quanto ao seu programa terap\u00eautico e efetivo na aten\u00e7\u00e3o \u00e0 sa\u00fade dessa popula\u00e7\u00e3o. O <strong>CREDEQ\u00a0Goi\u00e2nia<\/strong> atuar\u00e1 de forma integrada aos demais dispositivos de atendimento a pessoas com necessidades decorrentes do uso de crack, \u00e1lcool ou outras drogas, constituindo-se num espa\u00e7o terap\u00eautico destinado essencialmente aos casos graves e de maior complexidade.<\/p>\n<p><img loading=\"lazy\" decoding=\"async\" class=\"alignnone wp-image-1066 size-full\" title=\"Credeq Goi\u00e2nia\" src=\"http:\/\/www.encontragoiania.com.br\/sobre\/wp-content\/uploads\/2018\/04\/credeq-goiania.gif\" alt=\"Credeq Goi\u00e2nia\" width=\"680\" height=\"189\" \/><\/p>\n<p>Al\u00e9m das a\u00e7\u00f5es de assist\u00eancia aos usu\u00e1rios e suas fam\u00edlias, ser\u00e1 realizado atividades de qualifica\u00e7\u00e3o para profissionais de sa\u00fade e pesquisa sobre a tem\u00e1tica de depend\u00eancia qu\u00edmica.\u00a0O atendimento ser\u00e1 integralmente pelo SUS \u00e0 crian\u00e7as, adolescentes, adultos e idosos referenciados pelas Secretarias Municipais de Sa\u00fade atrav\u00e9s do sistema estadual de regula\u00e7\u00e3o.<\/p>\n<p>O programa terap\u00eautico proposto contempla interven\u00e7\u00f5es em n\u00edvel ambulatorial, interna\u00e7\u00e3o em leitos de sa\u00fade mental (desintoxica\u00e7\u00e3o e tratamento da abstin\u00eancia f\u00edsica) e leitos de acolhimento em modelo residencial (reabilita\u00e7\u00e3o psicossocial). Ser\u00e1 realizado atrav\u00e9s de uma abordagem multiprofissional com a participa\u00e7\u00e3o de m\u00e9dicos (psiquiatras, pediatras e cl\u00ednicos gerais), enfermeiros, psic\u00f3logos, assistentes sociais, terapeutas ocupacionais, educador f\u00edsico, pedagogo, nutricionista, farmac\u00eautico, bibliotec\u00e1rio e musicoterapeuta.<\/p>\n<h3>Vagas\u00a0Credeq Goi\u00e2nia &#8211; Trabalhe Conosco<\/h3>\n<p>Se voc\u00ea tem paix\u00e3o pelo que faz e garra para alcan\u00e7ar seus objetivos, junte-se ao time da Credeq Goi\u00e2nia.\u00a0 Para alcan\u00e7ar seu objetivo de neg\u00f3cios, a empresa procura os <em>melhores talentos e profissionais<\/em> que queiram crescer continuamente com a empresa. Voc\u00ea se encaixa neste perfil? Acesse o site da empresa e envie o seu curr\u00edculo.<\/p>\n<h3>Hor\u00e1rio de Funcionamento\u00a0Credeq em Goi\u00e2nia<\/h3>\n<ul>\n<li>Segunda a Sexta das 07h \u00e0s 19h \/ S\u00e1bado das 07h \u00e0s 14h<\/li>\n<\/ul>\n<h3>Endere\u00e7o e Telefone\u00a0Credeq em Goi\u00e2nia<\/h3>\n<ul>\n<li>Tanner de Melo, S\/N &#8211; quadra gleba 02, lote parte 02 &#8211; Fazenda Santo Ant\u00f4nio &#8211; Aparecida de Goi\u00e2nia &#8211; GO<\/li>\n<li>Telefone: (62) 3952-5500<\/li>\n<\/ul>\n<h4>Outras informa\u00e7\u00f5es e site<\/h4>\n<ul>\n<li>Mais informa\u00e7\u00f5es:\u00a0<a href=\"http:\/\/credeq-go.org.br\/\" target=\"_blank\" rel=\"noopener noreferrer\">www.credeq-go.org.br<\/a><\/li>\n<\/ul>\n<h4>Mapa de localiza\u00e7\u00e3o<\/h4>\n<a class=\"wp-colorbox-iframe\" href=\"https:\/\/www.google.com\/maps\/embed?pb=!1m14!1m8!1m3!1d15276.716190446117!2d-49.1934699!3d-16.8174714!3m2!1i1024!2i768!4f13.1!3m3!1m2!1s0x00xba4a62aad732c8a5!2sCREDEQ+-+Prof.+Jamil+Issy!5e0!3m2!1spt-BR!2sbr!4v1524822062752\"><img decoding=\"async\" src=\"http:\/\/www.encontragoiania.com.br\/imgs\/maps-post.png\"><\/a>\n\n<div style=\"font-size: 0px; height: 0px; line-height: 0px; margin: 0; padding: 0; clear: both;\"><\/div>","protected":false},"excerpt":{"rendered":"<p>O CREDEQ (Centro de Refer\u00eancia e Excel\u00eancia em Depend\u00eancia Qu\u00edmica) \u00e9 o servi\u00e7o de refer\u00eancia na aten\u00e7\u00e3o de usu\u00e1rios gravemente comprometidos pelo uso de drogas no Estado de Goi\u00e1s. Tendo surgido como uma proposta para complementar a rede de aten\u00e7\u00e3o psicossocial atrav\u00e9s de um atendimento altamente especializado, diferenciado quanto ao seu programa terap\u00eautico e efetivo na aten\u00e7\u00e3o \u00e0 sa\u00fade dessa popula\u00e7\u00e3o. O CREDEQ\u00a0Goi\u00e2nia atuar\u00e1 de forma integrada aos demais dispositivos de atendimento a pessoas com necessidades decorrentes do uso de crack, \u00e1lcool ou outras drogas, constituindo-se num espa\u00e7o terap\u00eautico destinado essencialmente aos casos graves e de maior complexidade. Al\u00e9m das <\/p>\n","protected":false},"author":1,"featured_media":0,"parent":0,"menu_order":0,"comment_status":"closed","ping_status":"closed","template":"","meta":{"footnotes":""},"class_list":["post-1065","page","type-page","status-publish","hentry"],"aioseo_notices":[],"_links":{"self":[{"href":"https:\/\/www.encontragoiania.com.br\/sobre\/wp-json\/wp\/v2\/pages\/1065","targetHints":{"allow":["GET"]}}],"collection":[{"href":"https:\/\/www.encontragoiania.com.br\/sobre\/wp-json\/wp\/v2\/pages"}],"about":[{"href":"https:\/\/www.encontragoiania.com.br\/sobre\/wp-json\/wp\/v2\/types\/page"}],"author":[{"embeddable":true,"href":"https:\/\/www.encontragoiania.com.br\/sobre\/wp-json\/wp\/v2\/users\/1"}],"replies":[{"embeddable":true,"href":"https:\/\/www.encontragoiania.com.br\/sobre\/wp-json\/wp\/v2\/comments?post=1065"}],"version-history":[{"count":0,"href":"https:\/\/www.encontragoiania.com.br\/sobre\/wp-json\/wp\/v2\/pages\/1065\/revisions"}],"wp:attachment":[{"href":"https:\/\/www.encontragoiania.com.br\/sobre\/wp-json\/wp\/v2\/media?parent=1065"}],"curies":[{"name":"wp","href":"https:\/\/api.w.org\/{rel}","templated":true}]}}